{"id":719,"date":"2017-06-02T17:49:10","date_gmt":"2017-06-02T17:49:10","guid":{"rendered":"http:\/\/www.latilloleboienne.fr\/wordpress\/?page_id=719"},"modified":"2026-01-17T12:11:32","modified_gmt":"2026-01-17T10:11:32","slug":"accueil","status":"publish","type":"page","link":"https:\/\/www.latilloleboienne.fr\/wordpress\/","title":{"rendered":"Rejoignez-nous !"},"content":{"rendered":"<p>Bienvenu sur le site de l&rsquo;association <strong>La Tillole Bo\u00efenne<\/strong>.<\/p>\n<p>Un groupe d&rsquo;irr\u00e9ductibles Bo\u00efens a fond\u00e9 l&rsquo;association en 2009. Son but est de <strong>pr\u00e9server le patrimoine maritime<\/strong> par la pratique de la navigation \u00e0 voile sur les bateaux traditionnels du bassin d&rsquo;Arcachon. En effet, nous participons activement aux <strong>rassemblements nautiques et aux r\u00e9gates<\/strong>, sous les couleurs de Biganos.<\/p>\n<p>Nous avons en charge l&rsquo;entretien de la pinasse de la ville de Biganos \u00ab <strong>La Bo\u00efenne<\/strong> \u00bb. La saison venue, nous avons la chance de d\u00e9fendre les couleurs de la commune lors des <strong>r\u00e9gates estivales<\/strong>.<\/p>\n<p>Pon\u00e7age, grattage, peinture et travail du bois vous int\u00e9resse au moins autant que la pratique de la voile; venez alors participez \u00e0 la recherche de pratiques ancestrales. <strong>Rejoignez nous\u00a0autour de ce projet authentique<\/strong>, vecteur de p\u00e9rennit\u00e9 des traditions nautiques du bassin d\u2019Arcachon. Bienvenue dans cette aventure, m\u00e9lange de sport, de bricolage et de <strong>convivialit\u00e9<\/strong>, ma\u00eetre mot chez les Pinasseyres.<\/p>\n<p>Pour vous donnez l&rsquo;envie de nous rejoindre regardez un entrainement avec nos amis Pinasseyres Audengeois couvert par la chaine NoA.<\/p>\n\n\n<figure class=\"wp-block-video\"><video height=\"720\" style=\"aspect-ratio: 1280 \/ 720;\" width=\"1280\" controls src=\"https:\/\/www.latilloleboienne.fr\/wordpress\/wp-content\/uploads\/2025\/06\/10000000_384972517122376_3288116318776393550_n.mp4\"><\/video><\/figure>\n","protected":false},"excerpt":{"rendered":"<p>Bienvenu sur le site de l&rsquo;association La Tillole Bo\u00efenne. Un groupe d&rsquo;irr\u00e9ductibles Bo\u00efens a fond\u00e9 l&rsquo;association en 2009. Son but est de pr\u00e9server le patrimoine maritime par la pratique de la navigation \u00e0 voile sur les bateaux traditionnels du bassin &hellip; <a href=\"https:\/\/www.latilloleboienne.fr\/wordpress\/\">Continuer la lecture <span class=\"meta-nav\">&rarr;<\/span><\/a><\/p>\n","protected":false},"author":1,"featured_media":0,"parent":0,"menu_order":0,"comment_status":"closed","ping_status":"closed","template":"","meta":{"footnotes":""},"class_list":["post-719","page","type-page","status-publish","hentry"],"yoast_head":"<!-- This site is optimized with the Yoast SEO plugin v27.4 - https:\/\/yoast.com\/product\/yoast-seo-wordpress\/ -->\n<title>Rejoignez-nous ! - La Tillole Bo\u00efenne<\/title>\n<meta name=\"description\" content=\"Rejoignez notre association pour pr\u00e9server notre patrimoine maritime \u00e0 travers l&#039;entretien de la pinasse, les r\u00e9gates estivales et des navigations conviviales.\" \/>\n<meta name=\"robots\" content=\"index, follow, max-snippet:-1, max-image-preview:large, max-video-preview:-1\" \/>\n<link rel=\"canonical\" href=\"https:\/\/www.latilloleboienne.fr\/wordpress\/\" \/>\n<meta property=\"og:locale\" content=\"fr_FR\" \/>\n<meta property=\"og:type\" content=\"article\" \/>\n<meta property=\"og:title\" content=\"Rejoignez-nous ! - La Tillole Bo\u00efenne\" \/>\n<meta property=\"og:description\" content=\"Rejoignez notre association pour pr\u00e9server notre patrimoine maritime \u00e0 travers l&#039;entretien de la pinasse, les r\u00e9gates estivales et des navigations conviviales.\" \/>\n<meta property=\"og:url\" content=\"https:\/\/www.latilloleboienne.fr\/wordpress\/\" \/>\n<meta property=\"og:site_name\" content=\"La Tillole Bo\u00efenne\" \/>\n<meta property=\"article:modified_time\" content=\"2026-01-17T10:11:32+00:00\" \/>\n<meta name=\"twitter:card\" content=\"summary_large_image\" \/>\n<meta name=\"twitter:label1\" content=\"Dur\u00e9e de lecture estim\u00e9e\" \/>\n\t<meta name=\"twitter:data1\" content=\"1 minute\" \/>\n<script type=\"application\/ld+json\" class=\"yoast-schema-graph\">{\"@context\":\"https:\\\/\\\/schema.org\",\"@graph\":[{\"@type\":\"WebPage\",\"@id\":\"https:\\\/\\\/www.latilloleboienne.fr\\\/wordpress\\\/\",\"url\":\"https:\\\/\\\/www.latilloleboienne.fr\\\/wordpress\\\/\",\"name\":\"Rejoignez-nous ! - La Tillole Bo\u00efenne\",\"isPartOf\":{\"@id\":\"https:\\\/\\\/www.latilloleboienne.fr\\\/wordpress\\\/#website\"},\"datePublished\":\"2017-06-02T17:49:10+00:00\",\"dateModified\":\"2026-01-17T10:11:32+00:00\",\"description\":\"Rejoignez notre association pour pr\u00e9server notre patrimoine maritime \u00e0 travers l'entretien de la pinasse, les r\u00e9gates estivales et des navigations conviviales.\",\"breadcrumb\":{\"@id\":\"https:\\\/\\\/www.latilloleboienne.fr\\\/wordpress\\\/#breadcrumb\"},\"inLanguage\":\"fr-FR\",\"potentialAction\":[{\"@type\":\"ReadAction\",\"target\":[\"https:\\\/\\\/www.latilloleboienne.fr\\\/wordpress\\\/\"]}]},{\"@type\":\"BreadcrumbList\",\"@id\":\"https:\\\/\\\/www.latilloleboienne.fr\\\/wordpress\\\/#breadcrumb\",\"itemListElement\":[{\"@type\":\"ListItem\",\"position\":1,\"name\":\"Accueil\",\"item\":\"https:\\\/\\\/www.latilloleboienne.fr\\\/wordpress\\\/\"},{\"@type\":\"ListItem\",\"position\":2,\"name\":\"Rejoignez-nous !\"}]},{\"@type\":\"WebSite\",\"@id\":\"https:\\\/\\\/www.latilloleboienne.fr\\\/wordpress\\\/#website\",\"url\":\"https:\\\/\\\/www.latilloleboienne.fr\\\/wordpress\\\/\",\"name\":\"La Tillole Bo\u00efenne\",\"description\":\"La tradition nautique du Bassin d&#039;Arcachon\",\"publisher\":{\"@id\":\"https:\\\/\\\/www.latilloleboienne.fr\\\/wordpress\\\/#organization\"},\"potentialAction\":[{\"@type\":\"SearchAction\",\"target\":{\"@type\":\"EntryPoint\",\"urlTemplate\":\"https:\\\/\\\/www.latilloleboienne.fr\\\/wordpress\\\/?s={search_term_string}\"},\"query-input\":{\"@type\":\"PropertyValueSpecification\",\"valueRequired\":true,\"valueName\":\"search_term_string\"}}],\"inLanguage\":\"fr-FR\"},{\"@type\":\"Organization\",\"@id\":\"https:\\\/\\\/www.latilloleboienne.fr\\\/wordpress\\\/#organization\",\"name\":\"Association La Tillole Bo\u00efenne\",\"url\":\"https:\\\/\\\/www.latilloleboienne.fr\\\/wordpress\\\/\",\"logo\":{\"@type\":\"ImageObject\",\"inLanguage\":\"fr-FR\",\"@id\":\"https:\\\/\\\/www.latilloleboienne.fr\\\/wordpress\\\/#\\\/schema\\\/logo\\\/image\\\/\",\"url\":\"https:\\\/\\\/www.latilloleboienne.fr\\\/wordpress\\\/wp-content\\\/uploads\\\/2022\\\/05\\\/Logo-Rond-La-Tillole-Boienne.png\",\"contentUrl\":\"https:\\\/\\\/www.latilloleboienne.fr\\\/wordpress\\\/wp-content\\\/uploads\\\/2022\\\/05\\\/Logo-Rond-La-Tillole-Boienne.png\",\"width\":162,\"height\":160,\"caption\":\"Association La Tillole Bo\u00efenne\"},\"image\":{\"@id\":\"https:\\\/\\\/www.latilloleboienne.fr\\\/wordpress\\\/#\\\/schema\\\/logo\\\/image\\\/\"}}]}<\/script>\n<!-- \/ Yoast SEO plugin. -->","yoast_head_json":{"title":"Rejoignez-nous ! - La Tillole Bo\u00efenne","description":"Rejoignez notre association pour pr\u00e9server notre patrimoine maritime \u00e0 travers l'entretien de la pinasse, les r\u00e9gates estivales et des navigations conviviales.","robots":{"index":"index","follow":"follow","max-snippet":"max-snippet:-1","max-image-preview":"max-image-preview:large","max-video-preview":"max-video-preview:-1"},"canonical":"https:\/\/www.latilloleboienne.fr\/wordpress\/","og_locale":"fr_FR","og_type":"article","og_title":"Rejoignez-nous ! - La Tillole Bo\u00efenne","og_description":"Rejoignez notre association pour pr\u00e9server notre patrimoine maritime \u00e0 travers l'entretien de la pinasse, les r\u00e9gates estivales et des navigations conviviales.","og_url":"https:\/\/www.latilloleboienne.fr\/wordpress\/","og_site_name":"La Tillole Bo\u00efenne","article_modified_time":"2026-01-17T10:11:32+00:00","twitter_card":"summary_large_image","twitter_misc":{"Dur\u00e9e de lecture estim\u00e9e":"1 minute"},"schema":{"@context":"https:\/\/schema.org","@graph":[{"@type":"WebPage","@id":"https:\/\/www.latilloleboienne.fr\/wordpress\/","url":"https:\/\/www.latilloleboienne.fr\/wordpress\/","name":"Rejoignez-nous ! - La Tillole Bo\u00efenne","isPartOf":{"@id":"https:\/\/www.latilloleboienne.fr\/wordpress\/#website"},"datePublished":"2017-06-02T17:49:10+00:00","dateModified":"2026-01-17T10:11:32+00:00","description":"Rejoignez notre association pour pr\u00e9server notre patrimoine maritime \u00e0 travers l'entretien de la pinasse, les r\u00e9gates estivales et des navigations conviviales.","breadcrumb":{"@id":"https:\/\/www.latilloleboienne.fr\/wordpress\/#breadcrumb"},"inLanguage":"fr-FR","potentialAction":[{"@type":"ReadAction","target":["https:\/\/www.latilloleboienne.fr\/wordpress\/"]}]},{"@type":"BreadcrumbList","@id":"https:\/\/www.latilloleboienne.fr\/wordpress\/#breadcrumb","itemListElement":[{"@type":"ListItem","position":1,"name":"Accueil","item":"https:\/\/www.latilloleboienne.fr\/wordpress\/"},{"@type":"ListItem","position":2,"name":"Rejoignez-nous !"}]},{"@type":"WebSite","@id":"https:\/\/www.latilloleboienne.fr\/wordpress\/#website","url":"https:\/\/www.latilloleboienne.fr\/wordpress\/","name":"La Tillole Bo\u00efenne","description":"La tradition nautique du Bassin d&#039;Arcachon","publisher":{"@id":"https:\/\/www.latilloleboienne.fr\/wordpress\/#organization"},"potentialAction":[{"@type":"SearchAction","target":{"@type":"EntryPoint","urlTemplate":"https:\/\/www.latilloleboienne.fr\/wordpress\/?s={search_term_string}"},"query-input":{"@type":"PropertyValueSpecification","valueRequired":true,"valueName":"search_term_string"}}],"inLanguage":"fr-FR"},{"@type":"Organization","@id":"https:\/\/www.latilloleboienne.fr\/wordpress\/#organization","name":"Association La Tillole Bo\u00efenne","url":"https:\/\/www.latilloleboienne.fr\/wordpress\/","logo":{"@type":"ImageObject","inLanguage":"fr-FR","@id":"https:\/\/www.latilloleboienne.fr\/wordpress\/#\/schema\/logo\/image\/","url":"https:\/\/www.latilloleboienne.fr\/wordpress\/wp-content\/uploads\/2022\/05\/Logo-Rond-La-Tillole-Boienne.png","contentUrl":"https:\/\/www.latilloleboienne.fr\/wordpress\/wp-content\/uploads\/2022\/05\/Logo-Rond-La-Tillole-Boienne.png","width":162,"height":160,"caption":"Association La Tillole Bo\u00efenne"},"image":{"@id":"https:\/\/www.latilloleboienne.fr\/wordpress\/#\/schema\/logo\/image\/"}}]}},"_links":{"self":[{"href":"https:\/\/www.latilloleboienne.fr\/wordpress\/wp-json\/wp\/v2\/pages\/719","targetHints":{"allow":["GET"]}}],"collection":[{"href":"https:\/\/www.latilloleboienne.fr\/wordpress\/wp-json\/wp\/v2\/pages"}],"about":[{"href":"https:\/\/www.latilloleboienne.fr\/wordpress\/wp-json\/wp\/v2\/types\/page"}],"author":[{"embeddable":true,"href":"https:\/\/www.latilloleboienne.fr\/wordpress\/wp-json\/wp\/v2\/users\/1"}],"replies":[{"embeddable":true,"href":"https:\/\/www.latilloleboienne.fr\/wordpress\/wp-json\/wp\/v2\/comments?post=719"}],"version-history":[{"count":20,"href":"https:\/\/www.latilloleboienne.fr\/wordpress\/wp-json\/wp\/v2\/pages\/719\/revisions"}],"predecessor-version":[{"id":5458,"href":"https:\/\/www.latilloleboienne.fr\/wordpress\/wp-json\/wp\/v2\/pages\/719\/revisions\/5458"}],"wp:attachment":[{"href":"https:\/\/www.latilloleboienne.fr\/wordpress\/wp-json\/wp\/v2\/media?parent=719"}],"curies":[{"name":"wp","href":"https:\/\/api.w.org\/{rel}","templated":true}]}}