{"id":5407,"date":"2025-09-09T17:18:03","date_gmt":"2025-09-09T15:18:03","guid":{"rendered":"https:\/\/www.latilloleboienne.fr\/wordpress\/?page_id=5407"},"modified":"2025-09-09T17:18:03","modified_gmt":"2025-09-09T15:18:03","slug":"plan-du-site","status":"publish","type":"page","link":"https:\/\/www.latilloleboienne.fr\/wordpress\/plan-du-site\/","title":{"rendered":"Plan du site"},"content":{"rendered":"\n<p><strong><div id=\"wp-realtime-sitemap-menu\"><h3>Menu<\/h3><ul><li id=\"menu-item-2603\" class=\"menu-item menu-item-type-post_type menu-item-object-page menu-item-home menu-item-2603\"><a href=\"https:\/\/www.latilloleboienne.fr\/wordpress\/\">Rejoignez-nous !<\/a><\/li>\n<li id=\"menu-item-5038\" class=\"menu-item menu-item-type-post_type menu-item-object-page menu-item-has-children menu-item-5038\"><a href=\"https:\/\/www.latilloleboienne.fr\/wordpress\/actualite-2025\/\">Actualit\u00e9s<\/a>\n<ul class=\"sub-menu\">\n\t<li id=\"menu-item-5020\" class=\"menu-item menu-item-type-post_type menu-item-object-page menu-item-5020\"><a href=\"https:\/\/www.latilloleboienne.fr\/wordpress\/a-la-une\/\">\u00c0 la une<\/a><\/li>\n<\/ul>\n<\/li>\n<li id=\"menu-item-2837\" class=\"menu-item menu-item-type-post_type menu-item-object-page menu-item-has-children menu-item-2837\"><a href=\"https:\/\/www.latilloleboienne.fr\/wordpress\/association\/\">L\u2019association<\/a>\n<ul class=\"sub-menu\">\n\t<li id=\"menu-item-2607\" class=\"menu-item menu-item-type-post_type menu-item-object-page menu-item-2607\"><a href=\"https:\/\/www.latilloleboienne.fr\/wordpress\/association\/fonctionnement\/\">Fonctionnement<\/a><\/li>\n\t<li id=\"menu-item-2605\" class=\"menu-item menu-item-type-post_type menu-item-object-page menu-item-2605\"><a href=\"https:\/\/www.latilloleboienne.fr\/wordpress\/association\/le-conseil-dadministration\/\">Conseil d\u2019administration<\/a><\/li>\n\t<li id=\"menu-item-2606\" class=\"menu-item menu-item-type-post_type menu-item-object-page menu-item-2606\"><a href=\"https:\/\/www.latilloleboienne.fr\/wordpress\/association\/les-commissions\/\">Commissions<\/a><\/li>\n\t<li id=\"menu-item-2649\" class=\"menu-item menu-item-type-post_type menu-item-object-page menu-item-2649\"><a href=\"https:\/\/www.latilloleboienne.fr\/wordpress\/association\/partenaires\/\">Partenaires<\/a><\/li>\n<\/ul>\n<\/li>\n<li id=\"menu-item-2608\" class=\"menu-item menu-item-type-post_type menu-item-object-page menu-item-has-children menu-item-2608\"><a href=\"https:\/\/www.latilloleboienne.fr\/wordpress\/notre-histoire\/\">Notre histoire<\/a>\n<ul class=\"sub-menu\">\n\t<li id=\"menu-item-4969\" class=\"menu-item menu-item-type-post_type menu-item-object-page menu-item-4969\"><a href=\"https:\/\/www.latilloleboienne.fr\/wordpress\/la-boienne-fete-ses-20-ans-lors-de-la-regate-de-biganos-2025\/\">La Bo\u00efenne f\u00eate ses 20 ans.<\/a><\/li>\n\t<li id=\"menu-item-2609\" class=\"menu-item menu-item-type-post_type menu-item-object-page menu-item-2609\"><a href=\"https:\/\/www.latilloleboienne.fr\/wordpress\/notre-histoire\/historique-des-pinasses-a-voile\/\">Historique pinasses \u00e0 voile<\/a><\/li>\n\t<li id=\"menu-item-2613\" class=\"menu-item menu-item-type-post_type menu-item-object-page menu-item-2613\"><a href=\"https:\/\/www.latilloleboienne.fr\/wordpress\/notre-histoire\/construction\/\">Construction de la Bo\u00efenne<\/a><\/li>\n\t<li id=\"menu-item-3514\" class=\"menu-item menu-item-type-post_type menu-item-object-page menu-item-3514\"><a href=\"https:\/\/www.latilloleboienne.fr\/wordpress\/plan-de-la-boienne\/\">Plan de La Bo\u00efenne<\/a><\/li>\n\t<li id=\"menu-item-2612\" class=\"menu-item menu-item-type-post_type menu-item-object-page menu-item-2612\"><a href=\"https:\/\/www.latilloleboienne.fr\/wordpress\/notre-histoire\/hommage-a-pierre\/\">Hommage \u00e0 Pierre<\/a><\/li>\n<\/ul>\n<\/li>\n<li id=\"menu-item-2614\" class=\"menu-item menu-item-type-post_type menu-item-object-page menu-item-has-children menu-item-2614\"><a href=\"https:\/\/www.latilloleboienne.fr\/wordpress\/regates\/\">R\u00e9gates<\/a>\n<ul class=\"sub-menu\">\n\t<li id=\"menu-item-3502\" class=\"menu-item menu-item-type-post_type menu-item-object-page menu-item-3502\"><a href=\"https:\/\/www.latilloleboienne.fr\/wordpress\/regles-de-courses\/\">R\u00e8gles de courses<\/a><\/li>\n\t<li id=\"menu-item-2617\" class=\"menu-item menu-item-type-post_type menu-item-object-page menu-item-2617\"><a href=\"https:\/\/www.latilloleboienne.fr\/wordpress\/regates\/la-jauge\/\">La Jauge<\/a><\/li>\n\t<li id=\"menu-item-2615\" class=\"menu-item menu-item-type-post_type menu-item-object-page menu-item-2615\"><a href=\"https:\/\/www.latilloleboienne.fr\/wordpress\/regates\/calendrier-regates-pinasses-a-voile-saison\/\">Calendrier des R\u00e9gates<\/a><\/li>\n\t<li id=\"menu-item-2616\" class=\"menu-item menu-item-type-post_type menu-item-object-page menu-item-2616\"><a href=\"https:\/\/www.latilloleboienne.fr\/wordpress\/regates\/les-resultats\/\">Les R\u00e9sultats<\/a><\/li>\n<\/ul>\n<\/li>\n<li id=\"menu-item-2648\" class=\"menu-item menu-item-type-post_type menu-item-object-page menu-item-has-children menu-item-2648\"><a href=\"https:\/\/www.latilloleboienne.fr\/wordpress\/activites\/\">Activit\u00e9s<\/a>\n<ul class=\"sub-menu\">\n\t<li id=\"menu-item-3360\" class=\"menu-item menu-item-type-post_type menu-item-object-page menu-item-3360\"><a href=\"https:\/\/www.latilloleboienne.fr\/wordpress\/calendrier-des-marees\/\">Mar\u00e9es<\/a><\/li>\n\t<li id=\"menu-item-2647\" class=\"menu-item menu-item-type-post_type menu-item-object-page menu-item-2647\"><a href=\"https:\/\/www.latilloleboienne.fr\/wordpress\/activites\/videos\/\">Vid\u00e9os<\/a><\/li>\n\t<li id=\"menu-item-2618\" class=\"menu-item menu-item-type-post_type menu-item-object-page menu-item-has-children menu-item-2618\"><a href=\"https:\/\/www.latilloleboienne.fr\/wordpress\/activites\/photos\/\">Photos<\/a>\n\t<ul class=\"sub-menu\">\n\t\t<li id=\"menu-item-5503\" class=\"menu-item menu-item-type-post_type menu-item-object-page menu-item-5503\"><a href=\"https:\/\/www.latilloleboienne.fr\/wordpress\/2026-2\/\">2026<\/a><\/li>\n\t\t<li id=\"menu-item-3434\" class=\"menu-item menu-item-type-post_type menu-item-object-page menu-item-has-children menu-item-3434\"><a href=\"https:\/\/www.latilloleboienne.fr\/wordpress\/activites\/photos\/2025-2\/\">2025<\/a>\n\t\t<ul class=\"sub-menu\">\n\t\t\t<li id=\"menu-item-3718\" class=\"menu-item menu-item-type-post_type menu-item-object-page menu-item-3718\"><a href=\"https:\/\/www.latilloleboienne.fr\/wordpress\/semaine-du-golfe-2025\/\">Semaine du Golfe 2025<\/a><\/li>\n\t\t\t<li id=\"menu-item-4827\" class=\"menu-item menu-item-type-post_type menu-item-object-page menu-item-4827\"><a href=\"https:\/\/www.latilloleboienne.fr\/wordpress\/regate-daudenge-14-juin-2025\/\">R\u00e9gate d\u2019Audenge 14 Juin 2025<\/a><\/li>\n\t\t\t<li id=\"menu-item-4898\" class=\"menu-item menu-item-type-post_type menu-item-object-page menu-item-4898\"><a href=\"https:\/\/www.latilloleboienne.fr\/wordpress\/sortie-cap33-du-11-juillet-2025\/\">Sortie CAP33 du 11 Juillet 2025<\/a><\/li>\n\t\t\t<li id=\"menu-item-5339\" class=\"menu-item menu-item-type-post_type menu-item-object-page menu-item-5339\"><a href=\"https:\/\/www.latilloleboienne.fr\/wordpress\/sortie-partenaires\/\">Sortie partenaires<\/a><\/li>\n\t\t<\/ul>\n<\/li>\n\t\t<li id=\"menu-item-3435\" class=\"menu-item menu-item-type-post_type menu-item-object-page menu-item-3435\"><a href=\"https:\/\/www.latilloleboienne.fr\/wordpress\/activites\/photos\/2024-2\/\">2024<\/a><\/li>\n\t\t<li id=\"menu-item-3436\" class=\"menu-item menu-item-type-post_type menu-item-object-page menu-item-3436\"><a href=\"https:\/\/www.latilloleboienne.fr\/wordpress\/activites\/photos\/2023-2\/\">2023<\/a><\/li>\n\t\t<li id=\"menu-item-2691\" class=\"menu-item menu-item-type-post_type menu-item-object-page menu-item-2691\"><a href=\"https:\/\/www.latilloleboienne.fr\/wordpress\/activites\/photos\/2022-2\/\">2022<\/a><\/li>\n\t\t<li id=\"menu-item-2690\" class=\"menu-item menu-item-type-post_type menu-item-object-page menu-item-2690\"><a href=\"https:\/\/www.latilloleboienne.fr\/wordpress\/activites\/photos\/2021-2\/\">2021<\/a><\/li>\n\t\t<li id=\"menu-item-2684\" class=\"menu-item menu-item-type-post_type menu-item-object-page menu-item-2684\"><a href=\"https:\/\/www.latilloleboienne.fr\/wordpress\/activites\/photos\/2020-2\/\">2020<\/a><\/li>\n\t\t<li id=\"menu-item-2619\" class=\"menu-item menu-item-type-post_type menu-item-object-page menu-item-has-children menu-item-2619\"><a href=\"https:\/\/www.latilloleboienne.fr\/wordpress\/activites\/photos\/2019-2\/\">2019<\/a>\n\t\t<ul class=\"sub-menu\">\n\t\t\t<li id=\"menu-item-2620\" class=\"menu-item menu-item-type-post_type menu-item-object-page menu-item-2620\"><a href=\"https:\/\/www.latilloleboienne.fr\/wordpress\/activites\/photos\/2019-2\/2019-golfe-morbihan\/\">Semaine du Golfe 2019<\/a><\/li>\n\t\t\t<li id=\"menu-item-2621\" class=\"menu-item menu-item-type-post_type menu-item-object-page menu-item-2621\"><a href=\"https:\/\/www.latilloleboienne.fr\/wordpress\/activites\/photos\/2019-2\/le-canon\/\">Le Canon 2019<\/a><\/li>\n\t\t<\/ul>\n<\/li>\n\t\t<li id=\"menu-item-2622\" class=\"menu-item menu-item-type-post_type menu-item-object-page menu-item-has-children menu-item-2622\"><a href=\"https:\/\/www.latilloleboienne.fr\/wordpress\/activites\/photos\/2018-2\/\">2018<\/a>\n\t\t<ul class=\"sub-menu\">\n\t\t\t<li id=\"menu-item-2623\" class=\"menu-item menu-item-type-post_type menu-item-object-page menu-item-2623\"><a href=\"https:\/\/www.latilloleboienne.fr\/wordpress\/activites\/photos\/2018-2\/le-moulleau\/\">Le Moulleau 2018<\/a><\/li>\n\t\t<\/ul>\n<\/li>\n\t\t<li id=\"menu-item-2624\" class=\"menu-item menu-item-type-post_type menu-item-object-page menu-item-2624\"><a href=\"https:\/\/www.latilloleboienne.fr\/wordpress\/activites\/photos\/2017-2\/\">2017<\/a><\/li>\n\t\t<li id=\"menu-item-2625\" class=\"menu-item menu-item-type-post_type menu-item-object-page menu-item-2625\"><a href=\"https:\/\/www.latilloleboienne.fr\/wordpress\/activites\/photos\/2016-2\/\">2016<\/a><\/li>\n\t\t<li id=\"menu-item-2626\" class=\"menu-item menu-item-type-post_type menu-item-object-page menu-item-2626\"><a href=\"https:\/\/www.latilloleboienne.fr\/wordpress\/activites\/photos\/2015-2\/\">2015<\/a><\/li>\n\t\t<li id=\"menu-item-2627\" class=\"menu-item menu-item-type-post_type menu-item-object-page menu-item-2627\"><a href=\"https:\/\/www.latilloleboienne.fr\/wordpress\/activites\/photos\/2014-2\/\">2014<\/a><\/li>\n\t\t<li id=\"menu-item-2628\" class=\"menu-item menu-item-type-post_type menu-item-object-page menu-item-has-children menu-item-2628\"><a href=\"https:\/\/www.latilloleboienne.fr\/wordpress\/activites\/photos\/2013-2\/\">2013<\/a>\n\t\t<ul class=\"sub-menu\">\n\t\t\t<li id=\"menu-item-4472\" class=\"menu-item menu-item-type-post_type menu-item-object-page menu-item-4472\"><a href=\"https:\/\/www.latilloleboienne.fr\/wordpress\/semaine-du-golfe-2013\/\">Semaine du Golfe 2013<\/a><\/li>\n\t\t<\/ul>\n<\/li>\n\t\t<li id=\"menu-item-2629\" class=\"menu-item menu-item-type-post_type menu-item-object-page menu-item-2629\"><a href=\"https:\/\/www.latilloleboienne.fr\/wordpress\/activites\/photos\/2012-2\/\">2012<\/a><\/li>\n\t\t<li id=\"menu-item-2630\" class=\"menu-item menu-item-type-post_type menu-item-object-page menu-item-has-children menu-item-2630\"><a href=\"https:\/\/www.latilloleboienne.fr\/wordpress\/activites\/photos\/2011-2\/\">2011<\/a>\n\t\t<ul class=\"sub-menu\">\n\t\t\t<li id=\"menu-item-2631\" class=\"menu-item menu-item-type-post_type menu-item-object-page menu-item-2631\"><a href=\"https:\/\/www.latilloleboienne.fr\/wordpress\/activites\/photos\/2011-2\/morbihan\/\">Semaine du golfe 2011<\/a><\/li>\n\t\t\t<li id=\"menu-item-2632\" class=\"menu-item menu-item-type-post_type menu-item-object-page menu-item-2632\"><a href=\"https:\/\/www.latilloleboienne.fr\/wordpress\/activites\/photos\/2011-2\/regates\/\">R\u00e9gates 2011<\/a><\/li>\n\t\t<\/ul>\n<\/li>\n\t\t<li id=\"menu-item-2633\" class=\"menu-item menu-item-type-post_type menu-item-object-page menu-item-has-children menu-item-2633\"><a href=\"https:\/\/www.latilloleboienne.fr\/wordpress\/activites\/photos\/2010-2\/\">2010<\/a>\n\t\t<ul class=\"sub-menu\">\n\t\t\t<li id=\"menu-item-2634\" class=\"menu-item menu-item-type-post_type menu-item-object-page menu-item-2634\"><a href=\"https:\/\/www.latilloleboienne.fr\/wordpress\/activites\/photos\/2010-2\/ares\/\">Ar\u00e8s<\/a><\/li>\n\t\t\t<li id=\"menu-item-2635\" class=\"menu-item menu-item-type-post_type menu-item-object-page menu-item-2635\"><a href=\"https:\/\/www.latilloleboienne.fr\/wordpress\/activites\/photos\/2010-2\/regate-des-maires-le-teich\/\">R\u00e9gate des Maires \u2013 Le Teich<\/a><\/li>\n\t\t\t<li id=\"menu-item-2636\" class=\"menu-item menu-item-type-post_type menu-item-object-page menu-item-2636\"><a href=\"https:\/\/www.latilloleboienne.fr\/wordpress\/activites\/photos\/2010-2\/regate-de-biganos\/\">R\u00e9gate De Biganos<\/a><\/li>\n\t\t\t<li id=\"menu-item-2637\" class=\"menu-item menu-item-type-post_type menu-item-object-page menu-item-2637\"><a href=\"https:\/\/www.latilloleboienne.fr\/wordpress\/activites\/photos\/2010-2\/larros\/\">Larros<\/a><\/li>\n\t\t<\/ul>\n<\/li>\n\t\t<li id=\"menu-item-2638\" class=\"menu-item menu-item-type-post_type menu-item-object-page menu-item-has-children menu-item-2638\"><a href=\"https:\/\/www.latilloleboienne.fr\/wordpress\/activites\/photos\/2009-2\/\">2009<\/a>\n\t\t<ul class=\"sub-menu\">\n\t\t\t<li id=\"menu-item-2639\" class=\"menu-item menu-item-type-post_type menu-item-object-page menu-item-2639\"><a href=\"https:\/\/www.latilloleboienne.fr\/wordpress\/activites\/photos\/2009-2\/audenge-2\/\">Audenge<\/a><\/li>\n\t\t\t<li id=\"menu-item-2640\" class=\"menu-item menu-item-type-post_type menu-item-object-page menu-item-2640\"><a href=\"https:\/\/www.latilloleboienne.fr\/wordpress\/activites\/photos\/2009-2\/arcachon\/\">Arcachon<\/a><\/li>\n\t\t\t<li id=\"menu-item-2641\" class=\"menu-item menu-item-type-post_type menu-item-object-page menu-item-2641\"><a href=\"https:\/\/www.latilloleboienne.fr\/wordpress\/activites\/photos\/2009-2\/grand-piquey\/\">Grand-Piquey<\/a><\/li>\n\t\t\t<li id=\"menu-item-2642\" class=\"menu-item menu-item-type-post_type menu-item-object-page menu-item-2642\"><a href=\"https:\/\/www.latilloleboienne.fr\/wordpress\/activites\/photos\/2009-2\/coupe-daquitaine\/\">Coupe d\u2019Aquitaine<\/a><\/li>\n\t\t\t<li id=\"menu-item-2643\" class=\"menu-item menu-item-type-post_type menu-item-object-page menu-item-2643\"><a href=\"https:\/\/www.latilloleboienne.fr\/wordpress\/activites\/photos\/2009-2\/la-teste\/\">La Teste<\/a><\/li>\n\t\t<\/ul>\n<\/li>\n\t\t<li id=\"menu-item-2644\" class=\"menu-item menu-item-type-post_type menu-item-object-page menu-item-2644\"><a href=\"https:\/\/www.latilloleboienne.fr\/wordpress\/activites\/photos\/regate-des-maires\/\">2008<\/a><\/li>\n\t\t<li id=\"menu-item-2645\" class=\"menu-item menu-item-type-post_type menu-item-object-page menu-item-2645\"><a href=\"https:\/\/www.latilloleboienne.fr\/wordpress\/activites\/photos\/2007-2\/\">2007<\/a><\/li>\n\t\t<li id=\"menu-item-2646\" class=\"menu-item menu-item-type-post_type menu-item-object-page menu-item-2646\"><a href=\"https:\/\/www.latilloleboienne.fr\/wordpress\/activites\/photos\/2006-2\/\">2006<\/a><\/li>\n\t<\/ul>\n<\/li>\n\t<li id=\"menu-item-3467\" class=\"menu-item menu-item-type-post_type menu-item-object-page menu-item-3467\"><a href=\"https:\/\/www.latilloleboienne.fr\/wordpress\/chorale-de-chants-marins\/\">Chorale de chants marins<\/a><\/li>\n<\/ul>\n<\/li>\n<li id=\"menu-item-5512\" class=\"menu-item menu-item-type-post_type menu-item-object-page menu-item-has-children menu-item-5512\"><a href=\"https:\/\/www.latilloleboienne.fr\/wordpress\/lexiques\/\">Lexiques<\/a>\n<ul class=\"sub-menu\">\n\t<li id=\"menu-item-5526\" class=\"menu-item menu-item-type-post_type menu-item-object-page menu-item-5526\"><a href=\"https:\/\/www.latilloleboienne.fr\/wordpress\/lexique-utilise-en-navigation\/\">Lexique utilis\u00e9 en navigation<\/a><\/li>\n\t<li id=\"menu-item-5525\" class=\"menu-item menu-item-type-post_type menu-item-object-page menu-item-5525\"><a href=\"https:\/\/www.latilloleboienne.fr\/wordpress\/lexique-des-pieces-de-la-pinasse-a-voile\/\">Lexique des pi\u00e8ces de la pinasse \u00e0 voile<\/a><\/li>\n\t<li id=\"menu-item-5524\" class=\"menu-item menu-item-type-post_type menu-item-object-page menu-item-5524\"><a href=\"https:\/\/www.latilloleboienne.fr\/wordpress\/les-noeuds-en-pinasse-a-voile\/\">Les n\u0153uds en pinasse \u00e0 voile<\/a><\/li>\n<\/ul>\n<\/li>\n<li id=\"menu-item-2604\" class=\"menu-item menu-item-type-post_type menu-item-object-page menu-item-2604\"><a href=\"https:\/\/www.latilloleboienne.fr\/wordpress\/contacts\/\">Contact<\/a><\/li>\n<\/ul><\/div><\/strong><\/p>\n","protected":false},"excerpt":{"rendered":"","protected":false},"author":5,"featured_media":0,"parent":0,"menu_order":0,"comment_status":"closed","ping_status":"closed","template":"","meta":{"footnotes":""},"class_list":["post-5407","page","type-page","status-publish","hentry"],"yoast_head":"<!-- This site is optimized with the Yoast SEO plugin v27.5 - https:\/\/yoast.com\/product\/yoast-seo-wordpress\/ -->\n<title>Plan du site - La Tillole Bo\u00efenne<\/title>\n<meta name=\"robots\" content=\"index, follow, max-snippet:-1, max-image-preview:large, max-video-preview:-1\" \/>\n<link rel=\"canonical\" href=\"https:\/\/www.latilloleboienne.fr\/wordpress\/plan-du-site\/\" \/>\n<meta property=\"og:locale\" content=\"fr_FR\" \/>\n<meta property=\"og:type\" content=\"article\" \/>\n<meta property=\"og:title\" content=\"Plan du site - La Tillole Bo\u00efenne\" \/>\n<meta property=\"og:url\" content=\"https:\/\/www.latilloleboienne.fr\/wordpress\/plan-du-site\/\" \/>\n<meta property=\"og:site_name\" content=\"La Tillole Bo\u00efenne\" \/>\n<meta name=\"twitter:card\" content=\"summary_large_image\" \/>\n<meta name=\"twitter:label1\" content=\"Dur\u00e9e de lecture estim\u00e9e\" \/>\n\t<meta name=\"twitter:data1\" content=\"1 minute\" \/>\n<script type=\"application\/ld+json\" class=\"yoast-schema-graph\">{\"@context\":\"https:\\\/\\\/schema.org\",\"@graph\":[{\"@type\":\"WebPage\",\"@id\":\"https:\\\/\\\/www.latilloleboienne.fr\\\/wordpress\\\/plan-du-site\\\/\",\"url\":\"https:\\\/\\\/www.latilloleboienne.fr\\\/wordpress\\\/plan-du-site\\\/\",\"name\":\"Plan du site - La Tillole Bo\u00efenne\",\"isPartOf\":{\"@id\":\"https:\\\/\\\/www.latilloleboienne.fr\\\/wordpress\\\/#website\"},\"datePublished\":\"2025-09-09T15:18:03+00:00\",\"breadcrumb\":{\"@id\":\"https:\\\/\\\/www.latilloleboienne.fr\\\/wordpress\\\/plan-du-site\\\/#breadcrumb\"},\"inLanguage\":\"fr-FR\",\"potentialAction\":[{\"@type\":\"ReadAction\",\"target\":[\"https:\\\/\\\/www.latilloleboienne.fr\\\/wordpress\\\/plan-du-site\\\/\"]}]},{\"@type\":\"BreadcrumbList\",\"@id\":\"https:\\\/\\\/www.latilloleboienne.fr\\\/wordpress\\\/plan-du-site\\\/#breadcrumb\",\"itemListElement\":[{\"@type\":\"ListItem\",\"position\":1,\"name\":\"Accueil\",\"item\":\"https:\\\/\\\/www.latilloleboienne.fr\\\/wordpress\\\/\"},{\"@type\":\"ListItem\",\"position\":2,\"name\":\"Plan du site\"}]},{\"@type\":\"WebSite\",\"@id\":\"https:\\\/\\\/www.latilloleboienne.fr\\\/wordpress\\\/#website\",\"url\":\"https:\\\/\\\/www.latilloleboienne.fr\\\/wordpress\\\/\",\"name\":\"La Tillole Bo\u00efenne\",\"description\":\"La tradition nautique du Bassin d&#039;Arcachon\",\"publisher\":{\"@id\":\"https:\\\/\\\/www.latilloleboienne.fr\\\/wordpress\\\/#organization\"},\"potentialAction\":[{\"@type\":\"SearchAction\",\"target\":{\"@type\":\"EntryPoint\",\"urlTemplate\":\"https:\\\/\\\/www.latilloleboienne.fr\\\/wordpress\\\/?s={search_term_string}\"},\"query-input\":{\"@type\":\"PropertyValueSpecification\",\"valueRequired\":true,\"valueName\":\"search_term_string\"}}],\"inLanguage\":\"fr-FR\"},{\"@type\":\"Organization\",\"@id\":\"https:\\\/\\\/www.latilloleboienne.fr\\\/wordpress\\\/#organization\",\"name\":\"Association La Tillole Bo\u00efenne\",\"url\":\"https:\\\/\\\/www.latilloleboienne.fr\\\/wordpress\\\/\",\"logo\":{\"@type\":\"ImageObject\",\"inLanguage\":\"fr-FR\",\"@id\":\"https:\\\/\\\/www.latilloleboienne.fr\\\/wordpress\\\/#\\\/schema\\\/logo\\\/image\\\/\",\"url\":\"https:\\\/\\\/www.latilloleboienne.fr\\\/wordpress\\\/wp-content\\\/uploads\\\/2022\\\/05\\\/Logo-Rond-La-Tillole-Boienne.png\",\"contentUrl\":\"https:\\\/\\\/www.latilloleboienne.fr\\\/wordpress\\\/wp-content\\\/uploads\\\/2022\\\/05\\\/Logo-Rond-La-Tillole-Boienne.png\",\"width\":162,\"height\":160,\"caption\":\"Association La Tillole Bo\u00efenne\"},\"image\":{\"@id\":\"https:\\\/\\\/www.latilloleboienne.fr\\\/wordpress\\\/#\\\/schema\\\/logo\\\/image\\\/\"}}]}<\/script>\n<!-- \/ Yoast SEO plugin. -->","yoast_head_json":{"title":"Plan du site - La Tillole Bo\u00efenne","robots":{"index":"index","follow":"follow","max-snippet":"max-snippet:-1","max-image-preview":"max-image-preview:large","max-video-preview":"max-video-preview:-1"},"canonical":"https:\/\/www.latilloleboienne.fr\/wordpress\/plan-du-site\/","og_locale":"fr_FR","og_type":"article","og_title":"Plan du site - La Tillole Bo\u00efenne","og_url":"https:\/\/www.latilloleboienne.fr\/wordpress\/plan-du-site\/","og_site_name":"La Tillole Bo\u00efenne","twitter_card":"summary_large_image","twitter_misc":{"Dur\u00e9e de lecture estim\u00e9e":"1 minute"},"schema":{"@context":"https:\/\/schema.org","@graph":[{"@type":"WebPage","@id":"https:\/\/www.latilloleboienne.fr\/wordpress\/plan-du-site\/","url":"https:\/\/www.latilloleboienne.fr\/wordpress\/plan-du-site\/","name":"Plan du site - La Tillole Bo\u00efenne","isPartOf":{"@id":"https:\/\/www.latilloleboienne.fr\/wordpress\/#website"},"datePublished":"2025-09-09T15:18:03+00:00","breadcrumb":{"@id":"https:\/\/www.latilloleboienne.fr\/wordpress\/plan-du-site\/#breadcrumb"},"inLanguage":"fr-FR","potentialAction":[{"@type":"ReadAction","target":["https:\/\/www.latilloleboienne.fr\/wordpress\/plan-du-site\/"]}]},{"@type":"BreadcrumbList","@id":"https:\/\/www.latilloleboienne.fr\/wordpress\/plan-du-site\/#breadcrumb","itemListElement":[{"@type":"ListItem","position":1,"name":"Accueil","item":"https:\/\/www.latilloleboienne.fr\/wordpress\/"},{"@type":"ListItem","position":2,"name":"Plan du site"}]},{"@type":"WebSite","@id":"https:\/\/www.latilloleboienne.fr\/wordpress\/#website","url":"https:\/\/www.latilloleboienne.fr\/wordpress\/","name":"La Tillole Bo\u00efenne","description":"La tradition nautique du Bassin d&#039;Arcachon","publisher":{"@id":"https:\/\/www.latilloleboienne.fr\/wordpress\/#organization"},"potentialAction":[{"@type":"SearchAction","target":{"@type":"EntryPoint","urlTemplate":"https:\/\/www.latilloleboienne.fr\/wordpress\/?s={search_term_string}"},"query-input":{"@type":"PropertyValueSpecification","valueRequired":true,"valueName":"search_term_string"}}],"inLanguage":"fr-FR"},{"@type":"Organization","@id":"https:\/\/www.latilloleboienne.fr\/wordpress\/#organization","name":"Association La Tillole Bo\u00efenne","url":"https:\/\/www.latilloleboienne.fr\/wordpress\/","logo":{"@type":"ImageObject","inLanguage":"fr-FR","@id":"https:\/\/www.latilloleboienne.fr\/wordpress\/#\/schema\/logo\/image\/","url":"https:\/\/www.latilloleboienne.fr\/wordpress\/wp-content\/uploads\/2022\/05\/Logo-Rond-La-Tillole-Boienne.png","contentUrl":"https:\/\/www.latilloleboienne.fr\/wordpress\/wp-content\/uploads\/2022\/05\/Logo-Rond-La-Tillole-Boienne.png","width":162,"height":160,"caption":"Association La Tillole Bo\u00efenne"},"image":{"@id":"https:\/\/www.latilloleboienne.fr\/wordpress\/#\/schema\/logo\/image\/"}}]}},"_links":{"self":[{"href":"https:\/\/www.latilloleboienne.fr\/wordpress\/wp-json\/wp\/v2\/pages\/5407","targetHints":{"allow":["GET"]}}],"collection":[{"href":"https:\/\/www.latilloleboienne.fr\/wordpress\/wp-json\/wp\/v2\/pages"}],"about":[{"href":"https:\/\/www.latilloleboienne.fr\/wordpress\/wp-json\/wp\/v2\/types\/page"}],"author":[{"embeddable":true,"href":"https:\/\/www.latilloleboienne.fr\/wordpress\/wp-json\/wp\/v2\/users\/5"}],"replies":[{"embeddable":true,"href":"https:\/\/www.latilloleboienne.fr\/wordpress\/wp-json\/wp\/v2\/comments?post=5407"}],"version-history":[{"count":2,"href":"https:\/\/www.latilloleboienne.fr\/wordpress\/wp-json\/wp\/v2\/pages\/5407\/revisions"}],"predecessor-version":[{"id":5409,"href":"https:\/\/www.latilloleboienne.fr\/wordpress\/wp-json\/wp\/v2\/pages\/5407\/revisions\/5409"}],"wp:attachment":[{"href":"https:\/\/www.latilloleboienne.fr\/wordpress\/wp-json\/wp\/v2\/media?parent=5407"}],"curies":[{"name":"wp","href":"https:\/\/api.w.org\/{rel}","templated":true}]}}