{"id":4924,"date":"2025-08-18T17:15:37","date_gmt":"2025-08-18T15:15:37","guid":{"rendered":"https:\/\/www.latilloleboienne.fr\/wordpress\/?page_id=4924"},"modified":"2025-09-08T15:34:08","modified_gmt":"2025-09-08T13:34:08","slug":"la-boienne-fete-ses-20-ans-lors-de-la-regate-de-biganos-2025","status":"publish","type":"page","link":"https:\/\/www.latilloleboienne.fr\/wordpress\/la-boienne-fete-ses-20-ans-lors-de-la-regate-de-biganos-2025\/","title":{"rendered":"La Bo\u00efenne f\u00eate ses 20 ans."},"content":{"rendered":"\n<p>A l\u2019occasion de la r\u00e9gate de Biganos 2025, la pinasse \u00e0 voile <strong>La Bo\u00efenne<\/strong> f\u00eatait ses 20 ans, l\u2019occasion r\u00eav\u00e9e de rassembler une partie des personnes qui ont particip\u00e9 \u00e0 son rayonnement tout au long de ces deux d\u00e9cennies.<\/p>\n\n\n\n<p><strong>G\u00e9rard Carr\u00e8re<\/strong> son cr\u00e9ateur au lyc\u00e9e de la Mer \u00e9tait pr\u00e9sent ainsi qu&rsquo;une partie des anciens \u00e0 l\u2019avoir faite brillamment naviguer et entretenue avec soin.<\/p>\n\n\n\n<p>Ce fut une belle r\u00e9gate pour ses vingt ans, comment\u00e9e avec passion sur le port des Tuiles par Alexandre. <strong>La Bo\u00efenne<\/strong> et son \u00e9quipage termine \u00e0 la seconde place, gage d\u2019une belle long\u00e9vit\u00e9 et d&rsquo;\u00e9quipiers toujours \u00e0 la hauteur.<\/p>\n\n\n\n<p>Le parcours r\u00e9alis\u00e9 en 1H07&prime; pour les premiers.<\/p>\n\n\n\n<figure class=\"wp-block-image size-full\"><img loading=\"lazy\" decoding=\"async\" width=\"741\" height=\"480\" src=\"https:\/\/www.latilloleboienne.fr\/wordpress\/wp-content\/uploads\/2025\/08\/ParcoursDes20Ans.png\" alt=\"Parcours de la R\u00e9gate de Biganos pour les 20 ans de La Bo\u00efenne\" class=\"wp-image-4928\" srcset=\"https:\/\/www.latilloleboienne.fr\/wordpress\/wp-content\/uploads\/2025\/08\/ParcoursDes20Ans.png 741w, https:\/\/www.latilloleboienne.fr\/wordpress\/wp-content\/uploads\/2025\/08\/ParcoursDes20Ans-463x300.png 463w\" sizes=\"auto, (max-width: 741px) 100vw, 741px\" \/><\/figure>\n\n\n\n<p>A l&rsquo;issu de la r\u00e9gate, rafraichissements et agapes viennent r\u00e9conforter les 16 \u00e9quipages de  Pinasseyres.<\/p>\n\n\n\n<p>Herv\u00e9 le pr\u00e9sident actuel de <strong>La Tillole Bo\u00efenne<\/strong> fait alors son discours et retrace les vingt ann\u00e9es parcourues, avec une pens\u00e9e pour ceux qui nous ont quitt\u00e9s, bravo Herv\u00e9. Puis vient l&rsquo;heure des remerciements, du comit\u00e9 de course tenu par Jean Pierre Lagrange de toutes les r\u00e9gates de Biganos, des bateaux s\u00e9curit\u00e9s, de nos partenaires et de l&rsquo;ensemble des \u00e9quipages de Pinasseyres qui font que ces moments de convivialit\u00e9 existent. S&rsquo;enchaine ensuite la remise des prix o\u00f9 chaque participant est r\u00e9compens\u00e9 et se conclue par le mot de M. le Maire Bruno Lafon<\/p>\n\n\n\n<p>Remise du troph\u00e9e <strong><a href=\"https:\/\/www.latilloleboienne.fr\/wordpress\/notre-histoire\/hommage-a-pierre\/\" target=\"_blank\" rel=\"noreferrer noopener\">Pierre Biensan<\/a><\/strong> \u00e0 l&rsquo;\u00e9quipage de la pinasse Belle de mer, vainqueur de la r\u00e9gate.<\/p>\n\n\n\n<figure class=\"wp-block-image size-large\"><img loading=\"lazy\" decoding=\"async\" width=\"1620\" height=\"1080\" src=\"https:\/\/www.latilloleboienne.fr\/wordpress\/wp-content\/uploads\/2025\/08\/PhotoRemiseDuTropheePierreBiensan-1620x1080.jpg\" alt=\"La photo des vainqueurs de la r\u00e9gate de Biganos 2025\" class=\"wp-image-4932\" srcset=\"https:\/\/www.latilloleboienne.fr\/wordpress\/wp-content\/uploads\/2025\/08\/PhotoRemiseDuTropheePierreBiensan-1620x1080.jpg 1620w, https:\/\/www.latilloleboienne.fr\/wordpress\/wp-content\/uploads\/2025\/08\/PhotoRemiseDuTropheePierreBiensan-800x533.jpg 800w, https:\/\/www.latilloleboienne.fr\/wordpress\/wp-content\/uploads\/2025\/08\/PhotoRemiseDuTropheePierreBiensan-768x512.jpg 768w, https:\/\/www.latilloleboienne.fr\/wordpress\/wp-content\/uploads\/2025\/08\/PhotoRemiseDuTropheePierreBiensan-1536x1024.jpg 1536w, https:\/\/www.latilloleboienne.fr\/wordpress\/wp-content\/uploads\/2025\/08\/PhotoRemiseDuTropheePierreBiensan-450x300.jpg 450w, https:\/\/www.latilloleboienne.fr\/wordpress\/wp-content\/uploads\/2025\/08\/PhotoRemiseDuTropheePierreBiensan.jpg 2048w\" sizes=\"auto, (max-width: 1620px) 100vw, 1620px\" \/><\/figure>\n\n\n\n<p>Anciens et nouveaux Pinasseyres Bo\u00efens rassembl\u00e9s pour l&rsquo;occasion. Le Commodore (Vincent) en rouge au milieu, leader embl\u00e9matique de la commodore Dreams Team&#8230;<\/p>\n\n\n\n<figure class=\"wp-block-image size-large\"><img loading=\"lazy\" decoding=\"async\" width=\"1620\" height=\"1080\" src=\"https:\/\/www.latilloleboienne.fr\/wordpress\/wp-content\/uploads\/2025\/08\/PhotoDeLaFamillePinasseyresBoienne-1620x1080.jpg\" alt=\"La photo de toutes les g\u00e9n\u00e9rations de Pinasseyres Bo\u00efens r\u00e9unies pour l'occasion\" class=\"wp-image-4931\" srcset=\"https:\/\/www.latilloleboienne.fr\/wordpress\/wp-content\/uploads\/2025\/08\/PhotoDeLaFamillePinasseyresBoienne-1620x1080.jpg 1620w, https:\/\/www.latilloleboienne.fr\/wordpress\/wp-content\/uploads\/2025\/08\/PhotoDeLaFamillePinasseyresBoienne-800x533.jpg 800w, https:\/\/www.latilloleboienne.fr\/wordpress\/wp-content\/uploads\/2025\/08\/PhotoDeLaFamillePinasseyresBoienne-768x512.jpg 768w, https:\/\/www.latilloleboienne.fr\/wordpress\/wp-content\/uploads\/2025\/08\/PhotoDeLaFamillePinasseyresBoienne-1536x1024.jpg 1536w, https:\/\/www.latilloleboienne.fr\/wordpress\/wp-content\/uploads\/2025\/08\/PhotoDeLaFamillePinasseyresBoienne-450x300.jpg 450w, https:\/\/www.latilloleboienne.fr\/wordpress\/wp-content\/uploads\/2025\/08\/PhotoDeLaFamillePinasseyresBoienne.jpg 2048w\" sizes=\"auto, (max-width: 1620px) 100vw, 1620px\" \/><\/figure>\n\n\n\n<p style=\"font-size:15px\"><a href=\"https:\/\/www.latilloleboienne.fr\/wordpress\/wp-content\/uploads\/2025\/08\/LaChansonDes20AnsDeLaBoienne.mp3\" target=\"_blank\" rel=\"noreferrer noopener\"><strong>La chanson des 20 ans de la Bo\u00efenne<\/strong><\/a> permet d&rsquo;entamer une grande soir\u00e9e auberge espagnole pour festoyer comme il se doit aux Tuiles.<\/p>\n\n\n\n<p><strong>Merci <\/strong>aux photographes et vid\u00e9astes qui nous permettent de figer ces moments de bonheur.<\/p>\n\n\n\n<p>Nos Auteurs : <a href=\"https:\/\/www.youtube.com\/embed\/qEgNIVNZN-E\" target=\"_blank\" rel=\"noreferrer noopener\">T\u00e9o Lavielle<\/a> , <a href=\"https:\/\/www.facebook.com\/photo\/?fbid=4190171221302080&amp;set=pcb.4190176724634863\" target=\"_blank\" rel=\"noreferrer noopener\">Carly Gonzalez<\/a>, <a href=\"https:\/\/youtu.be\/hzehyOG6hRQ\" target=\"_blank\" rel=\"noreferrer noopener\">Chrystel Barthe<\/a> sans oublier notre reporteur <a href=\"https:\/\/www.facebook.com\/photo\/?fbid=2247800128989841&amp;set=pcb.2578706662318085\" target=\"_blank\" rel=\"noreferrer noopener\">G\u00e9rard Thiry<\/a><\/p>\n\n\n\n<p>Un grand <strong>MERCI<\/strong> \u00e0 nos <a href=\"https:\/\/www.latilloleboienne.fr\/wordpress\/association\/partenaires\/\"><strong>partenaires<\/strong><\/a> sans qui un tel \u00e9v\u00e8nement n&rsquo;aurait pu \u00eatre possible.<\/p>\n\n\n\n<figure class=\"wp-block-image size-large is-style-default\"><img loading=\"lazy\" decoding=\"async\" width=\"1980\" height=\"413\" src=\"https:\/\/www.latilloleboienne.fr\/wordpress\/wp-content\/uploads\/2025\/08\/Banderole-1980x413.png\" alt=\"\" class=\"wp-image-4980\" srcset=\"https:\/\/www.latilloleboienne.fr\/wordpress\/wp-content\/uploads\/2025\/08\/Banderole-1980x413.png 1980w, https:\/\/www.latilloleboienne.fr\/wordpress\/wp-content\/uploads\/2025\/08\/Banderole-800x167.png 800w, https:\/\/www.latilloleboienne.fr\/wordpress\/wp-content\/uploads\/2025\/08\/Banderole-768x160.png 768w, https:\/\/www.latilloleboienne.fr\/wordpress\/wp-content\/uploads\/2025\/08\/Banderole-1536x320.png 1536w, https:\/\/www.latilloleboienne.fr\/wordpress\/wp-content\/uploads\/2025\/08\/Banderole-2048x427.png 2048w, https:\/\/www.latilloleboienne.fr\/wordpress\/wp-content\/uploads\/2025\/08\/Banderole-500x104.png 500w\" sizes=\"auto, (max-width: 1980px) 100vw, 1980px\" \/><\/figure>\n\n\n\n<p><\/p>\n","protected":false},"excerpt":{"rendered":"<p>A l\u2019occasion de la r\u00e9gate de Biganos 2025, la pinasse \u00e0 voile La Bo\u00efenne f\u00eatait ses 20 ans, l\u2019occasion r\u00eav\u00e9e de rassembler une partie des personnes qui ont particip\u00e9 \u00e0 son rayonnement tout au long de ces deux d\u00e9cennies. G\u00e9rard &hellip; <a href=\"https:\/\/www.latilloleboienne.fr\/wordpress\/la-boienne-fete-ses-20-ans-lors-de-la-regate-de-biganos-2025\/\">Continuer la lecture <span class=\"meta-nav\">&rarr;<\/span><\/a><\/p>\n","protected":false},"author":5,"featured_media":4931,"parent":0,"menu_order":0,"comment_status":"closed","ping_status":"closed","template":"","meta":{"footnotes":""},"class_list":["post-4924","page","type-page","status-publish","has-post-thumbnail","hentry"],"yoast_head":"<!-- This site is optimized with the Yoast SEO plugin v27.4 - https:\/\/yoast.com\/product\/yoast-seo-wordpress\/ -->\n<title>La Bo\u00efenne f\u00eate ses 20 ans. - La Tillole Bo\u00efenne<\/title>\n<meta name=\"description\" content=\"La Tillole Bo\u00efenne % R\u00e9gate pinasse \u00e0 voile Biganos Bassin d&#039;Arcachon La Bo\u00efenne 20 ans 2025 port des Tuiles l&#039;Eyre Tradition Nautique\" \/>\n<meta name=\"robots\" content=\"index, follow, max-snippet:-1, max-image-preview:large, max-video-preview:-1\" \/>\n<link rel=\"canonical\" href=\"https:\/\/www.latilloleboienne.fr\/wordpress\/la-boienne-fete-ses-20-ans-lors-de-la-regate-de-biganos-2025\/\" \/>\n<meta property=\"og:locale\" content=\"fr_FR\" \/>\n<meta property=\"og:type\" content=\"article\" \/>\n<meta property=\"og:title\" content=\"La Bo\u00efenne f\u00eate ses 20 ans. - La Tillole Bo\u00efenne\" \/>\n<meta property=\"og:description\" content=\"La Tillole Bo\u00efenne % R\u00e9gate pinasse \u00e0 voile Biganos Bassin d&#039;Arcachon La Bo\u00efenne 20 ans 2025 port des Tuiles l&#039;Eyre Tradition Nautique\" \/>\n<meta property=\"og:url\" content=\"https:\/\/www.latilloleboienne.fr\/wordpress\/la-boienne-fete-ses-20-ans-lors-de-la-regate-de-biganos-2025\/\" \/>\n<meta property=\"og:site_name\" content=\"La Tillole Bo\u00efenne\" \/>\n<meta property=\"article:modified_time\" content=\"2025-09-08T13:34:08+00:00\" \/>\n<meta property=\"og:image\" content=\"https:\/\/www.latilloleboienne.fr\/wordpress\/wp-content\/uploads\/2025\/08\/PhotoDeLaFamillePinasseyresBoienne-1620x1080.jpg\" \/>\n\t<meta property=\"og:image:width\" content=\"1620\" \/>\n\t<meta property=\"og:image:height\" content=\"1080\" \/>\n\t<meta property=\"og:image:type\" content=\"image\/jpeg\" \/>\n<meta name=\"twitter:card\" content=\"summary_large_image\" \/>\n<meta name=\"twitter:label1\" content=\"Dur\u00e9e de lecture estim\u00e9e\" \/>\n\t<meta name=\"twitter:data1\" content=\"3 minutes\" \/>\n<script type=\"application\/ld+json\" class=\"yoast-schema-graph\">{\"@context\":\"https:\\\/\\\/schema.org\",\"@graph\":[{\"@type\":\"WebPage\",\"@id\":\"https:\\\/\\\/www.latilloleboienne.fr\\\/wordpress\\\/la-boienne-fete-ses-20-ans-lors-de-la-regate-de-biganos-2025\\\/\",\"url\":\"https:\\\/\\\/www.latilloleboienne.fr\\\/wordpress\\\/la-boienne-fete-ses-20-ans-lors-de-la-regate-de-biganos-2025\\\/\",\"name\":\"La Bo\u00efenne f\u00eate ses 20 ans. - La Tillole Bo\u00efenne\",\"isPartOf\":{\"@id\":\"https:\\\/\\\/www.latilloleboienne.fr\\\/wordpress\\\/#website\"},\"primaryImageOfPage\":{\"@id\":\"https:\\\/\\\/www.latilloleboienne.fr\\\/wordpress\\\/la-boienne-fete-ses-20-ans-lors-de-la-regate-de-biganos-2025\\\/#primaryimage\"},\"image\":{\"@id\":\"https:\\\/\\\/www.latilloleboienne.fr\\\/wordpress\\\/la-boienne-fete-ses-20-ans-lors-de-la-regate-de-biganos-2025\\\/#primaryimage\"},\"thumbnailUrl\":\"https:\\\/\\\/www.latilloleboienne.fr\\\/wordpress\\\/wp-content\\\/uploads\\\/2025\\\/08\\\/PhotoDeLaFamillePinasseyresBoienne.jpg\",\"datePublished\":\"2025-08-18T15:15:37+00:00\",\"dateModified\":\"2025-09-08T13:34:08+00:00\",\"description\":\"La Tillole Bo\u00efenne % R\u00e9gate pinasse \u00e0 voile Biganos Bassin d'Arcachon La Bo\u00efenne 20 ans 2025 port des Tuiles l'Eyre Tradition Nautique\",\"breadcrumb\":{\"@id\":\"https:\\\/\\\/www.latilloleboienne.fr\\\/wordpress\\\/la-boienne-fete-ses-20-ans-lors-de-la-regate-de-biganos-2025\\\/#breadcrumb\"},\"inLanguage\":\"fr-FR\",\"potentialAction\":[{\"@type\":\"ReadAction\",\"target\":[\"https:\\\/\\\/www.latilloleboienne.fr\\\/wordpress\\\/la-boienne-fete-ses-20-ans-lors-de-la-regate-de-biganos-2025\\\/\"]}]},{\"@type\":\"ImageObject\",\"inLanguage\":\"fr-FR\",\"@id\":\"https:\\\/\\\/www.latilloleboienne.fr\\\/wordpress\\\/la-boienne-fete-ses-20-ans-lors-de-la-regate-de-biganos-2025\\\/#primaryimage\",\"url\":\"https:\\\/\\\/www.latilloleboienne.fr\\\/wordpress\\\/wp-content\\\/uploads\\\/2025\\\/08\\\/PhotoDeLaFamillePinasseyresBoienne.jpg\",\"contentUrl\":\"https:\\\/\\\/www.latilloleboienne.fr\\\/wordpress\\\/wp-content\\\/uploads\\\/2025\\\/08\\\/PhotoDeLaFamillePinasseyresBoienne.jpg\",\"width\":2048,\"height\":1365},{\"@type\":\"BreadcrumbList\",\"@id\":\"https:\\\/\\\/www.latilloleboienne.fr\\\/wordpress\\\/la-boienne-fete-ses-20-ans-lors-de-la-regate-de-biganos-2025\\\/#breadcrumb\",\"itemListElement\":[{\"@type\":\"ListItem\",\"position\":1,\"name\":\"Accueil\",\"item\":\"https:\\\/\\\/www.latilloleboienne.fr\\\/wordpress\\\/\"},{\"@type\":\"ListItem\",\"position\":2,\"name\":\"La Bo\u00efenne f\u00eate ses 20 ans.\"}]},{\"@type\":\"WebSite\",\"@id\":\"https:\\\/\\\/www.latilloleboienne.fr\\\/wordpress\\\/#website\",\"url\":\"https:\\\/\\\/www.latilloleboienne.fr\\\/wordpress\\\/\",\"name\":\"La Tillole Bo\u00efenne\",\"description\":\"La tradition nautique du Bassin d&#039;Arcachon\",\"publisher\":{\"@id\":\"https:\\\/\\\/www.latilloleboienne.fr\\\/wordpress\\\/#organization\"},\"potentialAction\":[{\"@type\":\"SearchAction\",\"target\":{\"@type\":\"EntryPoint\",\"urlTemplate\":\"https:\\\/\\\/www.latilloleboienne.fr\\\/wordpress\\\/?s={search_term_string}\"},\"query-input\":{\"@type\":\"PropertyValueSpecification\",\"valueRequired\":true,\"valueName\":\"search_term_string\"}}],\"inLanguage\":\"fr-FR\"},{\"@type\":\"Organization\",\"@id\":\"https:\\\/\\\/www.latilloleboienne.fr\\\/wordpress\\\/#organization\",\"name\":\"Association La Tillole Bo\u00efenne\",\"url\":\"https:\\\/\\\/www.latilloleboienne.fr\\\/wordpress\\\/\",\"logo\":{\"@type\":\"ImageObject\",\"inLanguage\":\"fr-FR\",\"@id\":\"https:\\\/\\\/www.latilloleboienne.fr\\\/wordpress\\\/#\\\/schema\\\/logo\\\/image\\\/\",\"url\":\"https:\\\/\\\/www.latilloleboienne.fr\\\/wordpress\\\/wp-content\\\/uploads\\\/2022\\\/05\\\/Logo-Rond-La-Tillole-Boienne.png\",\"contentUrl\":\"https:\\\/\\\/www.latilloleboienne.fr\\\/wordpress\\\/wp-content\\\/uploads\\\/2022\\\/05\\\/Logo-Rond-La-Tillole-Boienne.png\",\"width\":162,\"height\":160,\"caption\":\"Association La Tillole Bo\u00efenne\"},\"image\":{\"@id\":\"https:\\\/\\\/www.latilloleboienne.fr\\\/wordpress\\\/#\\\/schema\\\/logo\\\/image\\\/\"}}]}<\/script>\n<!-- \/ Yoast SEO plugin. -->","yoast_head_json":{"title":"La Bo\u00efenne f\u00eate ses 20 ans. - La Tillole Bo\u00efenne","description":"La Tillole Bo\u00efenne % R\u00e9gate pinasse \u00e0 voile Biganos Bassin d'Arcachon La Bo\u00efenne 20 ans 2025 port des Tuiles l'Eyre Tradition Nautique","robots":{"index":"index","follow":"follow","max-snippet":"max-snippet:-1","max-image-preview":"max-image-preview:large","max-video-preview":"max-video-preview:-1"},"canonical":"https:\/\/www.latilloleboienne.fr\/wordpress\/la-boienne-fete-ses-20-ans-lors-de-la-regate-de-biganos-2025\/","og_locale":"fr_FR","og_type":"article","og_title":"La Bo\u00efenne f\u00eate ses 20 ans. - La Tillole Bo\u00efenne","og_description":"La Tillole Bo\u00efenne % R\u00e9gate pinasse \u00e0 voile Biganos Bassin d'Arcachon La Bo\u00efenne 20 ans 2025 port des Tuiles l'Eyre Tradition Nautique","og_url":"https:\/\/www.latilloleboienne.fr\/wordpress\/la-boienne-fete-ses-20-ans-lors-de-la-regate-de-biganos-2025\/","og_site_name":"La Tillole Bo\u00efenne","article_modified_time":"2025-09-08T13:34:08+00:00","og_image":[{"width":1620,"height":1080,"url":"https:\/\/www.latilloleboienne.fr\/wordpress\/wp-content\/uploads\/2025\/08\/PhotoDeLaFamillePinasseyresBoienne-1620x1080.jpg","type":"image\/jpeg"}],"twitter_card":"summary_large_image","twitter_misc":{"Dur\u00e9e de lecture estim\u00e9e":"3 minutes"},"schema":{"@context":"https:\/\/schema.org","@graph":[{"@type":"WebPage","@id":"https:\/\/www.latilloleboienne.fr\/wordpress\/la-boienne-fete-ses-20-ans-lors-de-la-regate-de-biganos-2025\/","url":"https:\/\/www.latilloleboienne.fr\/wordpress\/la-boienne-fete-ses-20-ans-lors-de-la-regate-de-biganos-2025\/","name":"La Bo\u00efenne f\u00eate ses 20 ans. - La Tillole Bo\u00efenne","isPartOf":{"@id":"https:\/\/www.latilloleboienne.fr\/wordpress\/#website"},"primaryImageOfPage":{"@id":"https:\/\/www.latilloleboienne.fr\/wordpress\/la-boienne-fete-ses-20-ans-lors-de-la-regate-de-biganos-2025\/#primaryimage"},"image":{"@id":"https:\/\/www.latilloleboienne.fr\/wordpress\/la-boienne-fete-ses-20-ans-lors-de-la-regate-de-biganos-2025\/#primaryimage"},"thumbnailUrl":"https:\/\/www.latilloleboienne.fr\/wordpress\/wp-content\/uploads\/2025\/08\/PhotoDeLaFamillePinasseyresBoienne.jpg","datePublished":"2025-08-18T15:15:37+00:00","dateModified":"2025-09-08T13:34:08+00:00","description":"La Tillole Bo\u00efenne % R\u00e9gate pinasse \u00e0 voile Biganos Bassin d'Arcachon La Bo\u00efenne 20 ans 2025 port des Tuiles l'Eyre Tradition Nautique","breadcrumb":{"@id":"https:\/\/www.latilloleboienne.fr\/wordpress\/la-boienne-fete-ses-20-ans-lors-de-la-regate-de-biganos-2025\/#breadcrumb"},"inLanguage":"fr-FR","potentialAction":[{"@type":"ReadAction","target":["https:\/\/www.latilloleboienne.fr\/wordpress\/la-boienne-fete-ses-20-ans-lors-de-la-regate-de-biganos-2025\/"]}]},{"@type":"ImageObject","inLanguage":"fr-FR","@id":"https:\/\/www.latilloleboienne.fr\/wordpress\/la-boienne-fete-ses-20-ans-lors-de-la-regate-de-biganos-2025\/#primaryimage","url":"https:\/\/www.latilloleboienne.fr\/wordpress\/wp-content\/uploads\/2025\/08\/PhotoDeLaFamillePinasseyresBoienne.jpg","contentUrl":"https:\/\/www.latilloleboienne.fr\/wordpress\/wp-content\/uploads\/2025\/08\/PhotoDeLaFamillePinasseyresBoienne.jpg","width":2048,"height":1365},{"@type":"BreadcrumbList","@id":"https:\/\/www.latilloleboienne.fr\/wordpress\/la-boienne-fete-ses-20-ans-lors-de-la-regate-de-biganos-2025\/#breadcrumb","itemListElement":[{"@type":"ListItem","position":1,"name":"Accueil","item":"https:\/\/www.latilloleboienne.fr\/wordpress\/"},{"@type":"ListItem","position":2,"name":"La Bo\u00efenne f\u00eate ses 20 ans."}]},{"@type":"WebSite","@id":"https:\/\/www.latilloleboienne.fr\/wordpress\/#website","url":"https:\/\/www.latilloleboienne.fr\/wordpress\/","name":"La Tillole Bo\u00efenne","description":"La tradition nautique du Bassin d&#039;Arcachon","publisher":{"@id":"https:\/\/www.latilloleboienne.fr\/wordpress\/#organization"},"potentialAction":[{"@type":"SearchAction","target":{"@type":"EntryPoint","urlTemplate":"https:\/\/www.latilloleboienne.fr\/wordpress\/?s={search_term_string}"},"query-input":{"@type":"PropertyValueSpecification","valueRequired":true,"valueName":"search_term_string"}}],"inLanguage":"fr-FR"},{"@type":"Organization","@id":"https:\/\/www.latilloleboienne.fr\/wordpress\/#organization","name":"Association La Tillole Bo\u00efenne","url":"https:\/\/www.latilloleboienne.fr\/wordpress\/","logo":{"@type":"ImageObject","inLanguage":"fr-FR","@id":"https:\/\/www.latilloleboienne.fr\/wordpress\/#\/schema\/logo\/image\/","url":"https:\/\/www.latilloleboienne.fr\/wordpress\/wp-content\/uploads\/2022\/05\/Logo-Rond-La-Tillole-Boienne.png","contentUrl":"https:\/\/www.latilloleboienne.fr\/wordpress\/wp-content\/uploads\/2022\/05\/Logo-Rond-La-Tillole-Boienne.png","width":162,"height":160,"caption":"Association La Tillole Bo\u00efenne"},"image":{"@id":"https:\/\/www.latilloleboienne.fr\/wordpress\/#\/schema\/logo\/image\/"}}]}},"_links":{"self":[{"href":"https:\/\/www.latilloleboienne.fr\/wordpress\/wp-json\/wp\/v2\/pages\/4924","targetHints":{"allow":["GET"]}}],"collection":[{"href":"https:\/\/www.latilloleboienne.fr\/wordpress\/wp-json\/wp\/v2\/pages"}],"about":[{"href":"https:\/\/www.latilloleboienne.fr\/wordpress\/wp-json\/wp\/v2\/types\/page"}],"author":[{"embeddable":true,"href":"https:\/\/www.latilloleboienne.fr\/wordpress\/wp-json\/wp\/v2\/users\/5"}],"replies":[{"embeddable":true,"href":"https:\/\/www.latilloleboienne.fr\/wordpress\/wp-json\/wp\/v2\/comments?post=4924"}],"version-history":[{"count":60,"href":"https:\/\/www.latilloleboienne.fr\/wordpress\/wp-json\/wp\/v2\/pages\/4924\/revisions"}],"predecessor-version":[{"id":5051,"href":"https:\/\/www.latilloleboienne.fr\/wordpress\/wp-json\/wp\/v2\/pages\/4924\/revisions\/5051"}],"wp:featuredmedia":[{"embeddable":true,"href":"https:\/\/www.latilloleboienne.fr\/wordpress\/wp-json\/wp\/v2\/media\/4931"}],"wp:attachment":[{"href":"https:\/\/www.latilloleboienne.fr\/wordpress\/wp-json\/wp\/v2\/media?parent=4924"}],"curies":[{"name":"wp","href":"https:\/\/api.w.org\/{rel}","templated":true}]}}