{"id":3512,"date":"2025-05-16T17:41:59","date_gmt":"2025-05-16T15:41:59","guid":{"rendered":"https:\/\/www.latilloleboienne.fr\/wordpress\/?page_id=3512"},"modified":"2025-05-16T17:41:59","modified_gmt":"2025-05-16T15:41:59","slug":"plan-de-la-boienne","status":"publish","type":"page","link":"https:\/\/www.latilloleboienne.fr\/wordpress\/plan-de-la-boienne\/","title":{"rendered":"Plan de La Bo\u00efenne"},"content":{"rendered":"\n<p>Le plan de la Bo\u00efenne<\/p>\n\n\n\n<div class=\"wp-block-file\"><a id=\"wp-block-file--media-bca553c7-2b2f-4741-882a-722df293778b\" href=\"https:\/\/www.latilloleboienne.fr\/wordpress\/wp-content\/uploads\/2025\/05\/Pinasse_V10.0_NB_A0_4096-scaled.jpg\">Pinasse_V10.0_N&#038;B_A0_4096<\/a><a href=\"https:\/\/www.latilloleboienne.fr\/wordpress\/wp-content\/uploads\/2025\/05\/Pinasse_V10.0_NB_A0_4096-scaled.jpg\" class=\"wp-block-file__button wp-element-button\" download aria-describedby=\"wp-block-file--media-bca553c7-2b2f-4741-882a-722df293778b\">T\u00e9l\u00e9charger<\/a><\/div>\n\n\n\n<figure class=\"wp-block-image size-large\"><img loading=\"lazy\" decoding=\"async\" width=\"1526\" height=\"1080\" src=\"https:\/\/www.latilloleboienne.fr\/wordpress\/wp-content\/uploads\/2025\/05\/Pinasse_V10.0_NB_A0_4096-1526x1080.jpg\" alt=\"Pr\u00e9sentation de la Pinasse la Bo\u00efenne\" class=\"wp-image-3497\" srcset=\"https:\/\/www.latilloleboienne.fr\/wordpress\/wp-content\/uploads\/2025\/05\/Pinasse_V10.0_NB_A0_4096-1526x1080.jpg 1526w, https:\/\/www.latilloleboienne.fr\/wordpress\/wp-content\/uploads\/2025\/05\/Pinasse_V10.0_NB_A0_4096-800x566.jpg 800w, https:\/\/www.latilloleboienne.fr\/wordpress\/wp-content\/uploads\/2025\/05\/Pinasse_V10.0_NB_A0_4096-768x543.jpg 768w, https:\/\/www.latilloleboienne.fr\/wordpress\/wp-content\/uploads\/2025\/05\/Pinasse_V10.0_NB_A0_4096-1536x1087.jpg 1536w, https:\/\/www.latilloleboienne.fr\/wordpress\/wp-content\/uploads\/2025\/05\/Pinasse_V10.0_NB_A0_4096-2048x1449.jpg 2048w, https:\/\/www.latilloleboienne.fr\/wordpress\/wp-content\/uploads\/2025\/05\/Pinasse_V10.0_NB_A0_4096-424x300.jpg 424w\" sizes=\"auto, (max-width: 1526px) 100vw, 1526px\" \/><\/figure>\n","protected":false},"excerpt":{"rendered":"<p>Le plan de la Bo\u00efenne<\/p>\n","protected":false},"author":5,"featured_media":0,"parent":0,"menu_order":0,"comment_status":"closed","ping_status":"closed","template":"","meta":{"footnotes":""},"class_list":["post-3512","page","type-page","status-publish","hentry"],"yoast_head":"<!-- This site is optimized with the Yoast SEO plugin v27.4 - https:\/\/yoast.com\/product\/yoast-seo-wordpress\/ -->\n<title>Plan de La Bo\u00efenne - La Tillole Bo\u00efenne<\/title>\n<meta name=\"robots\" content=\"index, follow, max-snippet:-1, max-image-preview:large, max-video-preview:-1\" \/>\n<link rel=\"canonical\" href=\"https:\/\/www.latilloleboienne.fr\/wordpress\/plan-de-la-boienne\/\" \/>\n<meta property=\"og:locale\" content=\"fr_FR\" \/>\n<meta property=\"og:type\" content=\"article\" \/>\n<meta property=\"og:title\" content=\"Plan de La Bo\u00efenne - La Tillole Bo\u00efenne\" \/>\n<meta property=\"og:description\" content=\"Le plan de la Bo\u00efenne\" \/>\n<meta property=\"og:url\" content=\"https:\/\/www.latilloleboienne.fr\/wordpress\/plan-de-la-boienne\/\" \/>\n<meta property=\"og:site_name\" content=\"La Tillole Bo\u00efenne\" \/>\n<meta property=\"og:image\" content=\"https:\/\/www.latilloleboienne.fr\/wordpress\/wp-content\/uploads\/2025\/05\/Pinasse_V10.0_NB_A0_4096-scaled.jpg\" \/>\n\t<meta property=\"og:image:width\" content=\"2560\" \/>\n\t<meta property=\"og:image:height\" content=\"1811\" \/>\n\t<meta property=\"og:image:type\" content=\"image\/jpeg\" \/>\n<meta name=\"twitter:card\" content=\"summary_large_image\" \/>\n<meta name=\"twitter:label1\" content=\"Dur\u00e9e de lecture estim\u00e9e\" \/>\n\t<meta name=\"twitter:data1\" content=\"1 minute\" \/>\n<script type=\"application\/ld+json\" class=\"yoast-schema-graph\">{\"@context\":\"https:\\\/\\\/schema.org\",\"@graph\":[{\"@type\":\"WebPage\",\"@id\":\"https:\\\/\\\/www.latilloleboienne.fr\\\/wordpress\\\/plan-de-la-boienne\\\/\",\"url\":\"https:\\\/\\\/www.latilloleboienne.fr\\\/wordpress\\\/plan-de-la-boienne\\\/\",\"name\":\"Plan de La Bo\u00efenne - La Tillole Bo\u00efenne\",\"isPartOf\":{\"@id\":\"https:\\\/\\\/www.latilloleboienne.fr\\\/wordpress\\\/#website\"},\"primaryImageOfPage\":{\"@id\":\"https:\\\/\\\/www.latilloleboienne.fr\\\/wordpress\\\/plan-de-la-boienne\\\/#primaryimage\"},\"image\":{\"@id\":\"https:\\\/\\\/www.latilloleboienne.fr\\\/wordpress\\\/plan-de-la-boienne\\\/#primaryimage\"},\"thumbnailUrl\":\"https:\\\/\\\/www.latilloleboienne.fr\\\/wordpress\\\/wp-content\\\/uploads\\\/2025\\\/05\\\/Pinasse_V10.0_NB_A0_4096-1526x1080.jpg\",\"datePublished\":\"2025-05-16T15:41:59+00:00\",\"breadcrumb\":{\"@id\":\"https:\\\/\\\/www.latilloleboienne.fr\\\/wordpress\\\/plan-de-la-boienne\\\/#breadcrumb\"},\"inLanguage\":\"fr-FR\",\"potentialAction\":[{\"@type\":\"ReadAction\",\"target\":[\"https:\\\/\\\/www.latilloleboienne.fr\\\/wordpress\\\/plan-de-la-boienne\\\/\"]}]},{\"@type\":\"ImageObject\",\"inLanguage\":\"fr-FR\",\"@id\":\"https:\\\/\\\/www.latilloleboienne.fr\\\/wordpress\\\/plan-de-la-boienne\\\/#primaryimage\",\"url\":\"https:\\\/\\\/www.latilloleboienne.fr\\\/wordpress\\\/wp-content\\\/uploads\\\/2025\\\/05\\\/Pinasse_V10.0_NB_A0_4096-scaled.jpg\",\"contentUrl\":\"https:\\\/\\\/www.latilloleboienne.fr\\\/wordpress\\\/wp-content\\\/uploads\\\/2025\\\/05\\\/Pinasse_V10.0_NB_A0_4096-scaled.jpg\",\"width\":2560,\"height\":1811,\"caption\":\"Pr\u00e9sentation de la Pinasse la Bo\u00efenne\"},{\"@type\":\"BreadcrumbList\",\"@id\":\"https:\\\/\\\/www.latilloleboienne.fr\\\/wordpress\\\/plan-de-la-boienne\\\/#breadcrumb\",\"itemListElement\":[{\"@type\":\"ListItem\",\"position\":1,\"name\":\"Accueil\",\"item\":\"https:\\\/\\\/www.latilloleboienne.fr\\\/wordpress\\\/\"},{\"@type\":\"ListItem\",\"position\":2,\"name\":\"Plan de La Bo\u00efenne\"}]},{\"@type\":\"WebSite\",\"@id\":\"https:\\\/\\\/www.latilloleboienne.fr\\\/wordpress\\\/#website\",\"url\":\"https:\\\/\\\/www.latilloleboienne.fr\\\/wordpress\\\/\",\"name\":\"La Tillole Bo\u00efenne\",\"description\":\"La tradition nautique du Bassin d&#039;Arcachon\",\"publisher\":{\"@id\":\"https:\\\/\\\/www.latilloleboienne.fr\\\/wordpress\\\/#organization\"},\"potentialAction\":[{\"@type\":\"SearchAction\",\"target\":{\"@type\":\"EntryPoint\",\"urlTemplate\":\"https:\\\/\\\/www.latilloleboienne.fr\\\/wordpress\\\/?s={search_term_string}\"},\"query-input\":{\"@type\":\"PropertyValueSpecification\",\"valueRequired\":true,\"valueName\":\"search_term_string\"}}],\"inLanguage\":\"fr-FR\"},{\"@type\":\"Organization\",\"@id\":\"https:\\\/\\\/www.latilloleboienne.fr\\\/wordpress\\\/#organization\",\"name\":\"Association La Tillole Bo\u00efenne\",\"url\":\"https:\\\/\\\/www.latilloleboienne.fr\\\/wordpress\\\/\",\"logo\":{\"@type\":\"ImageObject\",\"inLanguage\":\"fr-FR\",\"@id\":\"https:\\\/\\\/www.latilloleboienne.fr\\\/wordpress\\\/#\\\/schema\\\/logo\\\/image\\\/\",\"url\":\"https:\\\/\\\/www.latilloleboienne.fr\\\/wordpress\\\/wp-content\\\/uploads\\\/2022\\\/05\\\/Logo-Rond-La-Tillole-Boienne.png\",\"contentUrl\":\"https:\\\/\\\/www.latilloleboienne.fr\\\/wordpress\\\/wp-content\\\/uploads\\\/2022\\\/05\\\/Logo-Rond-La-Tillole-Boienne.png\",\"width\":162,\"height\":160,\"caption\":\"Association La Tillole Bo\u00efenne\"},\"image\":{\"@id\":\"https:\\\/\\\/www.latilloleboienne.fr\\\/wordpress\\\/#\\\/schema\\\/logo\\\/image\\\/\"}}]}<\/script>\n<!-- \/ Yoast SEO plugin. -->","yoast_head_json":{"title":"Plan de La Bo\u00efenne - La Tillole Bo\u00efenne","robots":{"index":"index","follow":"follow","max-snippet":"max-snippet:-1","max-image-preview":"max-image-preview:large","max-video-preview":"max-video-preview:-1"},"canonical":"https:\/\/www.latilloleboienne.fr\/wordpress\/plan-de-la-boienne\/","og_locale":"fr_FR","og_type":"article","og_title":"Plan de La Bo\u00efenne - La Tillole Bo\u00efenne","og_description":"Le plan de la Bo\u00efenne","og_url":"https:\/\/www.latilloleboienne.fr\/wordpress\/plan-de-la-boienne\/","og_site_name":"La Tillole Bo\u00efenne","og_image":[{"width":2560,"height":1811,"url":"https:\/\/www.latilloleboienne.fr\/wordpress\/wp-content\/uploads\/2025\/05\/Pinasse_V10.0_NB_A0_4096-scaled.jpg","type":"image\/jpeg"}],"twitter_card":"summary_large_image","twitter_misc":{"Dur\u00e9e de lecture estim\u00e9e":"1 minute"},"schema":{"@context":"https:\/\/schema.org","@graph":[{"@type":"WebPage","@id":"https:\/\/www.latilloleboienne.fr\/wordpress\/plan-de-la-boienne\/","url":"https:\/\/www.latilloleboienne.fr\/wordpress\/plan-de-la-boienne\/","name":"Plan de La Bo\u00efenne - La Tillole Bo\u00efenne","isPartOf":{"@id":"https:\/\/www.latilloleboienne.fr\/wordpress\/#website"},"primaryImageOfPage":{"@id":"https:\/\/www.latilloleboienne.fr\/wordpress\/plan-de-la-boienne\/#primaryimage"},"image":{"@id":"https:\/\/www.latilloleboienne.fr\/wordpress\/plan-de-la-boienne\/#primaryimage"},"thumbnailUrl":"https:\/\/www.latilloleboienne.fr\/wordpress\/wp-content\/uploads\/2025\/05\/Pinasse_V10.0_NB_A0_4096-1526x1080.jpg","datePublished":"2025-05-16T15:41:59+00:00","breadcrumb":{"@id":"https:\/\/www.latilloleboienne.fr\/wordpress\/plan-de-la-boienne\/#breadcrumb"},"inLanguage":"fr-FR","potentialAction":[{"@type":"ReadAction","target":["https:\/\/www.latilloleboienne.fr\/wordpress\/plan-de-la-boienne\/"]}]},{"@type":"ImageObject","inLanguage":"fr-FR","@id":"https:\/\/www.latilloleboienne.fr\/wordpress\/plan-de-la-boienne\/#primaryimage","url":"https:\/\/www.latilloleboienne.fr\/wordpress\/wp-content\/uploads\/2025\/05\/Pinasse_V10.0_NB_A0_4096-scaled.jpg","contentUrl":"https:\/\/www.latilloleboienne.fr\/wordpress\/wp-content\/uploads\/2025\/05\/Pinasse_V10.0_NB_A0_4096-scaled.jpg","width":2560,"height":1811,"caption":"Pr\u00e9sentation de la Pinasse la Bo\u00efenne"},{"@type":"BreadcrumbList","@id":"https:\/\/www.latilloleboienne.fr\/wordpress\/plan-de-la-boienne\/#breadcrumb","itemListElement":[{"@type":"ListItem","position":1,"name":"Accueil","item":"https:\/\/www.latilloleboienne.fr\/wordpress\/"},{"@type":"ListItem","position":2,"name":"Plan de La Bo\u00efenne"}]},{"@type":"WebSite","@id":"https:\/\/www.latilloleboienne.fr\/wordpress\/#website","url":"https:\/\/www.latilloleboienne.fr\/wordpress\/","name":"La Tillole Bo\u00efenne","description":"La tradition nautique du Bassin d&#039;Arcachon","publisher":{"@id":"https:\/\/www.latilloleboienne.fr\/wordpress\/#organization"},"potentialAction":[{"@type":"SearchAction","target":{"@type":"EntryPoint","urlTemplate":"https:\/\/www.latilloleboienne.fr\/wordpress\/?s={search_term_string}"},"query-input":{"@type":"PropertyValueSpecification","valueRequired":true,"valueName":"search_term_string"}}],"inLanguage":"fr-FR"},{"@type":"Organization","@id":"https:\/\/www.latilloleboienne.fr\/wordpress\/#organization","name":"Association La Tillole Bo\u00efenne","url":"https:\/\/www.latilloleboienne.fr\/wordpress\/","logo":{"@type":"ImageObject","inLanguage":"fr-FR","@id":"https:\/\/www.latilloleboienne.fr\/wordpress\/#\/schema\/logo\/image\/","url":"https:\/\/www.latilloleboienne.fr\/wordpress\/wp-content\/uploads\/2022\/05\/Logo-Rond-La-Tillole-Boienne.png","contentUrl":"https:\/\/www.latilloleboienne.fr\/wordpress\/wp-content\/uploads\/2022\/05\/Logo-Rond-La-Tillole-Boienne.png","width":162,"height":160,"caption":"Association La Tillole Bo\u00efenne"},"image":{"@id":"https:\/\/www.latilloleboienne.fr\/wordpress\/#\/schema\/logo\/image\/"}}]}},"_links":{"self":[{"href":"https:\/\/www.latilloleboienne.fr\/wordpress\/wp-json\/wp\/v2\/pages\/3512","targetHints":{"allow":["GET"]}}],"collection":[{"href":"https:\/\/www.latilloleboienne.fr\/wordpress\/wp-json\/wp\/v2\/pages"}],"about":[{"href":"https:\/\/www.latilloleboienne.fr\/wordpress\/wp-json\/wp\/v2\/types\/page"}],"author":[{"embeddable":true,"href":"https:\/\/www.latilloleboienne.fr\/wordpress\/wp-json\/wp\/v2\/users\/5"}],"replies":[{"embeddable":true,"href":"https:\/\/www.latilloleboienne.fr\/wordpress\/wp-json\/wp\/v2\/comments?post=3512"}],"version-history":[{"count":1,"href":"https:\/\/www.latilloleboienne.fr\/wordpress\/wp-json\/wp\/v2\/pages\/3512\/revisions"}],"predecessor-version":[{"id":3513,"href":"https:\/\/www.latilloleboienne.fr\/wordpress\/wp-json\/wp\/v2\/pages\/3512\/revisions\/3513"}],"wp:attachment":[{"href":"https:\/\/www.latilloleboienne.fr\/wordpress\/wp-json\/wp\/v2\/media?parent=3512"}],"curies":[{"name":"wp","href":"https:\/\/api.w.org\/{rel}","templated":true}]}}