{"id":3431,"date":"2025-02-14T01:49:13","date_gmt":"2025-02-13T23:49:13","guid":{"rendered":"https:\/\/www.latilloleboienne.fr\/wordpress\/?page_id=3431"},"modified":"2025-09-09T15:17:14","modified_gmt":"2025-09-09T13:17:14","slug":"2025-2","status":"publish","type":"page","link":"https:\/\/www.latilloleboienne.fr\/wordpress\/activites\/photos\/2025-2\/","title":{"rendered":"2025"},"content":{"rendered":"\n<p class=\"has-medium-font-size\"><strong>Ann\u00e9e marqu\u00e9e par la semaine du Golfe du Morbihan<\/strong><\/p>\n\n\n\n<figure class=\"wp-block-image size-large\"><img loading=\"lazy\" decoding=\"async\" width=\"1620\" height=\"1080\" src=\"https:\/\/www.latilloleboienne.fr\/wordpress\/wp-content\/uploads\/2025\/06\/SemaineDuGolfeDuMorbihan_2025_001-1620x1080.jpg\" alt=\"\" class=\"wp-image-3523\" srcset=\"https:\/\/www.latilloleboienne.fr\/wordpress\/wp-content\/uploads\/2025\/06\/SemaineDuGolfeDuMorbihan_2025_001-1620x1080.jpg 1620w, https:\/\/www.latilloleboienne.fr\/wordpress\/wp-content\/uploads\/2025\/06\/SemaineDuGolfeDuMorbihan_2025_001-800x533.jpg 800w, https:\/\/www.latilloleboienne.fr\/wordpress\/wp-content\/uploads\/2025\/06\/SemaineDuGolfeDuMorbihan_2025_001-768x512.jpg 768w, https:\/\/www.latilloleboienne.fr\/wordpress\/wp-content\/uploads\/2025\/06\/SemaineDuGolfeDuMorbihan_2025_001-1536x1024.jpg 1536w, https:\/\/www.latilloleboienne.fr\/wordpress\/wp-content\/uploads\/2025\/06\/SemaineDuGolfeDuMorbihan_2025_001-450x300.jpg 450w, https:\/\/www.latilloleboienne.fr\/wordpress\/wp-content\/uploads\/2025\/06\/SemaineDuGolfeDuMorbihan_2025_001.jpg 2048w\" sizes=\"auto, (max-width: 1620px) 100vw, 1620px\" \/><\/figure>\n\n\n\n<p><a href=\"https:\/\/www.latilloleboienne.fr\/wordpress\/semaine-du-golfe-2025\/\">Semaine du Golfe du Morbihan<\/a><\/p>\n\n\n\n<p class=\"has-medium-font-size\"><strong>R\u00e9gates du championnat de l&rsquo;Amicale 2025<\/strong><\/p>\n\n\n\n<p><a href=\"https:\/\/www.latilloleboienne.fr\/wordpress\/regate-daudenge-14-juin-2025\/\">R\u00e9gate d&rsquo;Audenge<\/a><\/p>\n\n\n\n<p class=\"has-medium-font-size\"><strong>Sortie CAP33<\/strong><\/p>\n\n\n\n<p><a href=\"https:\/\/www.latilloleboienne.fr\/wordpress\/sortie-cap33-du-11-juillet-2025\/\">Sortie du 11 juillet 2025<\/a><\/p>\n\n\n\n<p class=\"has-medium-font-size\"><strong>Sortie d\u00e9couverte de nos <a href=\"https:\/\/www.latilloleboienne.fr\/wordpress\/association\/partenaires\/\">partenaires<\/a><\/strong><\/p>\n\n\n\n<p><a href=\"https:\/\/www.latilloleboienne.fr\/wordpress\/sortie-partenaires\/\">Sortie du 08 septembre 2025<\/a><\/p>\n\n\n\n<p><\/p>\n","protected":false},"excerpt":{"rendered":"<p>Ann\u00e9e marqu\u00e9e par la semaine du Golfe du Morbihan Semaine du Golfe du Morbihan R\u00e9gates du championnat de l&rsquo;Amicale 2025 R\u00e9gate d&rsquo;Audenge Sortie CAP33 Sortie du 11 juillet 2025 Sortie d\u00e9couverte de nos partenaires Sortie du 08 septembre 2025<\/p>\n","protected":false},"author":3,"featured_media":0,"parent":107,"menu_order":31,"comment_status":"closed","ping_status":"closed","template":"","meta":{"footnotes":""},"class_list":["post-3431","page","type-page","status-publish","hentry"],"yoast_head":"<!-- This site is optimized with the Yoast SEO plugin v27.5 - https:\/\/yoast.com\/product\/yoast-seo-wordpress\/ -->\n<title>2025 - La Tillole Bo\u00efenne<\/title>\n<meta name=\"robots\" content=\"index, follow, max-snippet:-1, max-image-preview:large, max-video-preview:-1\" \/>\n<link rel=\"canonical\" href=\"https:\/\/www.latilloleboienne.fr\/wordpress\/activites\/photos\/2025-2\/\" \/>\n<meta property=\"og:locale\" content=\"fr_FR\" \/>\n<meta property=\"og:type\" content=\"article\" \/>\n<meta property=\"og:title\" content=\"2025 - La Tillole Bo\u00efenne\" \/>\n<meta property=\"og:description\" content=\"Ann\u00e9e marqu\u00e9e par la semaine du Golfe du Morbihan Semaine du Golfe du Morbihan R\u00e9gates du championnat de l&rsquo;Amicale 2025 R\u00e9gate d&rsquo;Audenge Sortie CAP33 Sortie du 11 juillet 2025 Sortie d\u00e9couverte de nos partenaires Sortie du 08 septembre 2025\" \/>\n<meta property=\"og:url\" content=\"https:\/\/www.latilloleboienne.fr\/wordpress\/activites\/photos\/2025-2\/\" \/>\n<meta property=\"og:site_name\" content=\"La Tillole Bo\u00efenne\" \/>\n<meta property=\"article:modified_time\" content=\"2025-09-09T13:17:14+00:00\" \/>\n<meta property=\"og:image\" content=\"https:\/\/www.latilloleboienne.fr\/wordpress\/wp-content\/uploads\/2025\/06\/SemaineDuGolfeDuMorbihan_2025_001-1620x1080.jpg\" \/>\n\t<meta property=\"og:image:width\" content=\"1620\" \/>\n\t<meta property=\"og:image:height\" content=\"1080\" \/>\n\t<meta property=\"og:image:type\" content=\"image\/jpeg\" \/>\n<meta name=\"twitter:card\" content=\"summary_large_image\" \/>\n<meta name=\"twitter:label1\" content=\"Dur\u00e9e de lecture estim\u00e9e\" \/>\n\t<meta name=\"twitter:data1\" content=\"1 minute\" \/>\n<script type=\"application\/ld+json\" class=\"yoast-schema-graph\">{\"@context\":\"https:\\\/\\\/schema.org\",\"@graph\":[{\"@type\":\"WebPage\",\"@id\":\"https:\\\/\\\/www.latilloleboienne.fr\\\/wordpress\\\/activites\\\/photos\\\/2025-2\\\/\",\"url\":\"https:\\\/\\\/www.latilloleboienne.fr\\\/wordpress\\\/activites\\\/photos\\\/2025-2\\\/\",\"name\":\"2025 - La Tillole Bo\u00efenne\",\"isPartOf\":{\"@id\":\"https:\\\/\\\/www.latilloleboienne.fr\\\/wordpress\\\/#website\"},\"primaryImageOfPage\":{\"@id\":\"https:\\\/\\\/www.latilloleboienne.fr\\\/wordpress\\\/activites\\\/photos\\\/2025-2\\\/#primaryimage\"},\"image\":{\"@id\":\"https:\\\/\\\/www.latilloleboienne.fr\\\/wordpress\\\/activites\\\/photos\\\/2025-2\\\/#primaryimage\"},\"thumbnailUrl\":\"https:\\\/\\\/www.latilloleboienne.fr\\\/wordpress\\\/wp-content\\\/uploads\\\/2025\\\/06\\\/SemaineDuGolfeDuMorbihan_2025_001-1620x1080.jpg\",\"datePublished\":\"2025-02-13T23:49:13+00:00\",\"dateModified\":\"2025-09-09T13:17:14+00:00\",\"breadcrumb\":{\"@id\":\"https:\\\/\\\/www.latilloleboienne.fr\\\/wordpress\\\/activites\\\/photos\\\/2025-2\\\/#breadcrumb\"},\"inLanguage\":\"fr-FR\",\"potentialAction\":[{\"@type\":\"ReadAction\",\"target\":[\"https:\\\/\\\/www.latilloleboienne.fr\\\/wordpress\\\/activites\\\/photos\\\/2025-2\\\/\"]}]},{\"@type\":\"ImageObject\",\"inLanguage\":\"fr-FR\",\"@id\":\"https:\\\/\\\/www.latilloleboienne.fr\\\/wordpress\\\/activites\\\/photos\\\/2025-2\\\/#primaryimage\",\"url\":\"https:\\\/\\\/www.latilloleboienne.fr\\\/wordpress\\\/wp-content\\\/uploads\\\/2025\\\/06\\\/SemaineDuGolfeDuMorbihan_2025_001.jpg\",\"contentUrl\":\"https:\\\/\\\/www.latilloleboienne.fr\\\/wordpress\\\/wp-content\\\/uploads\\\/2025\\\/06\\\/SemaineDuGolfeDuMorbihan_2025_001.jpg\",\"width\":2048,\"height\":1365},{\"@type\":\"BreadcrumbList\",\"@id\":\"https:\\\/\\\/www.latilloleboienne.fr\\\/wordpress\\\/activites\\\/photos\\\/2025-2\\\/#breadcrumb\",\"itemListElement\":[{\"@type\":\"ListItem\",\"position\":1,\"name\":\"Accueil\",\"item\":\"https:\\\/\\\/www.latilloleboienne.fr\\\/wordpress\\\/\"},{\"@type\":\"ListItem\",\"position\":2,\"name\":\"Activit\u00e9s\",\"item\":\"https:\\\/\\\/www.latilloleboienne.fr\\\/wordpress\\\/activites\\\/\"},{\"@type\":\"ListItem\",\"position\":3,\"name\":\"Photos\",\"item\":\"https:\\\/\\\/www.latilloleboienne.fr\\\/wordpress\\\/activites\\\/photos\\\/\"},{\"@type\":\"ListItem\",\"position\":4,\"name\":\"2025\"}]},{\"@type\":\"WebSite\",\"@id\":\"https:\\\/\\\/www.latilloleboienne.fr\\\/wordpress\\\/#website\",\"url\":\"https:\\\/\\\/www.latilloleboienne.fr\\\/wordpress\\\/\",\"name\":\"La Tillole Bo\u00efenne\",\"description\":\"La tradition nautique du Bassin d&#039;Arcachon\",\"publisher\":{\"@id\":\"https:\\\/\\\/www.latilloleboienne.fr\\\/wordpress\\\/#organization\"},\"potentialAction\":[{\"@type\":\"SearchAction\",\"target\":{\"@type\":\"EntryPoint\",\"urlTemplate\":\"https:\\\/\\\/www.latilloleboienne.fr\\\/wordpress\\\/?s={search_term_string}\"},\"query-input\":{\"@type\":\"PropertyValueSpecification\",\"valueRequired\":true,\"valueName\":\"search_term_string\"}}],\"inLanguage\":\"fr-FR\"},{\"@type\":\"Organization\",\"@id\":\"https:\\\/\\\/www.latilloleboienne.fr\\\/wordpress\\\/#organization\",\"name\":\"Association La Tillole Bo\u00efenne\",\"url\":\"https:\\\/\\\/www.latilloleboienne.fr\\\/wordpress\\\/\",\"logo\":{\"@type\":\"ImageObject\",\"inLanguage\":\"fr-FR\",\"@id\":\"https:\\\/\\\/www.latilloleboienne.fr\\\/wordpress\\\/#\\\/schema\\\/logo\\\/image\\\/\",\"url\":\"https:\\\/\\\/www.latilloleboienne.fr\\\/wordpress\\\/wp-content\\\/uploads\\\/2022\\\/05\\\/Logo-Rond-La-Tillole-Boienne.png\",\"contentUrl\":\"https:\\\/\\\/www.latilloleboienne.fr\\\/wordpress\\\/wp-content\\\/uploads\\\/2022\\\/05\\\/Logo-Rond-La-Tillole-Boienne.png\",\"width\":162,\"height\":160,\"caption\":\"Association La Tillole Bo\u00efenne\"},\"image\":{\"@id\":\"https:\\\/\\\/www.latilloleboienne.fr\\\/wordpress\\\/#\\\/schema\\\/logo\\\/image\\\/\"}}]}<\/script>\n<!-- \/ Yoast SEO plugin. -->","yoast_head_json":{"title":"2025 - La Tillole Bo\u00efenne","robots":{"index":"index","follow":"follow","max-snippet":"max-snippet:-1","max-image-preview":"max-image-preview:large","max-video-preview":"max-video-preview:-1"},"canonical":"https:\/\/www.latilloleboienne.fr\/wordpress\/activites\/photos\/2025-2\/","og_locale":"fr_FR","og_type":"article","og_title":"2025 - La Tillole Bo\u00efenne","og_description":"Ann\u00e9e marqu\u00e9e par la semaine du Golfe du Morbihan Semaine du Golfe du Morbihan R\u00e9gates du championnat de l&rsquo;Amicale 2025 R\u00e9gate d&rsquo;Audenge Sortie CAP33 Sortie du 11 juillet 2025 Sortie d\u00e9couverte de nos partenaires Sortie du 08 septembre 2025","og_url":"https:\/\/www.latilloleboienne.fr\/wordpress\/activites\/photos\/2025-2\/","og_site_name":"La Tillole Bo\u00efenne","article_modified_time":"2025-09-09T13:17:14+00:00","og_image":[{"width":1620,"height":1080,"url":"https:\/\/www.latilloleboienne.fr\/wordpress\/wp-content\/uploads\/2025\/06\/SemaineDuGolfeDuMorbihan_2025_001-1620x1080.jpg","type":"image\/jpeg"}],"twitter_card":"summary_large_image","twitter_misc":{"Dur\u00e9e de lecture estim\u00e9e":"1 minute"},"schema":{"@context":"https:\/\/schema.org","@graph":[{"@type":"WebPage","@id":"https:\/\/www.latilloleboienne.fr\/wordpress\/activites\/photos\/2025-2\/","url":"https:\/\/www.latilloleboienne.fr\/wordpress\/activites\/photos\/2025-2\/","name":"2025 - La Tillole Bo\u00efenne","isPartOf":{"@id":"https:\/\/www.latilloleboienne.fr\/wordpress\/#website"},"primaryImageOfPage":{"@id":"https:\/\/www.latilloleboienne.fr\/wordpress\/activites\/photos\/2025-2\/#primaryimage"},"image":{"@id":"https:\/\/www.latilloleboienne.fr\/wordpress\/activites\/photos\/2025-2\/#primaryimage"},"thumbnailUrl":"https:\/\/www.latilloleboienne.fr\/wordpress\/wp-content\/uploads\/2025\/06\/SemaineDuGolfeDuMorbihan_2025_001-1620x1080.jpg","datePublished":"2025-02-13T23:49:13+00:00","dateModified":"2025-09-09T13:17:14+00:00","breadcrumb":{"@id":"https:\/\/www.latilloleboienne.fr\/wordpress\/activites\/photos\/2025-2\/#breadcrumb"},"inLanguage":"fr-FR","potentialAction":[{"@type":"ReadAction","target":["https:\/\/www.latilloleboienne.fr\/wordpress\/activites\/photos\/2025-2\/"]}]},{"@type":"ImageObject","inLanguage":"fr-FR","@id":"https:\/\/www.latilloleboienne.fr\/wordpress\/activites\/photos\/2025-2\/#primaryimage","url":"https:\/\/www.latilloleboienne.fr\/wordpress\/wp-content\/uploads\/2025\/06\/SemaineDuGolfeDuMorbihan_2025_001.jpg","contentUrl":"https:\/\/www.latilloleboienne.fr\/wordpress\/wp-content\/uploads\/2025\/06\/SemaineDuGolfeDuMorbihan_2025_001.jpg","width":2048,"height":1365},{"@type":"BreadcrumbList","@id":"https:\/\/www.latilloleboienne.fr\/wordpress\/activites\/photos\/2025-2\/#breadcrumb","itemListElement":[{"@type":"ListItem","position":1,"name":"Accueil","item":"https:\/\/www.latilloleboienne.fr\/wordpress\/"},{"@type":"ListItem","position":2,"name":"Activit\u00e9s","item":"https:\/\/www.latilloleboienne.fr\/wordpress\/activites\/"},{"@type":"ListItem","position":3,"name":"Photos","item":"https:\/\/www.latilloleboienne.fr\/wordpress\/activites\/photos\/"},{"@type":"ListItem","position":4,"name":"2025"}]},{"@type":"WebSite","@id":"https:\/\/www.latilloleboienne.fr\/wordpress\/#website","url":"https:\/\/www.latilloleboienne.fr\/wordpress\/","name":"La Tillole Bo\u00efenne","description":"La tradition nautique du Bassin d&#039;Arcachon","publisher":{"@id":"https:\/\/www.latilloleboienne.fr\/wordpress\/#organization"},"potentialAction":[{"@type":"SearchAction","target":{"@type":"EntryPoint","urlTemplate":"https:\/\/www.latilloleboienne.fr\/wordpress\/?s={search_term_string}"},"query-input":{"@type":"PropertyValueSpecification","valueRequired":true,"valueName":"search_term_string"}}],"inLanguage":"fr-FR"},{"@type":"Organization","@id":"https:\/\/www.latilloleboienne.fr\/wordpress\/#organization","name":"Association La Tillole Bo\u00efenne","url":"https:\/\/www.latilloleboienne.fr\/wordpress\/","logo":{"@type":"ImageObject","inLanguage":"fr-FR","@id":"https:\/\/www.latilloleboienne.fr\/wordpress\/#\/schema\/logo\/image\/","url":"https:\/\/www.latilloleboienne.fr\/wordpress\/wp-content\/uploads\/2022\/05\/Logo-Rond-La-Tillole-Boienne.png","contentUrl":"https:\/\/www.latilloleboienne.fr\/wordpress\/wp-content\/uploads\/2022\/05\/Logo-Rond-La-Tillole-Boienne.png","width":162,"height":160,"caption":"Association La Tillole Bo\u00efenne"},"image":{"@id":"https:\/\/www.latilloleboienne.fr\/wordpress\/#\/schema\/logo\/image\/"}}]}},"_links":{"self":[{"href":"https:\/\/www.latilloleboienne.fr\/wordpress\/wp-json\/wp\/v2\/pages\/3431","targetHints":{"allow":["GET"]}}],"collection":[{"href":"https:\/\/www.latilloleboienne.fr\/wordpress\/wp-json\/wp\/v2\/pages"}],"about":[{"href":"https:\/\/www.latilloleboienne.fr\/wordpress\/wp-json\/wp\/v2\/types\/page"}],"author":[{"embeddable":true,"href":"https:\/\/www.latilloleboienne.fr\/wordpress\/wp-json\/wp\/v2\/users\/3"}],"replies":[{"embeddable":true,"href":"https:\/\/www.latilloleboienne.fr\/wordpress\/wp-json\/wp\/v2\/comments?post=3431"}],"version-history":[{"count":16,"href":"https:\/\/www.latilloleboienne.fr\/wordpress\/wp-json\/wp\/v2\/pages\/3431\/revisions"}],"predecessor-version":[{"id":5401,"href":"https:\/\/www.latilloleboienne.fr\/wordpress\/wp-json\/wp\/v2\/pages\/3431\/revisions\/5401"}],"up":[{"embeddable":true,"href":"https:\/\/www.latilloleboienne.fr\/wordpress\/wp-json\/wp\/v2\/pages\/107"}],"wp:attachment":[{"href":"https:\/\/www.latilloleboienne.fr\/wordpress\/wp-json\/wp\/v2\/media?parent=3431"}],"curies":[{"name":"wp","href":"https:\/\/api.w.org\/{rel}","templated":true}]}}