{"id":3358,"date":"2023-02-09T20:12:47","date_gmt":"2023-02-09T18:12:47","guid":{"rendered":"https:\/\/www.latilloleboienne.fr\/wordpress\/?page_id=3358"},"modified":"2026-02-18T19:49:50","modified_gmt":"2026-02-18T17:49:50","slug":"calendrier-des-marees","status":"publish","type":"page","link":"https:\/\/www.latilloleboienne.fr\/wordpress\/calendrier-des-marees\/","title":{"rendered":"Mar\u00e9es"},"content":{"rendered":"\n<p>Voici le calendrier des mar\u00e9es, par mois, avec les mar\u00e9es propices \u00e0 la navigation entre Audenge et Biganos :<\/p>\n\n\n<ul>\n<li><a href=\"https:\/\/latilloleboienne.fr\/wordpress\/sailing-calendar\/html\/tides-2026-03.html\" target=\"_blank\" rel=\"noreferrer noopener\">mars<\/a><\/li>\n<li><a href=\"https:\/\/latilloleboienne.fr\/wordpress\/sailing-calendar\/html\/tides-2026-04.html\" target=\"_blank\" rel=\"noreferrer noopener\">avril<\/a><\/li>\n<li><a href=\"https:\/\/latilloleboienne.fr\/wordpress\/sailing-calendar\/html\/tides-2026-05.html\" target=\"_blank\" rel=\"noreferrer noopener\">mai<\/a><\/li>\n<li><a href=\"https:\/\/latilloleboienne.fr\/wordpress\/sailing-calendar\/html\/tides-2026-06.html\" target=\"_blank\" rel=\"noreferrer noopener\">juin<\/a><\/li>\n<li><a href=\"https:\/\/latilloleboienne.fr\/wordpress\/sailing-calendar\/html\/tides-2026-07.html\" target=\"_blank\" rel=\"noreferrer noopener\">juillet<\/a><\/li>\n<li><a href=\"https:\/\/latilloleboienne.fr\/wordpress\/sailing-calendar\/html\/tides-2026-08.html\" target=\"_blank\" rel=\"noreferrer noopener\">aout<\/a><\/li>\n<li><a href=\"https:\/\/latilloleboienne.fr\/wordpress\/sailing-calendar\/html\/tides-2026-09.html\" target=\"_blank\" rel=\"noreferrer noopener\">septembre<\/a><\/li>\n<li><a href=\"https:\/\/latilloleboienne.fr\/wordpress\/sailing-calendar\/html\/tides-2026-10.html\" target=\"_blank\" rel=\"noreferrer noopener\">octobre<\/a><\/li>\n<li><a href=\"https:\/\/latilloleboienne.fr\/wordpress\/sailing-calendar\/html\/tides-2026-11.html\" target=\"_blank\" rel=\"noreferrer noopener\">novembre<\/a><\/li>\n<li><a href=\"https:\/\/latilloleboienne.fr\/wordpress\/sailing-calendar\/html\/tides-2026-12.html\" target=\"_blank\" rel=\"noreferrer noopener\">d\u00e9cembre<\/a><\/li>\n<\/ul>\n\n\n<p><a href=\"https:\/\/maree.info\/136\" target=\"_blank\" rel=\"noreferrer noopener\">Mar\u00e9e.info Arcachon<\/a><\/p>\n\n\n\n<p><\/p>\n","protected":false},"excerpt":{"rendered":"<p>Voici le calendrier des mar\u00e9es, par mois, avec les mar\u00e9es propices \u00e0 la navigation entre Audenge et Biganos : mars avril mai juin juillet aout septembre octobre novembre d\u00e9cembre Mar\u00e9e.info Arcachon<\/p>\n","protected":false},"author":2,"featured_media":0,"parent":0,"menu_order":0,"comment_status":"closed","ping_status":"closed","template":"","meta":{"footnotes":""},"class_list":["post-3358","page","type-page","status-publish","hentry"],"yoast_head":"<!-- This site is optimized with the Yoast SEO plugin v27.4 - https:\/\/yoast.com\/product\/yoast-seo-wordpress\/ -->\n<title>Mar\u00e9es - La Tillole Bo\u00efenne<\/title>\n<meta name=\"robots\" content=\"index, follow, max-snippet:-1, max-image-preview:large, max-video-preview:-1\" \/>\n<link rel=\"canonical\" href=\"https:\/\/www.latilloleboienne.fr\/wordpress\/calendrier-des-marees\/\" \/>\n<meta property=\"og:locale\" content=\"fr_FR\" \/>\n<meta property=\"og:type\" content=\"article\" \/>\n<meta property=\"og:title\" content=\"Mar\u00e9es - La Tillole Bo\u00efenne\" \/>\n<meta property=\"og:description\" content=\"Voici le calendrier des mar\u00e9es, par mois, avec les mar\u00e9es propices \u00e0 la navigation entre Audenge et Biganos : mars avril mai juin juillet aout septembre octobre novembre d\u00e9cembre Mar\u00e9e.info Arcachon\" \/>\n<meta property=\"og:url\" content=\"https:\/\/www.latilloleboienne.fr\/wordpress\/calendrier-des-marees\/\" \/>\n<meta property=\"og:site_name\" content=\"La Tillole Bo\u00efenne\" \/>\n<meta property=\"article:modified_time\" content=\"2026-02-18T17:49:50+00:00\" \/>\n<meta name=\"twitter:card\" content=\"summary_large_image\" \/>\n<meta name=\"twitter:label1\" content=\"Dur\u00e9e de lecture estim\u00e9e\" \/>\n\t<meta name=\"twitter:data1\" content=\"1 minute\" \/>\n<script type=\"application\/ld+json\" class=\"yoast-schema-graph\">{\"@context\":\"https:\\\/\\\/schema.org\",\"@graph\":[{\"@type\":\"WebPage\",\"@id\":\"https:\\\/\\\/www.latilloleboienne.fr\\\/wordpress\\\/calendrier-des-marees\\\/\",\"url\":\"https:\\\/\\\/www.latilloleboienne.fr\\\/wordpress\\\/calendrier-des-marees\\\/\",\"name\":\"Mar\u00e9es - La Tillole Bo\u00efenne\",\"isPartOf\":{\"@id\":\"https:\\\/\\\/www.latilloleboienne.fr\\\/wordpress\\\/#website\"},\"datePublished\":\"2023-02-09T18:12:47+00:00\",\"dateModified\":\"2026-02-18T17:49:50+00:00\",\"breadcrumb\":{\"@id\":\"https:\\\/\\\/www.latilloleboienne.fr\\\/wordpress\\\/calendrier-des-marees\\\/#breadcrumb\"},\"inLanguage\":\"fr-FR\",\"potentialAction\":[{\"@type\":\"ReadAction\",\"target\":[\"https:\\\/\\\/www.latilloleboienne.fr\\\/wordpress\\\/calendrier-des-marees\\\/\"]}]},{\"@type\":\"BreadcrumbList\",\"@id\":\"https:\\\/\\\/www.latilloleboienne.fr\\\/wordpress\\\/calendrier-des-marees\\\/#breadcrumb\",\"itemListElement\":[{\"@type\":\"ListItem\",\"position\":1,\"name\":\"Accueil\",\"item\":\"https:\\\/\\\/www.latilloleboienne.fr\\\/wordpress\\\/\"},{\"@type\":\"ListItem\",\"position\":2,\"name\":\"Mar\u00e9es\"}]},{\"@type\":\"WebSite\",\"@id\":\"https:\\\/\\\/www.latilloleboienne.fr\\\/wordpress\\\/#website\",\"url\":\"https:\\\/\\\/www.latilloleboienne.fr\\\/wordpress\\\/\",\"name\":\"La Tillole Bo\u00efenne\",\"description\":\"La tradition nautique du Bassin d&#039;Arcachon\",\"publisher\":{\"@id\":\"https:\\\/\\\/www.latilloleboienne.fr\\\/wordpress\\\/#organization\"},\"potentialAction\":[{\"@type\":\"SearchAction\",\"target\":{\"@type\":\"EntryPoint\",\"urlTemplate\":\"https:\\\/\\\/www.latilloleboienne.fr\\\/wordpress\\\/?s={search_term_string}\"},\"query-input\":{\"@type\":\"PropertyValueSpecification\",\"valueRequired\":true,\"valueName\":\"search_term_string\"}}],\"inLanguage\":\"fr-FR\"},{\"@type\":\"Organization\",\"@id\":\"https:\\\/\\\/www.latilloleboienne.fr\\\/wordpress\\\/#organization\",\"name\":\"Association La Tillole Bo\u00efenne\",\"url\":\"https:\\\/\\\/www.latilloleboienne.fr\\\/wordpress\\\/\",\"logo\":{\"@type\":\"ImageObject\",\"inLanguage\":\"fr-FR\",\"@id\":\"https:\\\/\\\/www.latilloleboienne.fr\\\/wordpress\\\/#\\\/schema\\\/logo\\\/image\\\/\",\"url\":\"https:\\\/\\\/www.latilloleboienne.fr\\\/wordpress\\\/wp-content\\\/uploads\\\/2022\\\/05\\\/Logo-Rond-La-Tillole-Boienne.png\",\"contentUrl\":\"https:\\\/\\\/www.latilloleboienne.fr\\\/wordpress\\\/wp-content\\\/uploads\\\/2022\\\/05\\\/Logo-Rond-La-Tillole-Boienne.png\",\"width\":162,\"height\":160,\"caption\":\"Association La Tillole Bo\u00efenne\"},\"image\":{\"@id\":\"https:\\\/\\\/www.latilloleboienne.fr\\\/wordpress\\\/#\\\/schema\\\/logo\\\/image\\\/\"}}]}<\/script>\n<!-- \/ Yoast SEO plugin. -->","yoast_head_json":{"title":"Mar\u00e9es - La Tillole Bo\u00efenne","robots":{"index":"index","follow":"follow","max-snippet":"max-snippet:-1","max-image-preview":"max-image-preview:large","max-video-preview":"max-video-preview:-1"},"canonical":"https:\/\/www.latilloleboienne.fr\/wordpress\/calendrier-des-marees\/","og_locale":"fr_FR","og_type":"article","og_title":"Mar\u00e9es - La Tillole Bo\u00efenne","og_description":"Voici le calendrier des mar\u00e9es, par mois, avec les mar\u00e9es propices \u00e0 la navigation entre Audenge et Biganos : mars avril mai juin juillet aout septembre octobre novembre d\u00e9cembre Mar\u00e9e.info Arcachon","og_url":"https:\/\/www.latilloleboienne.fr\/wordpress\/calendrier-des-marees\/","og_site_name":"La Tillole Bo\u00efenne","article_modified_time":"2026-02-18T17:49:50+00:00","twitter_card":"summary_large_image","twitter_misc":{"Dur\u00e9e de lecture estim\u00e9e":"1 minute"},"schema":{"@context":"https:\/\/schema.org","@graph":[{"@type":"WebPage","@id":"https:\/\/www.latilloleboienne.fr\/wordpress\/calendrier-des-marees\/","url":"https:\/\/www.latilloleboienne.fr\/wordpress\/calendrier-des-marees\/","name":"Mar\u00e9es - La Tillole Bo\u00efenne","isPartOf":{"@id":"https:\/\/www.latilloleboienne.fr\/wordpress\/#website"},"datePublished":"2023-02-09T18:12:47+00:00","dateModified":"2026-02-18T17:49:50+00:00","breadcrumb":{"@id":"https:\/\/www.latilloleboienne.fr\/wordpress\/calendrier-des-marees\/#breadcrumb"},"inLanguage":"fr-FR","potentialAction":[{"@type":"ReadAction","target":["https:\/\/www.latilloleboienne.fr\/wordpress\/calendrier-des-marees\/"]}]},{"@type":"BreadcrumbList","@id":"https:\/\/www.latilloleboienne.fr\/wordpress\/calendrier-des-marees\/#breadcrumb","itemListElement":[{"@type":"ListItem","position":1,"name":"Accueil","item":"https:\/\/www.latilloleboienne.fr\/wordpress\/"},{"@type":"ListItem","position":2,"name":"Mar\u00e9es"}]},{"@type":"WebSite","@id":"https:\/\/www.latilloleboienne.fr\/wordpress\/#website","url":"https:\/\/www.latilloleboienne.fr\/wordpress\/","name":"La Tillole Bo\u00efenne","description":"La tradition nautique du Bassin d&#039;Arcachon","publisher":{"@id":"https:\/\/www.latilloleboienne.fr\/wordpress\/#organization"},"potentialAction":[{"@type":"SearchAction","target":{"@type":"EntryPoint","urlTemplate":"https:\/\/www.latilloleboienne.fr\/wordpress\/?s={search_term_string}"},"query-input":{"@type":"PropertyValueSpecification","valueRequired":true,"valueName":"search_term_string"}}],"inLanguage":"fr-FR"},{"@type":"Organization","@id":"https:\/\/www.latilloleboienne.fr\/wordpress\/#organization","name":"Association La Tillole Bo\u00efenne","url":"https:\/\/www.latilloleboienne.fr\/wordpress\/","logo":{"@type":"ImageObject","inLanguage":"fr-FR","@id":"https:\/\/www.latilloleboienne.fr\/wordpress\/#\/schema\/logo\/image\/","url":"https:\/\/www.latilloleboienne.fr\/wordpress\/wp-content\/uploads\/2022\/05\/Logo-Rond-La-Tillole-Boienne.png","contentUrl":"https:\/\/www.latilloleboienne.fr\/wordpress\/wp-content\/uploads\/2022\/05\/Logo-Rond-La-Tillole-Boienne.png","width":162,"height":160,"caption":"Association La Tillole Bo\u00efenne"},"image":{"@id":"https:\/\/www.latilloleboienne.fr\/wordpress\/#\/schema\/logo\/image\/"}}]}},"_links":{"self":[{"href":"https:\/\/www.latilloleboienne.fr\/wordpress\/wp-json\/wp\/v2\/pages\/3358","targetHints":{"allow":["GET"]}}],"collection":[{"href":"https:\/\/www.latilloleboienne.fr\/wordpress\/wp-json\/wp\/v2\/pages"}],"about":[{"href":"https:\/\/www.latilloleboienne.fr\/wordpress\/wp-json\/wp\/v2\/types\/page"}],"author":[{"embeddable":true,"href":"https:\/\/www.latilloleboienne.fr\/wordpress\/wp-json\/wp\/v2\/users\/2"}],"replies":[{"embeddable":true,"href":"https:\/\/www.latilloleboienne.fr\/wordpress\/wp-json\/wp\/v2\/comments?post=3358"}],"version-history":[{"count":13,"href":"https:\/\/www.latilloleboienne.fr\/wordpress\/wp-json\/wp\/v2\/pages\/3358\/revisions"}],"predecessor-version":[{"id":5474,"href":"https:\/\/www.latilloleboienne.fr\/wordpress\/wp-json\/wp\/v2\/pages\/3358\/revisions\/5474"}],"wp:attachment":[{"href":"https:\/\/www.latilloleboienne.fr\/wordpress\/wp-json\/wp\/v2\/media?parent=3358"}],"curies":[{"name":"wp","href":"https:\/\/api.w.org\/{rel}","templated":true}]}}