{"id":2685,"date":"2022-05-08T16:19:13","date_gmt":"2022-05-08T14:19:13","guid":{"rendered":"https:\/\/www.latilloleboienne.fr\/wordpress\/?page_id=2685"},"modified":"2022-07-04T13:19:46","modified_gmt":"2022-07-04T11:19:46","slug":"2021-2","status":"publish","type":"page","link":"https:\/\/www.latilloleboienne.fr\/wordpress\/activites\/photos\/2021-2\/","title":{"rendered":"2021"},"content":{"rendered":"\n<p>Tranche de vie pour 2021 partag\u00e9e entre restrictions de la fin de la pand\u00e9mie de COVID, les phases d&rsquo;entretien, les sorties du soir, les r\u00e9gates empreints de camaraderie et quelques tr\u00e8s bons repas \u00e0 la cabane:<\/p>\n\n\n","protected":false},"excerpt":{"rendered":"<p>Tranche de vie pour 2021 partag\u00e9e entre restrictions de la fin de la pand\u00e9mie de COVID, les phases d&rsquo;entretien, les sorties du soir, les r\u00e9gates empreints de camaraderie et quelques tr\u00e8s bons repas \u00e0 la cabane:<\/p>\n","protected":false},"author":3,"featured_media":0,"parent":107,"menu_order":35,"comment_status":"closed","ping_status":"closed","template":"","meta":{"footnotes":""},"class_list":["post-2685","page","type-page","status-publish","hentry"],"yoast_head":"<!-- This site is optimized with the Yoast SEO plugin v27.4 - https:\/\/yoast.com\/product\/yoast-seo-wordpress\/ -->\n<title>2021 - La Tillole Bo\u00efenne<\/title>\n<meta name=\"robots\" content=\"index, follow, max-snippet:-1, max-image-preview:large, max-video-preview:-1\" \/>\n<link rel=\"canonical\" href=\"https:\/\/www.latilloleboienne.fr\/wordpress\/activites\/photos\/2021-2\/\" \/>\n<meta property=\"og:locale\" content=\"fr_FR\" \/>\n<meta property=\"og:type\" content=\"article\" \/>\n<meta property=\"og:title\" content=\"2021 - La Tillole Bo\u00efenne\" \/>\n<meta property=\"og:description\" content=\"Tranche de vie pour 2021 partag\u00e9e entre restrictions de la fin de la pand\u00e9mie de COVID, les phases d&rsquo;entretien, les sorties du soir, les r\u00e9gates empreints de camaraderie et quelques tr\u00e8s bons repas \u00e0 la cabane:\" \/>\n<meta property=\"og:url\" content=\"https:\/\/www.latilloleboienne.fr\/wordpress\/activites\/photos\/2021-2\/\" \/>\n<meta property=\"og:site_name\" content=\"La Tillole Bo\u00efenne\" \/>\n<meta property=\"article:modified_time\" content=\"2022-07-04T11:19:46+00:00\" \/>\n<meta name=\"twitter:card\" content=\"summary_large_image\" \/>\n<meta name=\"twitter:label1\" content=\"Dur\u00e9e de lecture estim\u00e9e\" \/>\n\t<meta name=\"twitter:data1\" content=\"1 minute\" \/>\n<script type=\"application\/ld+json\" class=\"yoast-schema-graph\">{\"@context\":\"https:\\\/\\\/schema.org\",\"@graph\":[{\"@type\":\"WebPage\",\"@id\":\"https:\\\/\\\/www.latilloleboienne.fr\\\/wordpress\\\/activites\\\/photos\\\/2021-2\\\/\",\"url\":\"https:\\\/\\\/www.latilloleboienne.fr\\\/wordpress\\\/activites\\\/photos\\\/2021-2\\\/\",\"name\":\"2021 - La Tillole Bo\u00efenne\",\"isPartOf\":{\"@id\":\"https:\\\/\\\/www.latilloleboienne.fr\\\/wordpress\\\/#website\"},\"datePublished\":\"2022-05-08T14:19:13+00:00\",\"dateModified\":\"2022-07-04T11:19:46+00:00\",\"breadcrumb\":{\"@id\":\"https:\\\/\\\/www.latilloleboienne.fr\\\/wordpress\\\/activites\\\/photos\\\/2021-2\\\/#breadcrumb\"},\"inLanguage\":\"fr-FR\",\"potentialAction\":[{\"@type\":\"ReadAction\",\"target\":[\"https:\\\/\\\/www.latilloleboienne.fr\\\/wordpress\\\/activites\\\/photos\\\/2021-2\\\/\"]}]},{\"@type\":\"BreadcrumbList\",\"@id\":\"https:\\\/\\\/www.latilloleboienne.fr\\\/wordpress\\\/activites\\\/photos\\\/2021-2\\\/#breadcrumb\",\"itemListElement\":[{\"@type\":\"ListItem\",\"position\":1,\"name\":\"Accueil\",\"item\":\"https:\\\/\\\/www.latilloleboienne.fr\\\/wordpress\\\/\"},{\"@type\":\"ListItem\",\"position\":2,\"name\":\"Activit\u00e9s\",\"item\":\"https:\\\/\\\/www.latilloleboienne.fr\\\/wordpress\\\/activites\\\/\"},{\"@type\":\"ListItem\",\"position\":3,\"name\":\"Photos\",\"item\":\"https:\\\/\\\/www.latilloleboienne.fr\\\/wordpress\\\/activites\\\/photos\\\/\"},{\"@type\":\"ListItem\",\"position\":4,\"name\":\"2021\"}]},{\"@type\":\"WebSite\",\"@id\":\"https:\\\/\\\/www.latilloleboienne.fr\\\/wordpress\\\/#website\",\"url\":\"https:\\\/\\\/www.latilloleboienne.fr\\\/wordpress\\\/\",\"name\":\"La Tillole Bo\u00efenne\",\"description\":\"La tradition nautique du Bassin d&#039;Arcachon\",\"publisher\":{\"@id\":\"https:\\\/\\\/www.latilloleboienne.fr\\\/wordpress\\\/#organization\"},\"potentialAction\":[{\"@type\":\"SearchAction\",\"target\":{\"@type\":\"EntryPoint\",\"urlTemplate\":\"https:\\\/\\\/www.latilloleboienne.fr\\\/wordpress\\\/?s={search_term_string}\"},\"query-input\":{\"@type\":\"PropertyValueSpecification\",\"valueRequired\":true,\"valueName\":\"search_term_string\"}}],\"inLanguage\":\"fr-FR\"},{\"@type\":\"Organization\",\"@id\":\"https:\\\/\\\/www.latilloleboienne.fr\\\/wordpress\\\/#organization\",\"name\":\"Association La Tillole Bo\u00efenne\",\"url\":\"https:\\\/\\\/www.latilloleboienne.fr\\\/wordpress\\\/\",\"logo\":{\"@type\":\"ImageObject\",\"inLanguage\":\"fr-FR\",\"@id\":\"https:\\\/\\\/www.latilloleboienne.fr\\\/wordpress\\\/#\\\/schema\\\/logo\\\/image\\\/\",\"url\":\"https:\\\/\\\/www.latilloleboienne.fr\\\/wordpress\\\/wp-content\\\/uploads\\\/2022\\\/05\\\/Logo-Rond-La-Tillole-Boienne.png\",\"contentUrl\":\"https:\\\/\\\/www.latilloleboienne.fr\\\/wordpress\\\/wp-content\\\/uploads\\\/2022\\\/05\\\/Logo-Rond-La-Tillole-Boienne.png\",\"width\":162,\"height\":160,\"caption\":\"Association La Tillole Bo\u00efenne\"},\"image\":{\"@id\":\"https:\\\/\\\/www.latilloleboienne.fr\\\/wordpress\\\/#\\\/schema\\\/logo\\\/image\\\/\"}}]}<\/script>\n<!-- \/ Yoast SEO plugin. -->","yoast_head_json":{"title":"2021 - La Tillole Bo\u00efenne","robots":{"index":"index","follow":"follow","max-snippet":"max-snippet:-1","max-image-preview":"max-image-preview:large","max-video-preview":"max-video-preview:-1"},"canonical":"https:\/\/www.latilloleboienne.fr\/wordpress\/activites\/photos\/2021-2\/","og_locale":"fr_FR","og_type":"article","og_title":"2021 - La Tillole Bo\u00efenne","og_description":"Tranche de vie pour 2021 partag\u00e9e entre restrictions de la fin de la pand\u00e9mie de COVID, les phases d&rsquo;entretien, les sorties du soir, les r\u00e9gates empreints de camaraderie et quelques tr\u00e8s bons repas \u00e0 la cabane:","og_url":"https:\/\/www.latilloleboienne.fr\/wordpress\/activites\/photos\/2021-2\/","og_site_name":"La Tillole Bo\u00efenne","article_modified_time":"2022-07-04T11:19:46+00:00","twitter_card":"summary_large_image","twitter_misc":{"Dur\u00e9e de lecture estim\u00e9e":"1 minute"},"schema":{"@context":"https:\/\/schema.org","@graph":[{"@type":"WebPage","@id":"https:\/\/www.latilloleboienne.fr\/wordpress\/activites\/photos\/2021-2\/","url":"https:\/\/www.latilloleboienne.fr\/wordpress\/activites\/photos\/2021-2\/","name":"2021 - La Tillole Bo\u00efenne","isPartOf":{"@id":"https:\/\/www.latilloleboienne.fr\/wordpress\/#website"},"datePublished":"2022-05-08T14:19:13+00:00","dateModified":"2022-07-04T11:19:46+00:00","breadcrumb":{"@id":"https:\/\/www.latilloleboienne.fr\/wordpress\/activites\/photos\/2021-2\/#breadcrumb"},"inLanguage":"fr-FR","potentialAction":[{"@type":"ReadAction","target":["https:\/\/www.latilloleboienne.fr\/wordpress\/activites\/photos\/2021-2\/"]}]},{"@type":"BreadcrumbList","@id":"https:\/\/www.latilloleboienne.fr\/wordpress\/activites\/photos\/2021-2\/#breadcrumb","itemListElement":[{"@type":"ListItem","position":1,"name":"Accueil","item":"https:\/\/www.latilloleboienne.fr\/wordpress\/"},{"@type":"ListItem","position":2,"name":"Activit\u00e9s","item":"https:\/\/www.latilloleboienne.fr\/wordpress\/activites\/"},{"@type":"ListItem","position":3,"name":"Photos","item":"https:\/\/www.latilloleboienne.fr\/wordpress\/activites\/photos\/"},{"@type":"ListItem","position":4,"name":"2021"}]},{"@type":"WebSite","@id":"https:\/\/www.latilloleboienne.fr\/wordpress\/#website","url":"https:\/\/www.latilloleboienne.fr\/wordpress\/","name":"La Tillole Bo\u00efenne","description":"La tradition nautique du Bassin d&#039;Arcachon","publisher":{"@id":"https:\/\/www.latilloleboienne.fr\/wordpress\/#organization"},"potentialAction":[{"@type":"SearchAction","target":{"@type":"EntryPoint","urlTemplate":"https:\/\/www.latilloleboienne.fr\/wordpress\/?s={search_term_string}"},"query-input":{"@type":"PropertyValueSpecification","valueRequired":true,"valueName":"search_term_string"}}],"inLanguage":"fr-FR"},{"@type":"Organization","@id":"https:\/\/www.latilloleboienne.fr\/wordpress\/#organization","name":"Association La Tillole Bo\u00efenne","url":"https:\/\/www.latilloleboienne.fr\/wordpress\/","logo":{"@type":"ImageObject","inLanguage":"fr-FR","@id":"https:\/\/www.latilloleboienne.fr\/wordpress\/#\/schema\/logo\/image\/","url":"https:\/\/www.latilloleboienne.fr\/wordpress\/wp-content\/uploads\/2022\/05\/Logo-Rond-La-Tillole-Boienne.png","contentUrl":"https:\/\/www.latilloleboienne.fr\/wordpress\/wp-content\/uploads\/2022\/05\/Logo-Rond-La-Tillole-Boienne.png","width":162,"height":160,"caption":"Association La Tillole Bo\u00efenne"},"image":{"@id":"https:\/\/www.latilloleboienne.fr\/wordpress\/#\/schema\/logo\/image\/"}}]}},"_links":{"self":[{"href":"https:\/\/www.latilloleboienne.fr\/wordpress\/wp-json\/wp\/v2\/pages\/2685","targetHints":{"allow":["GET"]}}],"collection":[{"href":"https:\/\/www.latilloleboienne.fr\/wordpress\/wp-json\/wp\/v2\/pages"}],"about":[{"href":"https:\/\/www.latilloleboienne.fr\/wordpress\/wp-json\/wp\/v2\/types\/page"}],"author":[{"embeddable":true,"href":"https:\/\/www.latilloleboienne.fr\/wordpress\/wp-json\/wp\/v2\/users\/3"}],"replies":[{"embeddable":true,"href":"https:\/\/www.latilloleboienne.fr\/wordpress\/wp-json\/wp\/v2\/comments?post=2685"}],"version-history":[{"count":6,"href":"https:\/\/www.latilloleboienne.fr\/wordpress\/wp-json\/wp\/v2\/pages\/2685\/revisions"}],"predecessor-version":[{"id":3312,"href":"https:\/\/www.latilloleboienne.fr\/wordpress\/wp-json\/wp\/v2\/pages\/2685\/revisions\/3312"}],"up":[{"embeddable":true,"href":"https:\/\/www.latilloleboienne.fr\/wordpress\/wp-json\/wp\/v2\/pages\/107"}],"wp:attachment":[{"href":"https:\/\/www.latilloleboienne.fr\/wordpress\/wp-json\/wp\/v2\/media?parent=2685"}],"curies":[{"name":"wp","href":"https:\/\/api.w.org\/{rel}","templated":true}]}}