{"id":262,"date":"2017-05-19T18:24:28","date_gmt":"2017-05-19T18:24:28","guid":{"rendered":"http:\/\/www.latilloleboienne.fr\/wordpress\/?page_id=262"},"modified":"2025-05-16T19:28:36","modified_gmt":"2025-05-16T17:28:36","slug":"la-jauge","status":"publish","type":"page","link":"https:\/\/www.latilloleboienne.fr\/wordpress\/regates\/la-jauge\/","title":{"rendered":"La Jauge"},"content":{"rendered":"\n<p>La jauge d\u00e9finit les sp\u00e9cifications que les voiliers de la flotte doivent respecter pour pouvoir r\u00e9gater. Elle est sp\u00e9cifique aux pinasses \u00e0 voile.<\/p>\n\n\n\n<p>Nouvelle jauge des pinasses \u00e0 voile V1 du 3 mai 2025<\/p>\n\n\n\n<div data-wp-interactive=\"core\/file\" class=\"wp-block-file\"><object data-wp-bind--hidden=\"!state.hasPdfPreview\" hidden class=\"wp-block-file__embed\" data=\"https:\/\/www.latilloleboienne.fr\/wordpress\/wp-content\/uploads\/2025\/05\/REGLES-DE-JAUGE-DES-PINASSES-A-VOILE.pdf\" type=\"application\/pdf\" style=\"width:100%;height:600px\" aria-label=\"Contenu embarqu\u00e9 REGLES DE JAUGE DES PINASSES A VOILE.\"><\/object><a id=\"wp-block-file--media-faac9c84-68e3-4dd0-a99d-4a1c8f68916f\" href=\"https:\/\/www.latilloleboienne.fr\/wordpress\/wp-content\/uploads\/2025\/05\/REGLES-DE-JAUGE-DES-PINASSES-A-VOILE.pdf\">REGLES DE JAUGE DES PINASSES A VOILE<\/a><a href=\"https:\/\/www.latilloleboienne.fr\/wordpress\/wp-content\/uploads\/2025\/05\/REGLES-DE-JAUGE-DES-PINASSES-A-VOILE.pdf\" class=\"wp-block-file__button wp-element-button\" download aria-describedby=\"wp-block-file--media-faac9c84-68e3-4dd0-a99d-4a1c8f68916f\">T\u00e9l\u00e9charger<\/a><\/div>\n\n\n\n<p><\/p>\n\n\n\n<p>Ancienne Jauge de 2019 remplac\u00e9e par celle de 2025<\/p>\n\n\n\n<div data-wp-interactive=\"core\/file\" class=\"wp-block-file\"><object data-wp-bind--hidden=\"!state.hasPdfPreview\" hidden class=\"wp-block-file__embed\" data=\"https:\/\/www.latilloleboienne.fr\/wordpress\/wp-content\/uploads\/2025\/05\/JaugePinasseavoile_20090519.pdf\" type=\"application\/pdf\" style=\"width:100%;height:600px\" aria-label=\"Contenu embarqu\u00e9 JaugePinasseavoile_20090519.\"><\/object><a id=\"wp-block-file--media-6e25c1b9-a9d7-47a2-a5d1-3fddd9e1628c\" href=\"https:\/\/www.latilloleboienne.fr\/wordpress\/wp-content\/uploads\/2025\/05\/JaugePinasseavoile_20090519.pdf\">JaugePinasseavoile_20090519<\/a><a href=\"https:\/\/www.latilloleboienne.fr\/wordpress\/wp-content\/uploads\/2025\/05\/JaugePinasseavoile_20090519.pdf\" class=\"wp-block-file__button wp-element-button\" download aria-describedby=\"wp-block-file--media-6e25c1b9-a9d7-47a2-a5d1-3fddd9e1628c\">T\u00e9l\u00e9charger<\/a><\/div>\n","protected":false},"excerpt":{"rendered":"<p>La jauge d\u00e9finit les sp\u00e9cifications que les voiliers de la flotte doivent respecter pour pouvoir r\u00e9gater. Elle est sp\u00e9cifique aux pinasses \u00e0 voile. Nouvelle jauge des pinasses \u00e0 voile V1 du 3 mai 2025 Ancienne Jauge de 2019 remplac\u00e9e par &hellip; <a href=\"https:\/\/www.latilloleboienne.fr\/wordpress\/regates\/la-jauge\/\">Continuer la lecture <span class=\"meta-nav\">&rarr;<\/span><\/a><\/p>\n","protected":false},"author":1,"featured_media":269,"parent":144,"menu_order":2,"comment_status":"closed","ping_status":"closed","template":"","meta":{"footnotes":""},"class_list":["post-262","page","type-page","status-publish","has-post-thumbnail","hentry"],"yoast_head":"<!-- This site is optimized with the Yoast SEO plugin v27.5 - https:\/\/yoast.com\/product\/yoast-seo-wordpress\/ -->\n<title>La Jauge - La Tillole Bo\u00efenne<\/title>\n<meta name=\"description\" content=\"La jauge d\u00e9finit les sp\u00e9cifications que les voiliers de la flotte doivent respecter pour pouvoir r\u00e9gater. Elle est sp\u00e9cifique aux pinasses \u00e0 voile.\" \/>\n<meta name=\"robots\" content=\"index, follow, max-snippet:-1, max-image-preview:large, max-video-preview:-1\" \/>\n<link rel=\"canonical\" href=\"https:\/\/www.latilloleboienne.fr\/wordpress\/regates\/la-jauge\/\" \/>\n<meta property=\"og:locale\" content=\"fr_FR\" \/>\n<meta property=\"og:type\" content=\"article\" \/>\n<meta property=\"og:title\" content=\"La Jauge - La Tillole Bo\u00efenne\" \/>\n<meta property=\"og:description\" content=\"La jauge d\u00e9finit les sp\u00e9cifications que les voiliers de la flotte doivent respecter pour pouvoir r\u00e9gater. Elle est sp\u00e9cifique aux pinasses \u00e0 voile.\" \/>\n<meta property=\"og:url\" content=\"https:\/\/www.latilloleboienne.fr\/wordpress\/regates\/la-jauge\/\" \/>\n<meta property=\"og:site_name\" content=\"La Tillole Bo\u00efenne\" \/>\n<meta property=\"article:modified_time\" content=\"2025-05-16T17:28:36+00:00\" \/>\n<meta property=\"og:image\" content=\"https:\/\/www.latilloleboienne.fr\/wordpress\/wp-content\/uploads\/2017\/05\/RegateDeBiganos2015-e1495219044244.jpg\" \/>\n\t<meta property=\"og:image:width\" content=\"1920\" \/>\n\t<meta property=\"og:image:height\" content=\"388\" \/>\n\t<meta property=\"og:image:type\" content=\"image\/jpeg\" \/>\n<meta name=\"twitter:card\" content=\"summary_large_image\" \/>\n<meta name=\"twitter:label1\" content=\"Dur\u00e9e de lecture estim\u00e9e\" \/>\n\t<meta name=\"twitter:data1\" content=\"1 minute\" \/>\n<script type=\"application\/ld+json\" class=\"yoast-schema-graph\">{\"@context\":\"https:\\\/\\\/schema.org\",\"@graph\":[{\"@type\":\"WebPage\",\"@id\":\"https:\\\/\\\/www.latilloleboienne.fr\\\/wordpress\\\/regates\\\/la-jauge\\\/\",\"url\":\"https:\\\/\\\/www.latilloleboienne.fr\\\/wordpress\\\/regates\\\/la-jauge\\\/\",\"name\":\"La Jauge - La Tillole Bo\u00efenne\",\"isPartOf\":{\"@id\":\"https:\\\/\\\/www.latilloleboienne.fr\\\/wordpress\\\/#website\"},\"primaryImageOfPage\":{\"@id\":\"https:\\\/\\\/www.latilloleboienne.fr\\\/wordpress\\\/regates\\\/la-jauge\\\/#primaryimage\"},\"image\":{\"@id\":\"https:\\\/\\\/www.latilloleboienne.fr\\\/wordpress\\\/regates\\\/la-jauge\\\/#primaryimage\"},\"thumbnailUrl\":\"https:\\\/\\\/www.latilloleboienne.fr\\\/wordpress\\\/wp-content\\\/uploads\\\/2017\\\/05\\\/RegateDeBiganos2015-e1495219044244.jpg\",\"datePublished\":\"2017-05-19T18:24:28+00:00\",\"dateModified\":\"2025-05-16T17:28:36+00:00\",\"description\":\"La jauge d\u00e9finit les sp\u00e9cifications que les voiliers de la flotte doivent respecter pour pouvoir r\u00e9gater. Elle est sp\u00e9cifique aux pinasses \u00e0 voile.\",\"breadcrumb\":{\"@id\":\"https:\\\/\\\/www.latilloleboienne.fr\\\/wordpress\\\/regates\\\/la-jauge\\\/#breadcrumb\"},\"inLanguage\":\"fr-FR\",\"potentialAction\":[{\"@type\":\"ReadAction\",\"target\":[\"https:\\\/\\\/www.latilloleboienne.fr\\\/wordpress\\\/regates\\\/la-jauge\\\/\"]}]},{\"@type\":\"ImageObject\",\"inLanguage\":\"fr-FR\",\"@id\":\"https:\\\/\\\/www.latilloleboienne.fr\\\/wordpress\\\/regates\\\/la-jauge\\\/#primaryimage\",\"url\":\"https:\\\/\\\/www.latilloleboienne.fr\\\/wordpress\\\/wp-content\\\/uploads\\\/2017\\\/05\\\/RegateDeBiganos2015-e1495219044244.jpg\",\"contentUrl\":\"https:\\\/\\\/www.latilloleboienne.fr\\\/wordpress\\\/wp-content\\\/uploads\\\/2017\\\/05\\\/RegateDeBiganos2015-e1495219044244.jpg\",\"width\":1920,\"height\":388},{\"@type\":\"BreadcrumbList\",\"@id\":\"https:\\\/\\\/www.latilloleboienne.fr\\\/wordpress\\\/regates\\\/la-jauge\\\/#breadcrumb\",\"itemListElement\":[{\"@type\":\"ListItem\",\"position\":1,\"name\":\"Accueil\",\"item\":\"https:\\\/\\\/www.latilloleboienne.fr\\\/wordpress\\\/\"},{\"@type\":\"ListItem\",\"position\":2,\"name\":\"R\u00e9gates\",\"item\":\"https:\\\/\\\/www.latilloleboienne.fr\\\/wordpress\\\/regates\\\/\"},{\"@type\":\"ListItem\",\"position\":3,\"name\":\"La Jauge\"}]},{\"@type\":\"WebSite\",\"@id\":\"https:\\\/\\\/www.latilloleboienne.fr\\\/wordpress\\\/#website\",\"url\":\"https:\\\/\\\/www.latilloleboienne.fr\\\/wordpress\\\/\",\"name\":\"La Tillole Bo\u00efenne\",\"description\":\"La tradition nautique du Bassin d&#039;Arcachon\",\"publisher\":{\"@id\":\"https:\\\/\\\/www.latilloleboienne.fr\\\/wordpress\\\/#organization\"},\"potentialAction\":[{\"@type\":\"SearchAction\",\"target\":{\"@type\":\"EntryPoint\",\"urlTemplate\":\"https:\\\/\\\/www.latilloleboienne.fr\\\/wordpress\\\/?s={search_term_string}\"},\"query-input\":{\"@type\":\"PropertyValueSpecification\",\"valueRequired\":true,\"valueName\":\"search_term_string\"}}],\"inLanguage\":\"fr-FR\"},{\"@type\":\"Organization\",\"@id\":\"https:\\\/\\\/www.latilloleboienne.fr\\\/wordpress\\\/#organization\",\"name\":\"Association La Tillole Bo\u00efenne\",\"url\":\"https:\\\/\\\/www.latilloleboienne.fr\\\/wordpress\\\/\",\"logo\":{\"@type\":\"ImageObject\",\"inLanguage\":\"fr-FR\",\"@id\":\"https:\\\/\\\/www.latilloleboienne.fr\\\/wordpress\\\/#\\\/schema\\\/logo\\\/image\\\/\",\"url\":\"https:\\\/\\\/www.latilloleboienne.fr\\\/wordpress\\\/wp-content\\\/uploads\\\/2022\\\/05\\\/Logo-Rond-La-Tillole-Boienne.png\",\"contentUrl\":\"https:\\\/\\\/www.latilloleboienne.fr\\\/wordpress\\\/wp-content\\\/uploads\\\/2022\\\/05\\\/Logo-Rond-La-Tillole-Boienne.png\",\"width\":162,\"height\":160,\"caption\":\"Association La Tillole Bo\u00efenne\"},\"image\":{\"@id\":\"https:\\\/\\\/www.latilloleboienne.fr\\\/wordpress\\\/#\\\/schema\\\/logo\\\/image\\\/\"}}]}<\/script>\n<!-- \/ Yoast SEO plugin. -->","yoast_head_json":{"title":"La Jauge - La Tillole Bo\u00efenne","description":"La jauge d\u00e9finit les sp\u00e9cifications que les voiliers de la flotte doivent respecter pour pouvoir r\u00e9gater. Elle est sp\u00e9cifique aux pinasses \u00e0 voile.","robots":{"index":"index","follow":"follow","max-snippet":"max-snippet:-1","max-image-preview":"max-image-preview:large","max-video-preview":"max-video-preview:-1"},"canonical":"https:\/\/www.latilloleboienne.fr\/wordpress\/regates\/la-jauge\/","og_locale":"fr_FR","og_type":"article","og_title":"La Jauge - La Tillole Bo\u00efenne","og_description":"La jauge d\u00e9finit les sp\u00e9cifications que les voiliers de la flotte doivent respecter pour pouvoir r\u00e9gater. Elle est sp\u00e9cifique aux pinasses \u00e0 voile.","og_url":"https:\/\/www.latilloleboienne.fr\/wordpress\/regates\/la-jauge\/","og_site_name":"La Tillole Bo\u00efenne","article_modified_time":"2025-05-16T17:28:36+00:00","og_image":[{"width":1920,"height":388,"url":"https:\/\/www.latilloleboienne.fr\/wordpress\/wp-content\/uploads\/2017\/05\/RegateDeBiganos2015-e1495219044244.jpg","type":"image\/jpeg"}],"twitter_card":"summary_large_image","twitter_misc":{"Dur\u00e9e de lecture estim\u00e9e":"1 minute"},"schema":{"@context":"https:\/\/schema.org","@graph":[{"@type":"WebPage","@id":"https:\/\/www.latilloleboienne.fr\/wordpress\/regates\/la-jauge\/","url":"https:\/\/www.latilloleboienne.fr\/wordpress\/regates\/la-jauge\/","name":"La Jauge - La Tillole Bo\u00efenne","isPartOf":{"@id":"https:\/\/www.latilloleboienne.fr\/wordpress\/#website"},"primaryImageOfPage":{"@id":"https:\/\/www.latilloleboienne.fr\/wordpress\/regates\/la-jauge\/#primaryimage"},"image":{"@id":"https:\/\/www.latilloleboienne.fr\/wordpress\/regates\/la-jauge\/#primaryimage"},"thumbnailUrl":"https:\/\/www.latilloleboienne.fr\/wordpress\/wp-content\/uploads\/2017\/05\/RegateDeBiganos2015-e1495219044244.jpg","datePublished":"2017-05-19T18:24:28+00:00","dateModified":"2025-05-16T17:28:36+00:00","description":"La jauge d\u00e9finit les sp\u00e9cifications que les voiliers de la flotte doivent respecter pour pouvoir r\u00e9gater. Elle est sp\u00e9cifique aux pinasses \u00e0 voile.","breadcrumb":{"@id":"https:\/\/www.latilloleboienne.fr\/wordpress\/regates\/la-jauge\/#breadcrumb"},"inLanguage":"fr-FR","potentialAction":[{"@type":"ReadAction","target":["https:\/\/www.latilloleboienne.fr\/wordpress\/regates\/la-jauge\/"]}]},{"@type":"ImageObject","inLanguage":"fr-FR","@id":"https:\/\/www.latilloleboienne.fr\/wordpress\/regates\/la-jauge\/#primaryimage","url":"https:\/\/www.latilloleboienne.fr\/wordpress\/wp-content\/uploads\/2017\/05\/RegateDeBiganos2015-e1495219044244.jpg","contentUrl":"https:\/\/www.latilloleboienne.fr\/wordpress\/wp-content\/uploads\/2017\/05\/RegateDeBiganos2015-e1495219044244.jpg","width":1920,"height":388},{"@type":"BreadcrumbList","@id":"https:\/\/www.latilloleboienne.fr\/wordpress\/regates\/la-jauge\/#breadcrumb","itemListElement":[{"@type":"ListItem","position":1,"name":"Accueil","item":"https:\/\/www.latilloleboienne.fr\/wordpress\/"},{"@type":"ListItem","position":2,"name":"R\u00e9gates","item":"https:\/\/www.latilloleboienne.fr\/wordpress\/regates\/"},{"@type":"ListItem","position":3,"name":"La Jauge"}]},{"@type":"WebSite","@id":"https:\/\/www.latilloleboienne.fr\/wordpress\/#website","url":"https:\/\/www.latilloleboienne.fr\/wordpress\/","name":"La Tillole Bo\u00efenne","description":"La tradition nautique du Bassin d&#039;Arcachon","publisher":{"@id":"https:\/\/www.latilloleboienne.fr\/wordpress\/#organization"},"potentialAction":[{"@type":"SearchAction","target":{"@type":"EntryPoint","urlTemplate":"https:\/\/www.latilloleboienne.fr\/wordpress\/?s={search_term_string}"},"query-input":{"@type":"PropertyValueSpecification","valueRequired":true,"valueName":"search_term_string"}}],"inLanguage":"fr-FR"},{"@type":"Organization","@id":"https:\/\/www.latilloleboienne.fr\/wordpress\/#organization","name":"Association La Tillole Bo\u00efenne","url":"https:\/\/www.latilloleboienne.fr\/wordpress\/","logo":{"@type":"ImageObject","inLanguage":"fr-FR","@id":"https:\/\/www.latilloleboienne.fr\/wordpress\/#\/schema\/logo\/image\/","url":"https:\/\/www.latilloleboienne.fr\/wordpress\/wp-content\/uploads\/2022\/05\/Logo-Rond-La-Tillole-Boienne.png","contentUrl":"https:\/\/www.latilloleboienne.fr\/wordpress\/wp-content\/uploads\/2022\/05\/Logo-Rond-La-Tillole-Boienne.png","width":162,"height":160,"caption":"Association La Tillole Bo\u00efenne"},"image":{"@id":"https:\/\/www.latilloleboienne.fr\/wordpress\/#\/schema\/logo\/image\/"}}]}},"_links":{"self":[{"href":"https:\/\/www.latilloleboienne.fr\/wordpress\/wp-json\/wp\/v2\/pages\/262","targetHints":{"allow":["GET"]}}],"collection":[{"href":"https:\/\/www.latilloleboienne.fr\/wordpress\/wp-json\/wp\/v2\/pages"}],"about":[{"href":"https:\/\/www.latilloleboienne.fr\/wordpress\/wp-json\/wp\/v2\/types\/page"}],"author":[{"embeddable":true,"href":"https:\/\/www.latilloleboienne.fr\/wordpress\/wp-json\/wp\/v2\/users\/1"}],"replies":[{"embeddable":true,"href":"https:\/\/www.latilloleboienne.fr\/wordpress\/wp-json\/wp\/v2\/comments?post=262"}],"version-history":[{"count":13,"href":"https:\/\/www.latilloleboienne.fr\/wordpress\/wp-json\/wp\/v2\/pages\/262\/revisions"}],"predecessor-version":[{"id":3516,"href":"https:\/\/www.latilloleboienne.fr\/wordpress\/wp-json\/wp\/v2\/pages\/262\/revisions\/3516"}],"up":[{"embeddable":true,"href":"https:\/\/www.latilloleboienne.fr\/wordpress\/wp-json\/wp\/v2\/pages\/144"}],"wp:featuredmedia":[{"embeddable":true,"href":"https:\/\/www.latilloleboienne.fr\/wordpress\/wp-json\/wp\/v2\/media\/269"}],"wp:attachment":[{"href":"https:\/\/www.latilloleboienne.fr\/wordpress\/wp-json\/wp\/v2\/media?parent=262"}],"curies":[{"name":"wp","href":"https:\/\/api.w.org\/{rel}","templated":true}]}}