{"id":2587,"date":"2019-08-22T14:30:51","date_gmt":"2019-08-22T14:30:51","guid":{"rendered":"http:\/\/www.latilloleboienne.fr\/wordpress\/?page_id=2587"},"modified":"2025-06-05T09:48:23","modified_gmt":"2025-06-05T07:48:23","slug":"2019-2","status":"publish","type":"page","link":"https:\/\/www.latilloleboienne.fr\/wordpress\/activites\/photos\/2019-2\/","title":{"rendered":"2019"},"content":{"rendered":"\n<div id=\"envira-gallery-wrap-4319\" class=\"envira-gallery-wrap envira-gallery-theme-base envira-lightbox-theme-base\" itemscope itemtype=\"https:\/\/schema.org\/ImageGallery\"><div data-row-height=\"150\" data-gallery-theme=\"normal\" id=\"envira-gallery-4319\" class=\"envira-gallery-public envira-gallery-justified-public envira-gallery-0-columns envira-clear enviratope envira-gallery-css-animations\" data-envira-columns=\"0\"><div id=\"envira-gallery-item-4322\" class=\"envira-gallery-item enviratope-item envira-gallery-item-1 envira-lazy-load\" style=\"padding-left: 5px; padding-bottom: 10px; padding-right: 5px;\"  itemscope itemtype=\"https:\/\/schema.org\/ImageObject\"><div class=\"envira-gallery-item-inner\"><div class=\"envira-gallery-position-overlay  envira-gallery-top-left\"><\/div><div class=\"envira-gallery-position-overlay  envira-gallery-top-right\"><\/div><div class=\"envira-gallery-position-overlay  envira-gallery-bottom-left\"><\/div><div class=\"envira-gallery-position-overlay  envira-gallery-bottom-right\"><\/div><a href=\"https:\/\/www.latilloleboienne.fr\/wordpress\/wp-content\/uploads\/2025\/06\/Photos_Pinasses_2019_003_DxO.jpg\" class=\"envira-gallery-4319 envira-gallery-link\" rel=\"enviragallery4319\" title=\"Photos_Pinasses_2019_003_DxO\" data-envira-caption=\"Photos_Pinasses_2019_003_DxO\" data-envira-retina=\"\" data-thumbnail=\"\"  itemprop=\"contentUrl\"><img decoding=\"async\" id=\"envira-gallery-image-4322\" class=\"envira-gallery-image envira-gallery-image-1 envira-normal envira-lazy\" data-envira-index=\"1\" src=\"https:\/\/www.latilloleboienne.fr\/wordpress\/wp-content\/uploads\/2025\/06\/Photos_Pinasses_2019_003_DxO-800x450-640x480.jpg\" data-envira-src=\"https:\/\/www.latilloleboienne.fr\/wordpress\/wp-content\/uploads\/2025\/06\/Photos_Pinasses_2019_003_DxO-800x450-640x480.jpg\" data-envira-gallery-id=\"4319\" data-envira-item-id=\"4322\" data-envira-caption=\"Photos_Pinasses_2019_003_DxO\" alt=\"\" title=\"Photos_Pinasses_2019_003_DxO\"  itemprop=\"thumbnailUrl\" data-envira-srcset=\"https:\/\/www.latilloleboienne.fr\/wordpress\/wp-content\/uploads\/2025\/06\/Photos_Pinasses_2019_003_DxO-800x450-640x480.jpg 400w,https:\/\/www.latilloleboienne.fr\/wordpress\/wp-content\/uploads\/2025\/06\/Photos_Pinasses_2019_003_DxO-800x450-640x480.jpg 2x\" data-envira-width=\"800\" data-envira-height=\"450\" srcset=\"data:image\/gif;base64,R0lGODlhAQABAIAAAP\/\/\/\/\/\/\/yH5BAEKAAEALAAAAAABAAEAAAICTAEAOw==\" data-safe-src=\"data:image\/gif;base64,R0lGODlhAQABAIAAAP\/\/\/\/\/\/\/yH5BAEKAAEALAAAAAABAAEAAAICTAEAOw==\" \/><\/a><\/div><\/div><div id=\"envira-gallery-item-4321\" class=\"envira-gallery-item enviratope-item envira-gallery-item-2 envira-lazy-load\" style=\"padding-left: 5px; padding-bottom: 10px; padding-right: 5px;\"  itemscope itemtype=\"https:\/\/schema.org\/ImageObject\"><div class=\"envira-gallery-item-inner\"><div class=\"envira-gallery-position-overlay  envira-gallery-top-left\"><\/div><div class=\"envira-gallery-position-overlay  envira-gallery-top-right\"><\/div><div class=\"envira-gallery-position-overlay  envira-gallery-bottom-left\"><\/div><div class=\"envira-gallery-position-overlay  envira-gallery-bottom-right\"><\/div><a href=\"https:\/\/www.latilloleboienne.fr\/wordpress\/wp-content\/uploads\/2025\/06\/Photos_Pinasses_2019_002_DxO.jpg\" class=\"envira-gallery-4319 envira-gallery-link\" rel=\"enviragallery4319\" title=\"Photos_Pinasses_2019_002_DxO\" data-envira-caption=\"Photos_Pinasses_2019_002_DxO\" data-envira-retina=\"\" data-thumbnail=\"\"  itemprop=\"contentUrl\"><img decoding=\"async\" id=\"envira-gallery-image-4321\" class=\"envira-gallery-image envira-gallery-image-2 envira-normal envira-lazy\" data-envira-index=\"2\" src=\"https:\/\/www.latilloleboienne.fr\/wordpress\/wp-content\/uploads\/2025\/06\/Photos_Pinasses_2019_002_DxO-338x600-640x480.jpg\" data-envira-src=\"https:\/\/www.latilloleboienne.fr\/wordpress\/wp-content\/uploads\/2025\/06\/Photos_Pinasses_2019_002_DxO-338x600-640x480.jpg\" data-envira-gallery-id=\"4319\" data-envira-item-id=\"4321\" data-envira-caption=\"Photos_Pinasses_2019_002_DxO\" alt=\"\" title=\"Photos_Pinasses_2019_002_DxO\"  itemprop=\"thumbnailUrl\" data-envira-srcset=\"https:\/\/www.latilloleboienne.fr\/wordpress\/wp-content\/uploads\/2025\/06\/Photos_Pinasses_2019_002_DxO-338x600-640x480.jpg 400w,https:\/\/www.latilloleboienne.fr\/wordpress\/wp-content\/uploads\/2025\/06\/Photos_Pinasses_2019_002_DxO-338x600-640x480.jpg 2x\" data-envira-width=\"338\" data-envira-height=\"600\" srcset=\"data:image\/gif;base64,R0lGODlhAQABAIAAAP\/\/\/\/\/\/\/yH5BAEKAAEALAAAAAABAAEAAAICTAEAOw==\" data-safe-src=\"data:image\/gif;base64,R0lGODlhAQABAIAAAP\/\/\/\/\/\/\/yH5BAEKAAEALAAAAAABAAEAAAICTAEAOw==\" \/><\/a><\/div><\/div><div id=\"envira-gallery-item-4320\" class=\"envira-gallery-item enviratope-item envira-gallery-item-3 envira-lazy-load\" style=\"padding-left: 5px; padding-bottom: 10px; padding-right: 5px;\"  itemscope itemtype=\"https:\/\/schema.org\/ImageObject\"><div class=\"envira-gallery-item-inner\"><div class=\"envira-gallery-position-overlay  envira-gallery-top-left\"><\/div><div class=\"envira-gallery-position-overlay  envira-gallery-top-right\"><\/div><div class=\"envira-gallery-position-overlay  envira-gallery-bottom-left\"><\/div><div class=\"envira-gallery-position-overlay  envira-gallery-bottom-right\"><\/div><a href=\"https:\/\/www.latilloleboienne.fr\/wordpress\/wp-content\/uploads\/2025\/06\/Photos_Pinasses_2019_001_DxO.jpg\" class=\"envira-gallery-4319 envira-gallery-link\" rel=\"enviragallery4319\" title=\"Photos_Pinasses_2019_001_DxO\" data-envira-caption=\"Photos_Pinasses_2019_001_DxO\" data-envira-retina=\"\" data-thumbnail=\"\"  itemprop=\"contentUrl\"><img decoding=\"async\" id=\"envira-gallery-image-4320\" class=\"envira-gallery-image envira-gallery-image-3 envira-normal envira-lazy\" data-envira-index=\"3\" src=\"https:\/\/www.latilloleboienne.fr\/wordpress\/wp-content\/uploads\/2025\/06\/Photos_Pinasses_2019_001_DxO-800x450-640x480.jpg\" data-envira-src=\"https:\/\/www.latilloleboienne.fr\/wordpress\/wp-content\/uploads\/2025\/06\/Photos_Pinasses_2019_001_DxO-800x450-640x480.jpg\" data-envira-gallery-id=\"4319\" data-envira-item-id=\"4320\" data-envira-caption=\"Photos_Pinasses_2019_001_DxO\" alt=\"\" title=\"Photos_Pinasses_2019_001_DxO\"  itemprop=\"thumbnailUrl\" data-envira-srcset=\"https:\/\/www.latilloleboienne.fr\/wordpress\/wp-content\/uploads\/2025\/06\/Photos_Pinasses_2019_001_DxO-800x450-640x480.jpg 400w,https:\/\/www.latilloleboienne.fr\/wordpress\/wp-content\/uploads\/2025\/06\/Photos_Pinasses_2019_001_DxO-800x450-640x480.jpg 2x\" data-envira-width=\"800\" data-envira-height=\"450\" srcset=\"data:image\/gif;base64,R0lGODlhAQABAIAAAP\/\/\/\/\/\/\/yH5BAEKAAEALAAAAAABAAEAAAICTAEAOw==\" data-safe-src=\"data:image\/gif;base64,R0lGODlhAQABAIAAAP\/\/\/\/\/\/\/yH5BAEKAAEALAAAAAABAAEAAAICTAEAOw==\" \/><\/a><\/div><\/div><\/div><\/div><noscript><img decoding=\"async\" src=\"https:\/\/www.latilloleboienne.fr\/wordpress\/wp-content\/uploads\/2025\/06\/Photos_Pinasses_2019_003_DxO.jpg\" alt=\"\" \/><img decoding=\"async\" src=\"https:\/\/www.latilloleboienne.fr\/wordpress\/wp-content\/uploads\/2025\/06\/Photos_Pinasses_2019_002_DxO.jpg\" alt=\"\" \/><img decoding=\"async\" src=\"https:\/\/www.latilloleboienne.fr\/wordpress\/wp-content\/uploads\/2025\/06\/Photos_Pinasses_2019_001_DxO.jpg\" alt=\"\" \/><\/noscript>\n\n\n\n<ul class=\"wp-block-list\">\n<li><a href=\"https:\/\/www.latilloleboienne.fr\/wordpress\/activites\/photos\/2019-2\/2019-golfe-morbihan\/\">Semaine du Golfe 2019<\/a><\/li>\n\n\n\n<li><a href=\"https:\/\/www.latilloleboienne.fr\/wordpress\/activites\/photos\/2019-2\/le-canon\/\">Le Canon 2019<\/a><\/li>\n<\/ul>\n\n\n\n<p><\/p>\n","protected":false},"excerpt":{"rendered":"","protected":false},"author":2,"featured_media":0,"parent":107,"menu_order":37,"comment_status":"closed","ping_status":"closed","template":"","meta":{"footnotes":""},"class_list":["post-2587","page","type-page","status-publish","hentry"],"yoast_head":"<!-- This site is optimized with the Yoast SEO plugin v27.4 - https:\/\/yoast.com\/product\/yoast-seo-wordpress\/ -->\n<title>2019 - La Tillole Bo\u00efenne<\/title>\n<meta name=\"robots\" content=\"index, follow, max-snippet:-1, max-image-preview:large, max-video-preview:-1\" \/>\n<link rel=\"canonical\" href=\"https:\/\/www.latilloleboienne.fr\/wordpress\/activites\/photos\/2019-2\/\" \/>\n<meta property=\"og:locale\" content=\"fr_FR\" \/>\n<meta property=\"og:type\" content=\"article\" \/>\n<meta property=\"og:title\" content=\"2019 - La Tillole Bo\u00efenne\" \/>\n<meta property=\"og:url\" content=\"https:\/\/www.latilloleboienne.fr\/wordpress\/activites\/photos\/2019-2\/\" \/>\n<meta property=\"og:site_name\" content=\"La Tillole Bo\u00efenne\" \/>\n<meta property=\"article:modified_time\" content=\"2025-06-05T07:48:23+00:00\" \/>\n<meta name=\"twitter:card\" content=\"summary_large_image\" \/>\n<meta name=\"twitter:label1\" content=\"Dur\u00e9e de lecture estim\u00e9e\" \/>\n\t<meta name=\"twitter:data1\" content=\"1 minute\" \/>\n<script type=\"application\/ld+json\" class=\"yoast-schema-graph\">{\"@context\":\"https:\\\/\\\/schema.org\",\"@graph\":[{\"@type\":\"WebPage\",\"@id\":\"https:\\\/\\\/www.latilloleboienne.fr\\\/wordpress\\\/activites\\\/photos\\\/2019-2\\\/\",\"url\":\"https:\\\/\\\/www.latilloleboienne.fr\\\/wordpress\\\/activites\\\/photos\\\/2019-2\\\/\",\"name\":\"2019 - La Tillole Bo\u00efenne\",\"isPartOf\":{\"@id\":\"https:\\\/\\\/www.latilloleboienne.fr\\\/wordpress\\\/#website\"},\"datePublished\":\"2019-08-22T14:30:51+00:00\",\"dateModified\":\"2025-06-05T07:48:23+00:00\",\"breadcrumb\":{\"@id\":\"https:\\\/\\\/www.latilloleboienne.fr\\\/wordpress\\\/activites\\\/photos\\\/2019-2\\\/#breadcrumb\"},\"inLanguage\":\"fr-FR\",\"potentialAction\":[{\"@type\":\"ReadAction\",\"target\":[\"https:\\\/\\\/www.latilloleboienne.fr\\\/wordpress\\\/activites\\\/photos\\\/2019-2\\\/\"]}]},{\"@type\":\"BreadcrumbList\",\"@id\":\"https:\\\/\\\/www.latilloleboienne.fr\\\/wordpress\\\/activites\\\/photos\\\/2019-2\\\/#breadcrumb\",\"itemListElement\":[{\"@type\":\"ListItem\",\"position\":1,\"name\":\"Accueil\",\"item\":\"https:\\\/\\\/www.latilloleboienne.fr\\\/wordpress\\\/\"},{\"@type\":\"ListItem\",\"position\":2,\"name\":\"Activit\u00e9s\",\"item\":\"https:\\\/\\\/www.latilloleboienne.fr\\\/wordpress\\\/activites\\\/\"},{\"@type\":\"ListItem\",\"position\":3,\"name\":\"Photos\",\"item\":\"https:\\\/\\\/www.latilloleboienne.fr\\\/wordpress\\\/activites\\\/photos\\\/\"},{\"@type\":\"ListItem\",\"position\":4,\"name\":\"2019\"}]},{\"@type\":\"WebSite\",\"@id\":\"https:\\\/\\\/www.latilloleboienne.fr\\\/wordpress\\\/#website\",\"url\":\"https:\\\/\\\/www.latilloleboienne.fr\\\/wordpress\\\/\",\"name\":\"La Tillole Bo\u00efenne\",\"description\":\"La tradition nautique du Bassin d&#039;Arcachon\",\"publisher\":{\"@id\":\"https:\\\/\\\/www.latilloleboienne.fr\\\/wordpress\\\/#organization\"},\"potentialAction\":[{\"@type\":\"SearchAction\",\"target\":{\"@type\":\"EntryPoint\",\"urlTemplate\":\"https:\\\/\\\/www.latilloleboienne.fr\\\/wordpress\\\/?s={search_term_string}\"},\"query-input\":{\"@type\":\"PropertyValueSpecification\",\"valueRequired\":true,\"valueName\":\"search_term_string\"}}],\"inLanguage\":\"fr-FR\"},{\"@type\":\"Organization\",\"@id\":\"https:\\\/\\\/www.latilloleboienne.fr\\\/wordpress\\\/#organization\",\"name\":\"Association La Tillole Bo\u00efenne\",\"url\":\"https:\\\/\\\/www.latilloleboienne.fr\\\/wordpress\\\/\",\"logo\":{\"@type\":\"ImageObject\",\"inLanguage\":\"fr-FR\",\"@id\":\"https:\\\/\\\/www.latilloleboienne.fr\\\/wordpress\\\/#\\\/schema\\\/logo\\\/image\\\/\",\"url\":\"https:\\\/\\\/www.latilloleboienne.fr\\\/wordpress\\\/wp-content\\\/uploads\\\/2022\\\/05\\\/Logo-Rond-La-Tillole-Boienne.png\",\"contentUrl\":\"https:\\\/\\\/www.latilloleboienne.fr\\\/wordpress\\\/wp-content\\\/uploads\\\/2022\\\/05\\\/Logo-Rond-La-Tillole-Boienne.png\",\"width\":162,\"height\":160,\"caption\":\"Association La Tillole Bo\u00efenne\"},\"image\":{\"@id\":\"https:\\\/\\\/www.latilloleboienne.fr\\\/wordpress\\\/#\\\/schema\\\/logo\\\/image\\\/\"}}]}<\/script>\n<!-- \/ Yoast SEO plugin. -->","yoast_head_json":{"title":"2019 - La Tillole Bo\u00efenne","robots":{"index":"index","follow":"follow","max-snippet":"max-snippet:-1","max-image-preview":"max-image-preview:large","max-video-preview":"max-video-preview:-1"},"canonical":"https:\/\/www.latilloleboienne.fr\/wordpress\/activites\/photos\/2019-2\/","og_locale":"fr_FR","og_type":"article","og_title":"2019 - La Tillole Bo\u00efenne","og_url":"https:\/\/www.latilloleboienne.fr\/wordpress\/activites\/photos\/2019-2\/","og_site_name":"La Tillole Bo\u00efenne","article_modified_time":"2025-06-05T07:48:23+00:00","twitter_card":"summary_large_image","twitter_misc":{"Dur\u00e9e de lecture estim\u00e9e":"1 minute"},"schema":{"@context":"https:\/\/schema.org","@graph":[{"@type":"WebPage","@id":"https:\/\/www.latilloleboienne.fr\/wordpress\/activites\/photos\/2019-2\/","url":"https:\/\/www.latilloleboienne.fr\/wordpress\/activites\/photos\/2019-2\/","name":"2019 - La Tillole Bo\u00efenne","isPartOf":{"@id":"https:\/\/www.latilloleboienne.fr\/wordpress\/#website"},"datePublished":"2019-08-22T14:30:51+00:00","dateModified":"2025-06-05T07:48:23+00:00","breadcrumb":{"@id":"https:\/\/www.latilloleboienne.fr\/wordpress\/activites\/photos\/2019-2\/#breadcrumb"},"inLanguage":"fr-FR","potentialAction":[{"@type":"ReadAction","target":["https:\/\/www.latilloleboienne.fr\/wordpress\/activites\/photos\/2019-2\/"]}]},{"@type":"BreadcrumbList","@id":"https:\/\/www.latilloleboienne.fr\/wordpress\/activites\/photos\/2019-2\/#breadcrumb","itemListElement":[{"@type":"ListItem","position":1,"name":"Accueil","item":"https:\/\/www.latilloleboienne.fr\/wordpress\/"},{"@type":"ListItem","position":2,"name":"Activit\u00e9s","item":"https:\/\/www.latilloleboienne.fr\/wordpress\/activites\/"},{"@type":"ListItem","position":3,"name":"Photos","item":"https:\/\/www.latilloleboienne.fr\/wordpress\/activites\/photos\/"},{"@type":"ListItem","position":4,"name":"2019"}]},{"@type":"WebSite","@id":"https:\/\/www.latilloleboienne.fr\/wordpress\/#website","url":"https:\/\/www.latilloleboienne.fr\/wordpress\/","name":"La Tillole Bo\u00efenne","description":"La tradition nautique du Bassin d&#039;Arcachon","publisher":{"@id":"https:\/\/www.latilloleboienne.fr\/wordpress\/#organization"},"potentialAction":[{"@type":"SearchAction","target":{"@type":"EntryPoint","urlTemplate":"https:\/\/www.latilloleboienne.fr\/wordpress\/?s={search_term_string}"},"query-input":{"@type":"PropertyValueSpecification","valueRequired":true,"valueName":"search_term_string"}}],"inLanguage":"fr-FR"},{"@type":"Organization","@id":"https:\/\/www.latilloleboienne.fr\/wordpress\/#organization","name":"Association La Tillole Bo\u00efenne","url":"https:\/\/www.latilloleboienne.fr\/wordpress\/","logo":{"@type":"ImageObject","inLanguage":"fr-FR","@id":"https:\/\/www.latilloleboienne.fr\/wordpress\/#\/schema\/logo\/image\/","url":"https:\/\/www.latilloleboienne.fr\/wordpress\/wp-content\/uploads\/2022\/05\/Logo-Rond-La-Tillole-Boienne.png","contentUrl":"https:\/\/www.latilloleboienne.fr\/wordpress\/wp-content\/uploads\/2022\/05\/Logo-Rond-La-Tillole-Boienne.png","width":162,"height":160,"caption":"Association La Tillole Bo\u00efenne"},"image":{"@id":"https:\/\/www.latilloleboienne.fr\/wordpress\/#\/schema\/logo\/image\/"}}]}},"_links":{"self":[{"href":"https:\/\/www.latilloleboienne.fr\/wordpress\/wp-json\/wp\/v2\/pages\/2587","targetHints":{"allow":["GET"]}}],"collection":[{"href":"https:\/\/www.latilloleboienne.fr\/wordpress\/wp-json\/wp\/v2\/pages"}],"about":[{"href":"https:\/\/www.latilloleboienne.fr\/wordpress\/wp-json\/wp\/v2\/types\/page"}],"author":[{"embeddable":true,"href":"https:\/\/www.latilloleboienne.fr\/wordpress\/wp-json\/wp\/v2\/users\/2"}],"replies":[{"embeddable":true,"href":"https:\/\/www.latilloleboienne.fr\/wordpress\/wp-json\/wp\/v2\/comments?post=2587"}],"version-history":[{"count":4,"href":"https:\/\/www.latilloleboienne.fr\/wordpress\/wp-json\/wp\/v2\/pages\/2587\/revisions"}],"predecessor-version":[{"id":4323,"href":"https:\/\/www.latilloleboienne.fr\/wordpress\/wp-json\/wp\/v2\/pages\/2587\/revisions\/4323"}],"up":[{"embeddable":true,"href":"https:\/\/www.latilloleboienne.fr\/wordpress\/wp-json\/wp\/v2\/pages\/107"}],"wp:attachment":[{"href":"https:\/\/www.latilloleboienne.fr\/wordpress\/wp-json\/wp\/v2\/media?parent=2587"}],"curies":[{"name":"wp","href":"https:\/\/api.w.org\/{rel}","templated":true}]}}