{"id":2405,"date":"2017-06-06T17:03:16","date_gmt":"2017-06-06T15:03:16","guid":{"rendered":"http:\/\/www.latilloleboienne.fr\/wordpress\/?page_id=2405"},"modified":"2025-02-14T15:30:02","modified_gmt":"2025-02-14T13:30:02","slug":"activites","status":"publish","type":"page","link":"https:\/\/www.latilloleboienne.fr\/wordpress\/activites\/","title":{"rendered":"Activit\u00e9s"},"content":{"rendered":"\n<p>Notre association propose un ensemble d&rsquo;activit\u00e9s vari\u00e9es qui s&rsquo;\u00e9talent presque sur toute l&rsquo;ann\u00e9e civile. Certaines activit\u00e9s sont r\u00e9currentes, r\u00e9guli\u00e8res ou exceptionnelles.<\/p>\n\n\n\n<p>Avant de d\u00e9tailler un calentdrier type des activit\u00e9s, sachez que les sections <a href=\"https:\/\/www.latilloleboienne.fr\/wordpress\/activites\/photos\/\"><strong>PHOTOS<\/strong><\/a> et <a href=\"https:\/\/www.latilloleboienne.fr\/wordpress\/activites\/videos\/\"><strong>VIDEOS<\/strong><\/a> vous donneront un aper\u00e7u compl\u00e9mentaire de la vie de notre association. Retrouvez aussi l&rsquo;ambiance r\u00e9gate des pinasseyres sur le groupe facebook public \u00ab\u00a0Nous les Pinasseyres du bassin d&rsquo;Arcachon\u00a0\u00bb.<\/p>\n\n\n\n<p class=\"has-text-align-center\"><strong>CALENDRIER<\/strong><\/p>\n\n\n\n<h2 class=\"wp-block-heading\">Avant saison<\/h2>\n\n\n\n<ul class=\"wp-block-list\">\n<li>Janvier\n<ul class=\"wp-block-list\">\n<li><strong>Assembl\u00e9e g\u00e9n\u00e9rale<\/strong>. Elle se d\u00e9roule en g\u00e9n\u00e9ral \u00e0 notre cabane Pinass&rsquo;eyre au port des tuiles, ou bien \u00e0 la maison de la nature. R\u00e9alis\u00e9e avec l&rsquo;ensemble des adh\u00e9rents, elle a pour but de :\n<ul class=\"wp-block-list\">\n<li>\u00e9tablir le bilan de l&rsquo;ann\u00e9e pass\u00e9e, <\/li>\n\n\n\n<li>renouveler les membres et leur implication, et <\/li>\n\n\n\n<li>d\u00e9finir les axes de vie de l&rsquo;ann\u00e9e qui commence.<\/li>\n<\/ul>\n<\/li>\n<\/ul>\n<\/li>\n\n\n\n<li>Janvier \u00e0 avril:\n<ul class=\"wp-block-list\">\n<li><strong>Phases d&rsquo;entretien<\/strong> de notre pinasse et de son gr\u00e9ement. Plus ou moins pouss\u00e9es suivant les ann\u00e9es, elles se passent en g\u00e9n\u00e9ral le samedi ou le dimanche matin, et plus exceptionnellement en semaine avec un comit\u00e9 r\u00e9duit de pinasseyres tr\u00e8s disponibles. L&rsquo;objectif est maintenir notre pinasse en excellent \u00e9tat (cosm\u00e9tique et fonctionnel).<\/li>\n<\/ul>\n<\/li>\n\n\n\n<li>Avril \u00e0 mai:\n<ul class=\"wp-block-list\">\n<li><strong>Entretien de la cabane <\/strong>Pinass&rsquo;eyres<\/li>\n\n\n\n<li>Possibilit\u00e9s de <strong>formations<\/strong> th\u00e9oriques ou\/et pratiques de la voile en g\u00e9n\u00e9ral<\/li>\n<\/ul>\n<\/li>\n<\/ul>\n\n\n\n<h2 class=\"wp-block-heading\">Coeur de saison<\/h2>\n\n\n\n<ul class=\"wp-block-list\">\n<li>Mai \u00e0 juin:\n<ul class=\"wp-block-list\">\n<li><strong>Sorties <\/strong>de d\u00e9couverte de la <strong>navigation <\/strong>et de perfectionnement sur la pinasse. Quand les mar\u00e9es et la m\u00e9t\u00e9o sont favorables, elles ont lieu depuis le port des tuiles de Biganos ou celui d&rsquo;Audenge en soir\u00e9e\/weekend.<\/li>\n<\/ul>\n<\/li>\n\n\n\n<li>Juin \u00e0 mi-septembre:\n<ul class=\"wp-block-list\">\n<li>Une dizaine de <strong>r\u00e9gates estivales<\/strong>. Elles visent \u00e0 s\u00e9lectionner les \u00e9quipages sur leur qualit\u00e9 sportive, leur strat\u00e9gie, leur exp\u00e9rience dans le respect et le fairplay. Ces comp\u00e9titions sont r\u00e9alis\u00e9es sous le couvert de la F\u00e9d\u00e9ration Fran\u00e7aise de Voile (FFV). Retrouvez le <a href=\"https:\/\/www.latilloleboienne.fr\/wordpress\/regates\/calendrier-regates-pinasses-a-voile-saison\/\">calendrier des r\u00e9gates<\/a> et la <a href=\"https:\/\/www.latilloleboienne.fr\/wordpress\/regates\/la-jauge\/\">jauge ici<\/a>. Par ailleurs, l&rsquo;objectifs de ces \u00e9v\u00e9nements est surtout de se retrouver sur l&rsquo;eau et sur terre pour partager des moments festifs et de grande convivialit\u00e9 dans les diff\u00e9rents quartiers du bassin d&rsquo;Arcachon. Ces r\u00e9gates sont souvent jumel\u00e9es \u00e0 celles des monotypes et autres bacs \u00e0 voile typiques du bassin.<\/li>\n\n\n\n<li><strong>R\u00e9gate des Maires<\/strong>. Chaque pinasse embarque son \u00e9lu s&rsquo;il veut pouvoir gagner. L&rsquo;\u00e9v\u00e9nement a lieu \u00e0 tour de r\u00f4le dans un des quartiers du bassin. En 2021, elle a \u00e9t\u00e9 organis\u00e9e \u00e0 Biganos.<\/li>\n<\/ul>\n<\/li>\n<\/ul>\n\n\n\n<h2 class=\"wp-block-heading\">Fin de saison<\/h2>\n\n\n\n<ul class=\"wp-block-list\">\n<li>Septembre:\n<ul class=\"wp-block-list\">\n<li><strong>Forum des associations<\/strong> au parc Lecoq au centre-ville de Biganos. Notre stand expose notre pinasse et nous recrutons de nouveaux adh\u00e9rents en les invitant \u00e0 une sortie d\u00e9couverte.<\/li>\n\n\n\n<li><strong>Sortie d\u00e9couverte<\/strong>. Les participants inscrits au forum des associations d\u00e9couvrent la pinasse \u00e0 voile sur le <strong>lac de Cazaux<\/strong> o\u00f9 les conditions sont g\u00e9n\u00e9ralement favorables. C&rsquo;est un moment d&rsquo;\u00e9change et de partage d\u00e9cisif dans la vie des futurs pinasseyres. <\/li>\n<\/ul>\n<\/li>\n\n\n\n<li>Octobre:\n<ul class=\"wp-block-list\">\n<li><strong>Sorties<\/strong> en soir\u00e9e ou apr\u00e8s-midi en fonction de la m\u00e9t\u00e9o et des disponibilit\u00e9s des \u00e9quipiers.<\/li>\n\n\n\n<li><strong>Repas <\/strong>de fin d&rsquo;ann\u00e9e \u00e0 la cabane ou ailleurs<\/li>\n<\/ul>\n<\/li>\n\n\n\n<li>D\u00e9cembre:\n<ul class=\"wp-block-list\">\n<li><strong>Cabanes en f\u00eate<\/strong> \u00e0 Andernos: sortie \u00e0 l&rsquo;aviron<\/li>\n<\/ul>\n<\/li>\n<\/ul>\n\n\n\n<p><\/p>\n","protected":false},"excerpt":{"rendered":"<p>Notre association propose un ensemble d&rsquo;activit\u00e9s vari\u00e9es qui s&rsquo;\u00e9talent presque sur toute l&rsquo;ann\u00e9e civile. Certaines activit\u00e9s sont r\u00e9currentes, r\u00e9guli\u00e8res ou exceptionnelles. Avant de d\u00e9tailler un calentdrier type des activit\u00e9s, sachez que les sections PHOTOS et VIDEOS vous donneront un aper\u00e7u &hellip; <a href=\"https:\/\/www.latilloleboienne.fr\/wordpress\/activites\/\">Continuer la lecture <span class=\"meta-nav\">&rarr;<\/span><\/a><\/p>\n","protected":false},"author":1,"featured_media":0,"parent":0,"menu_order":8,"comment_status":"closed","ping_status":"closed","template":"","meta":{"footnotes":""},"class_list":["post-2405","page","type-page","status-publish","hentry"],"yoast_head":"<!-- This site is optimized with the Yoast SEO plugin v27.4 - https:\/\/yoast.com\/product\/yoast-seo-wordpress\/ -->\n<title>Activit\u00e9s - La Tillole Bo\u00efenne<\/title>\n<meta name=\"description\" content=\"L&#039;association propose des activit\u00e9s vari\u00e9es qui s&#039;\u00e9talent presque sur toute l&#039;ann\u00e9e : entretien, sorties d\u00e9couverte\/d\u00e9tente, r\u00e9gates, manifestations, etc.\" \/>\n<meta name=\"robots\" content=\"index, follow, max-snippet:-1, max-image-preview:large, max-video-preview:-1\" \/>\n<link rel=\"canonical\" href=\"https:\/\/www.latilloleboienne.fr\/wordpress\/activites\/\" \/>\n<meta property=\"og:locale\" content=\"fr_FR\" \/>\n<meta property=\"og:type\" content=\"article\" \/>\n<meta property=\"og:title\" content=\"Activit\u00e9s - La Tillole Bo\u00efenne\" \/>\n<meta property=\"og:description\" content=\"L&#039;association propose des activit\u00e9s vari\u00e9es qui s&#039;\u00e9talent presque sur toute l&#039;ann\u00e9e : entretien, sorties d\u00e9couverte\/d\u00e9tente, r\u00e9gates, manifestations, etc.\" \/>\n<meta property=\"og:url\" content=\"https:\/\/www.latilloleboienne.fr\/wordpress\/activites\/\" \/>\n<meta property=\"og:site_name\" content=\"La Tillole Bo\u00efenne\" \/>\n<meta property=\"article:modified_time\" content=\"2025-02-14T13:30:02+00:00\" \/>\n<meta name=\"twitter:card\" content=\"summary_large_image\" \/>\n<meta name=\"twitter:label1\" content=\"Dur\u00e9e de lecture estim\u00e9e\" \/>\n\t<meta name=\"twitter:data1\" content=\"3 minutes\" \/>\n<script type=\"application\/ld+json\" class=\"yoast-schema-graph\">{\"@context\":\"https:\\\/\\\/schema.org\",\"@graph\":[{\"@type\":\"WebPage\",\"@id\":\"https:\\\/\\\/www.latilloleboienne.fr\\\/wordpress\\\/activites\\\/\",\"url\":\"https:\\\/\\\/www.latilloleboienne.fr\\\/wordpress\\\/activites\\\/\",\"name\":\"Activit\u00e9s - La Tillole Bo\u00efenne\",\"isPartOf\":{\"@id\":\"https:\\\/\\\/www.latilloleboienne.fr\\\/wordpress\\\/#website\"},\"datePublished\":\"2017-06-06T15:03:16+00:00\",\"dateModified\":\"2025-02-14T13:30:02+00:00\",\"description\":\"L'association propose des activit\u00e9s vari\u00e9es qui s'\u00e9talent presque sur toute l'ann\u00e9e : entretien, sorties d\u00e9couverte\\\/d\u00e9tente, r\u00e9gates, manifestations, etc.\",\"breadcrumb\":{\"@id\":\"https:\\\/\\\/www.latilloleboienne.fr\\\/wordpress\\\/activites\\\/#breadcrumb\"},\"inLanguage\":\"fr-FR\",\"potentialAction\":[{\"@type\":\"ReadAction\",\"target\":[\"https:\\\/\\\/www.latilloleboienne.fr\\\/wordpress\\\/activites\\\/\"]}]},{\"@type\":\"BreadcrumbList\",\"@id\":\"https:\\\/\\\/www.latilloleboienne.fr\\\/wordpress\\\/activites\\\/#breadcrumb\",\"itemListElement\":[{\"@type\":\"ListItem\",\"position\":1,\"name\":\"Accueil\",\"item\":\"https:\\\/\\\/www.latilloleboienne.fr\\\/wordpress\\\/\"},{\"@type\":\"ListItem\",\"position\":2,\"name\":\"Activit\u00e9s\"}]},{\"@type\":\"WebSite\",\"@id\":\"https:\\\/\\\/www.latilloleboienne.fr\\\/wordpress\\\/#website\",\"url\":\"https:\\\/\\\/www.latilloleboienne.fr\\\/wordpress\\\/\",\"name\":\"La Tillole Bo\u00efenne\",\"description\":\"La tradition nautique du Bassin d&#039;Arcachon\",\"publisher\":{\"@id\":\"https:\\\/\\\/www.latilloleboienne.fr\\\/wordpress\\\/#organization\"},\"potentialAction\":[{\"@type\":\"SearchAction\",\"target\":{\"@type\":\"EntryPoint\",\"urlTemplate\":\"https:\\\/\\\/www.latilloleboienne.fr\\\/wordpress\\\/?s={search_term_string}\"},\"query-input\":{\"@type\":\"PropertyValueSpecification\",\"valueRequired\":true,\"valueName\":\"search_term_string\"}}],\"inLanguage\":\"fr-FR\"},{\"@type\":\"Organization\",\"@id\":\"https:\\\/\\\/www.latilloleboienne.fr\\\/wordpress\\\/#organization\",\"name\":\"Association La Tillole Bo\u00efenne\",\"url\":\"https:\\\/\\\/www.latilloleboienne.fr\\\/wordpress\\\/\",\"logo\":{\"@type\":\"ImageObject\",\"inLanguage\":\"fr-FR\",\"@id\":\"https:\\\/\\\/www.latilloleboienne.fr\\\/wordpress\\\/#\\\/schema\\\/logo\\\/image\\\/\",\"url\":\"https:\\\/\\\/www.latilloleboienne.fr\\\/wordpress\\\/wp-content\\\/uploads\\\/2022\\\/05\\\/Logo-Rond-La-Tillole-Boienne.png\",\"contentUrl\":\"https:\\\/\\\/www.latilloleboienne.fr\\\/wordpress\\\/wp-content\\\/uploads\\\/2022\\\/05\\\/Logo-Rond-La-Tillole-Boienne.png\",\"width\":162,\"height\":160,\"caption\":\"Association La Tillole Bo\u00efenne\"},\"image\":{\"@id\":\"https:\\\/\\\/www.latilloleboienne.fr\\\/wordpress\\\/#\\\/schema\\\/logo\\\/image\\\/\"}}]}<\/script>\n<!-- \/ Yoast SEO plugin. -->","yoast_head_json":{"title":"Activit\u00e9s - La Tillole Bo\u00efenne","description":"L'association propose des activit\u00e9s vari\u00e9es qui s'\u00e9talent presque sur toute l'ann\u00e9e : entretien, sorties d\u00e9couverte\/d\u00e9tente, r\u00e9gates, manifestations, etc.","robots":{"index":"index","follow":"follow","max-snippet":"max-snippet:-1","max-image-preview":"max-image-preview:large","max-video-preview":"max-video-preview:-1"},"canonical":"https:\/\/www.latilloleboienne.fr\/wordpress\/activites\/","og_locale":"fr_FR","og_type":"article","og_title":"Activit\u00e9s - La Tillole Bo\u00efenne","og_description":"L'association propose des activit\u00e9s vari\u00e9es qui s'\u00e9talent presque sur toute l'ann\u00e9e : entretien, sorties d\u00e9couverte\/d\u00e9tente, r\u00e9gates, manifestations, etc.","og_url":"https:\/\/www.latilloleboienne.fr\/wordpress\/activites\/","og_site_name":"La Tillole Bo\u00efenne","article_modified_time":"2025-02-14T13:30:02+00:00","twitter_card":"summary_large_image","twitter_misc":{"Dur\u00e9e de lecture estim\u00e9e":"3 minutes"},"schema":{"@context":"https:\/\/schema.org","@graph":[{"@type":"WebPage","@id":"https:\/\/www.latilloleboienne.fr\/wordpress\/activites\/","url":"https:\/\/www.latilloleboienne.fr\/wordpress\/activites\/","name":"Activit\u00e9s - La Tillole Bo\u00efenne","isPartOf":{"@id":"https:\/\/www.latilloleboienne.fr\/wordpress\/#website"},"datePublished":"2017-06-06T15:03:16+00:00","dateModified":"2025-02-14T13:30:02+00:00","description":"L'association propose des activit\u00e9s vari\u00e9es qui s'\u00e9talent presque sur toute l'ann\u00e9e : entretien, sorties d\u00e9couverte\/d\u00e9tente, r\u00e9gates, manifestations, etc.","breadcrumb":{"@id":"https:\/\/www.latilloleboienne.fr\/wordpress\/activites\/#breadcrumb"},"inLanguage":"fr-FR","potentialAction":[{"@type":"ReadAction","target":["https:\/\/www.latilloleboienne.fr\/wordpress\/activites\/"]}]},{"@type":"BreadcrumbList","@id":"https:\/\/www.latilloleboienne.fr\/wordpress\/activites\/#breadcrumb","itemListElement":[{"@type":"ListItem","position":1,"name":"Accueil","item":"https:\/\/www.latilloleboienne.fr\/wordpress\/"},{"@type":"ListItem","position":2,"name":"Activit\u00e9s"}]},{"@type":"WebSite","@id":"https:\/\/www.latilloleboienne.fr\/wordpress\/#website","url":"https:\/\/www.latilloleboienne.fr\/wordpress\/","name":"La Tillole Bo\u00efenne","description":"La tradition nautique du Bassin d&#039;Arcachon","publisher":{"@id":"https:\/\/www.latilloleboienne.fr\/wordpress\/#organization"},"potentialAction":[{"@type":"SearchAction","target":{"@type":"EntryPoint","urlTemplate":"https:\/\/www.latilloleboienne.fr\/wordpress\/?s={search_term_string}"},"query-input":{"@type":"PropertyValueSpecification","valueRequired":true,"valueName":"search_term_string"}}],"inLanguage":"fr-FR"},{"@type":"Organization","@id":"https:\/\/www.latilloleboienne.fr\/wordpress\/#organization","name":"Association La Tillole Bo\u00efenne","url":"https:\/\/www.latilloleboienne.fr\/wordpress\/","logo":{"@type":"ImageObject","inLanguage":"fr-FR","@id":"https:\/\/www.latilloleboienne.fr\/wordpress\/#\/schema\/logo\/image\/","url":"https:\/\/www.latilloleboienne.fr\/wordpress\/wp-content\/uploads\/2022\/05\/Logo-Rond-La-Tillole-Boienne.png","contentUrl":"https:\/\/www.latilloleboienne.fr\/wordpress\/wp-content\/uploads\/2022\/05\/Logo-Rond-La-Tillole-Boienne.png","width":162,"height":160,"caption":"Association La Tillole Bo\u00efenne"},"image":{"@id":"https:\/\/www.latilloleboienne.fr\/wordpress\/#\/schema\/logo\/image\/"}}]}},"_links":{"self":[{"href":"https:\/\/www.latilloleboienne.fr\/wordpress\/wp-json\/wp\/v2\/pages\/2405","targetHints":{"allow":["GET"]}}],"collection":[{"href":"https:\/\/www.latilloleboienne.fr\/wordpress\/wp-json\/wp\/v2\/pages"}],"about":[{"href":"https:\/\/www.latilloleboienne.fr\/wordpress\/wp-json\/wp\/v2\/types\/page"}],"author":[{"embeddable":true,"href":"https:\/\/www.latilloleboienne.fr\/wordpress\/wp-json\/wp\/v2\/users\/1"}],"replies":[{"embeddable":true,"href":"https:\/\/www.latilloleboienne.fr\/wordpress\/wp-json\/wp\/v2\/comments?post=2405"}],"version-history":[{"count":19,"href":"https:\/\/www.latilloleboienne.fr\/wordpress\/wp-json\/wp\/v2\/pages\/2405\/revisions"}],"predecessor-version":[{"id":3458,"href":"https:\/\/www.latilloleboienne.fr\/wordpress\/wp-json\/wp\/v2\/pages\/2405\/revisions\/3458"}],"wp:attachment":[{"href":"https:\/\/www.latilloleboienne.fr\/wordpress\/wp-json\/wp\/v2\/media?parent=2405"}],"curies":[{"name":"wp","href":"https:\/\/api.w.org\/{rel}","templated":true}]}}