{"id":22,"date":"2008-09-11T19:22:03","date_gmt":"2008-09-11T17:22:03","guid":{"rendered":"http:\/\/dev.danphilibin.com\/wordpress\/?page_id=39"},"modified":"2025-09-03T09:55:44","modified_gmt":"2025-09-03T07:55:44","slug":"partenaires","status":"publish","type":"page","link":"https:\/\/www.latilloleboienne.fr\/wordpress\/association\/partenaires\/","title":{"rendered":"Partenaires"},"content":{"rendered":"<div class=\"wp-block-image is-style-default\">\n<figure class=\"aligncenter size-large is-resized\"><a href=\"https:\/\/villedebiganos.fr\/\"><img loading=\"lazy\" decoding=\"async\" width=\"1980\" height=\"909\" src=\"https:\/\/www.latilloleboienne.fr\/wordpress\/wp-content\/uploads\/2025\/07\/Logo-Mairie-Biganos-1980x909.png\" alt=\"\" class=\"wp-image-4842\" style=\"aspect-ratio:16\/9;object-fit:cover;width:350px\" srcset=\"https:\/\/www.latilloleboienne.fr\/wordpress\/wp-content\/uploads\/2025\/07\/Logo-Mairie-Biganos-1980x909.png 1980w, https:\/\/www.latilloleboienne.fr\/wordpress\/wp-content\/uploads\/2025\/07\/Logo-Mairie-Biganos-800x367.png 800w, https:\/\/www.latilloleboienne.fr\/wordpress\/wp-content\/uploads\/2025\/07\/Logo-Mairie-Biganos-768x353.png 768w, https:\/\/www.latilloleboienne.fr\/wordpress\/wp-content\/uploads\/2025\/07\/Logo-Mairie-Biganos-1536x705.png 1536w, https:\/\/www.latilloleboienne.fr\/wordpress\/wp-content\/uploads\/2025\/07\/Logo-Mairie-Biganos-500x229.png 500w, https:\/\/www.latilloleboienne.fr\/wordpress\/wp-content\/uploads\/2025\/07\/Logo-Mairie-Biganos.png 2048w\" sizes=\"auto, (max-width: 1980px) 100vw, 1980px\" \/><\/a><\/figure>\n<\/div>\n\n<div class=\"wp-block-image is-style-default\">\n<figure class=\"aligncenter size-full is-resized\"><a href=\"https:\/\/www.cmso.com\/reseau-bancaire-cooperatif\/web\/recherche-agence-credit-mutuel-du-sud-ouest\/gironde\/biganos\/biganos-33380\"><img loading=\"lazy\" decoding=\"async\" width=\"900\" height=\"900\" src=\"https:\/\/www.latilloleboienne.fr\/wordpress\/wp-content\/uploads\/2025\/07\/Credit-Mutuel-du-Sud-Ouest.jpg\" alt=\"\" class=\"wp-image-4859\" style=\"aspect-ratio:16\/9;object-fit:contain;width:300px\" srcset=\"https:\/\/www.latilloleboienne.fr\/wordpress\/wp-content\/uploads\/2025\/07\/Credit-Mutuel-du-Sud-Ouest.jpg 900w, https:\/\/www.latilloleboienne.fr\/wordpress\/wp-content\/uploads\/2025\/07\/Credit-Mutuel-du-Sud-Ouest-600x600.jpg 600w, https:\/\/www.latilloleboienne.fr\/wordpress\/wp-content\/uploads\/2025\/07\/Credit-Mutuel-du-Sud-Ouest-150x150.jpg 150w, https:\/\/www.latilloleboienne.fr\/wordpress\/wp-content\/uploads\/2025\/07\/Credit-Mutuel-du-Sud-Ouest-768x768.jpg 768w, https:\/\/www.latilloleboienne.fr\/wordpress\/wp-content\/uploads\/2025\/07\/Credit-Mutuel-du-Sud-Ouest-300x300.jpg 300w\" sizes=\"auto, (max-width: 900px) 100vw, 900px\" \/><\/a><\/figure>\n<\/div>\n\n<div class=\"wp-block-image is-style-default\">\n<figure class=\"aligncenter size-large is-resized\"><a href=\"https:\/\/lefournildesboiens-biganos.fr\/\"><img loading=\"lazy\" decoding=\"async\" width=\"1926\" height=\"1080\" src=\"https:\/\/www.latilloleboienne.fr\/wordpress\/wp-content\/uploads\/2025\/07\/Fournil-des-Boiens-1926x1080.png\" alt=\"\" class=\"wp-image-4860\" style=\"aspect-ratio:16\/9;object-fit:contain;width:300px\" srcset=\"https:\/\/www.latilloleboienne.fr\/wordpress\/wp-content\/uploads\/2025\/07\/Fournil-des-Boiens-1926x1080.png 1926w, https:\/\/www.latilloleboienne.fr\/wordpress\/wp-content\/uploads\/2025\/07\/Fournil-des-Boiens-800x449.png 800w, https:\/\/www.latilloleboienne.fr\/wordpress\/wp-content\/uploads\/2025\/07\/Fournil-des-Boiens-768x431.png 768w, https:\/\/www.latilloleboienne.fr\/wordpress\/wp-content\/uploads\/2025\/07\/Fournil-des-Boiens-1536x861.png 1536w, https:\/\/www.latilloleboienne.fr\/wordpress\/wp-content\/uploads\/2025\/07\/Fournil-des-Boiens-2048x1148.png 2048w, https:\/\/www.latilloleboienne.fr\/wordpress\/wp-content\/uploads\/2025\/07\/Fournil-des-Boiens-500x280.png 500w\" sizes=\"auto, (max-width: 1926px) 100vw, 1926px\" \/><\/a><\/figure>\n<\/div>\n\n<div class=\"wp-block-image\">\n<figure class=\"aligncenter size-full is-resized\"><a href=\"https:\/\/www.facebook.com\/LaFromagerieBoienne\/?locale=fr_FR\"><img loading=\"lazy\" decoding=\"async\" width=\"1137\" height=\"609\" src=\"https:\/\/www.latilloleboienne.fr\/wordpress\/wp-content\/uploads\/2025\/07\/Fromagerie-Boienne.png\" alt=\"\" class=\"wp-image-4861\" style=\"aspect-ratio:1.637037037037037;object-fit:contain;width:300px\" srcset=\"https:\/\/www.latilloleboienne.fr\/wordpress\/wp-content\/uploads\/2025\/07\/Fromagerie-Boienne.png 1137w, https:\/\/www.latilloleboienne.fr\/wordpress\/wp-content\/uploads\/2025\/07\/Fromagerie-Boienne-800x428.png 800w, https:\/\/www.latilloleboienne.fr\/wordpress\/wp-content\/uploads\/2025\/07\/Fromagerie-Boienne-768x411.png 768w, https:\/\/www.latilloleboienne.fr\/wordpress\/wp-content\/uploads\/2025\/07\/Fromagerie-Boienne-500x268.png 500w\" sizes=\"auto, (max-width: 1137px) 100vw, 1137px\" \/><\/a><\/figure>\n<\/div>\n\n<div class=\"wp-block-image\">\n<figure class=\"aligncenter size-full is-resized\"><a href=\"https:\/\/www.loeildubassin.com\/336\/caves-du-bassin-biganos\"><img loading=\"lazy\" decoding=\"async\" width=\"1179\" height=\"367\" src=\"https:\/\/www.latilloleboienne.fr\/wordpress\/wp-content\/uploads\/2025\/07\/Caves-du-bassin.png\" alt=\"\" class=\"wp-image-4858\" style=\"aspect-ratio:16\/9;object-fit:contain;width:300px\" srcset=\"https:\/\/www.latilloleboienne.fr\/wordpress\/wp-content\/uploads\/2025\/07\/Caves-du-bassin.png 1179w, https:\/\/www.latilloleboienne.fr\/wordpress\/wp-content\/uploads\/2025\/07\/Caves-du-bassin-800x249.png 800w, https:\/\/www.latilloleboienne.fr\/wordpress\/wp-content\/uploads\/2025\/07\/Caves-du-bassin-768x239.png 768w, https:\/\/www.latilloleboienne.fr\/wordpress\/wp-content\/uploads\/2025\/07\/Caves-du-bassin-500x156.png 500w\" sizes=\"auto, (max-width: 1179px) 100vw, 1179px\" \/><\/a><\/figure>\n<\/div>\n\n<div class=\"wp-block-image\">\n<figure class=\"aligncenter size-full is-resized\"><a href=\"https:\/\/biganos-primeur.fr\/\"><img loading=\"lazy\" decoding=\"async\" width=\"1500\" height=\"1480\" src=\"https:\/\/www.latilloleboienne.fr\/wordpress\/wp-content\/uploads\/2025\/07\/Biganos-Primeur-refait.png\" alt=\"\" class=\"wp-image-4857\" style=\"aspect-ratio:1.5;object-fit:contain;width:306px;height:auto\" srcset=\"https:\/\/www.latilloleboienne.fr\/wordpress\/wp-content\/uploads\/2025\/07\/Biganos-Primeur-refait.png 1500w, https:\/\/www.latilloleboienne.fr\/wordpress\/wp-content\/uploads\/2025\/07\/Biganos-Primeur-refait-608x600.png 608w, https:\/\/www.latilloleboienne.fr\/wordpress\/wp-content\/uploads\/2025\/07\/Biganos-Primeur-refait-1095x1080.png 1095w, https:\/\/www.latilloleboienne.fr\/wordpress\/wp-content\/uploads\/2025\/07\/Biganos-Primeur-refait-768x758.png 768w, https:\/\/www.latilloleboienne.fr\/wordpress\/wp-content\/uploads\/2025\/07\/Biganos-Primeur-refait-304x300.png 304w\" sizes=\"auto, (max-width: 1500px) 100vw, 1500px\" \/><\/a><\/figure>\n<\/div>\n\n<div class=\"wp-block-image\">\n<figure class=\"aligncenter size-full is-resized\"><a href=\"https:\/\/www.bigabike.fr\/\"><img loading=\"lazy\" decoding=\"async\" width=\"1015\" height=\"437\" src=\"https:\/\/www.latilloleboienne.fr\/wordpress\/wp-content\/uploads\/2025\/07\/Logo-Bigabike.png\" alt=\"\" class=\"wp-image-4833\" style=\"aspect-ratio:16\/9;object-fit:contain;width:302px;height:auto\" srcset=\"https:\/\/www.latilloleboienne.fr\/wordpress\/wp-content\/uploads\/2025\/07\/Logo-Bigabike.png 1015w, https:\/\/www.latilloleboienne.fr\/wordpress\/wp-content\/uploads\/2025\/07\/Logo-Bigabike-800x344.png 800w, https:\/\/www.latilloleboienne.fr\/wordpress\/wp-content\/uploads\/2025\/07\/Logo-Bigabike-768x331.png 768w, https:\/\/www.latilloleboienne.fr\/wordpress\/wp-content\/uploads\/2025\/07\/Logo-Bigabike-500x215.png 500w\" sizes=\"auto, (max-width: 1015px) 100vw, 1015px\" \/><\/a><\/figure>\n<\/div>\n\n<div class=\"wp-block-image\">\n<figure class=\"aligncenter size-full is-resized\"><a href=\"https:\/\/www.courantdeyre.com\/\"><img loading=\"lazy\" decoding=\"async\" width=\"884\" height=\"452\" src=\"https:\/\/www.latilloleboienne.fr\/wordpress\/wp-content\/uploads\/2025\/07\/Logo-Courant-d_Eyre.png\" alt=\"\" class=\"wp-image-4837\" style=\"aspect-ratio:16\/9;object-fit:contain;width:300px\" srcset=\"https:\/\/www.latilloleboienne.fr\/wordpress\/wp-content\/uploads\/2025\/07\/Logo-Courant-d_Eyre.png 884w, https:\/\/www.latilloleboienne.fr\/wordpress\/wp-content\/uploads\/2025\/07\/Logo-Courant-d_Eyre-800x409.png 800w, https:\/\/www.latilloleboienne.fr\/wordpress\/wp-content\/uploads\/2025\/07\/Logo-Courant-d_Eyre-768x393.png 768w, https:\/\/www.latilloleboienne.fr\/wordpress\/wp-content\/uploads\/2025\/07\/Logo-Courant-d_Eyre-500x256.png 500w\" sizes=\"auto, (max-width: 884px) 100vw, 884px\" \/><\/a><\/figure>\n<\/div>\n\n<div class=\"wp-block-image\">\n<figure class=\"aligncenter size-full is-resized\"><a href=\"https:\/\/pano-bassin-arcachon.fr\/\"><img loading=\"lazy\" decoding=\"async\" width=\"865\" height=\"863\" src=\"https:\/\/www.latilloleboienne.fr\/wordpress\/wp-content\/uploads\/2025\/07\/Logo-Pano-sign-service-BA.png\" alt=\"\" class=\"wp-image-4843\" style=\"aspect-ratio:16\/9;object-fit:contain;width:300px\" srcset=\"https:\/\/www.latilloleboienne.fr\/wordpress\/wp-content\/uploads\/2025\/07\/Logo-Pano-sign-service-BA.png 865w, https:\/\/www.latilloleboienne.fr\/wordpress\/wp-content\/uploads\/2025\/07\/Logo-Pano-sign-service-BA-601x600.png 601w, https:\/\/www.latilloleboienne.fr\/wordpress\/wp-content\/uploads\/2025\/07\/Logo-Pano-sign-service-BA-150x150.png 150w, https:\/\/www.latilloleboienne.fr\/wordpress\/wp-content\/uploads\/2025\/07\/Logo-Pano-sign-service-BA-768x766.png 768w, https:\/\/www.latilloleboienne.fr\/wordpress\/wp-content\/uploads\/2025\/07\/Logo-Pano-sign-service-BA-301x300.png 301w\" sizes=\"auto, (max-width: 865px) 100vw, 865px\" \/><\/a><\/figure>\n<\/div>\n\n<div class=\"wp-block-image\">\n<figure class=\"aligncenter size-full is-resized\"><a href=\"https:\/\/caparolcenter-biganos.fr\/accueil.html\"><img loading=\"lazy\" decoding=\"async\" width=\"1427\" height=\"1427\" src=\"https:\/\/www.latilloleboienne.fr\/wordpress\/wp-content\/uploads\/2025\/07\/Logo-Comptoir-des-peintures-Biganos.png\" alt=\"\" class=\"wp-image-4836\" style=\"aspect-ratio:16\/9;object-fit:contain;width:300px\" srcset=\"https:\/\/www.latilloleboienne.fr\/wordpress\/wp-content\/uploads\/2025\/07\/Logo-Comptoir-des-peintures-Biganos.png 1427w, https:\/\/www.latilloleboienne.fr\/wordpress\/wp-content\/uploads\/2025\/07\/Logo-Comptoir-des-peintures-Biganos-600x600.png 600w, https:\/\/www.latilloleboienne.fr\/wordpress\/wp-content\/uploads\/2025\/07\/Logo-Comptoir-des-peintures-Biganos-1080x1080.png 1080w, https:\/\/www.latilloleboienne.fr\/wordpress\/wp-content\/uploads\/2025\/07\/Logo-Comptoir-des-peintures-Biganos-150x150.png 150w, https:\/\/www.latilloleboienne.fr\/wordpress\/wp-content\/uploads\/2025\/07\/Logo-Comptoir-des-peintures-Biganos-768x768.png 768w, https:\/\/www.latilloleboienne.fr\/wordpress\/wp-content\/uploads\/2025\/07\/Logo-Comptoir-des-peintures-Biganos-300x300.png 300w\" sizes=\"auto, (max-width: 1427px) 100vw, 1427px\" \/><\/a><\/figure>\n<\/div>\n\n<div class=\"wp-block-image\">\n<figure class=\"aligncenter size-full is-resized\"><a href=\"https:\/\/www.topgun-evasion.com\/\"><img loading=\"lazy\" decoding=\"async\" width=\"1392\" height=\"610\" src=\"https:\/\/www.latilloleboienne.fr\/wordpress\/wp-content\/uploads\/2025\/07\/Logo-Karting-Topgun-Evasion.png\" alt=\"\" class=\"wp-image-4841\" style=\"aspect-ratio:16\/9;object-fit:contain;width:300px\" srcset=\"https:\/\/www.latilloleboienne.fr\/wordpress\/wp-content\/uploads\/2025\/07\/Logo-Karting-Topgun-Evasion.png 1392w, https:\/\/www.latilloleboienne.fr\/wordpress\/wp-content\/uploads\/2025\/07\/Logo-Karting-Topgun-Evasion-800x351.png 800w, https:\/\/www.latilloleboienne.fr\/wordpress\/wp-content\/uploads\/2025\/07\/Logo-Karting-Topgun-Evasion-768x337.png 768w, https:\/\/www.latilloleboienne.fr\/wordpress\/wp-content\/uploads\/2025\/07\/Logo-Karting-Topgun-Evasion-500x219.png 500w\" sizes=\"auto, (max-width: 1392px) 100vw, 1392px\" \/><\/a><\/figure>\n<\/div>","protected":false},"excerpt":{"rendered":"","protected":false},"author":1,"featured_media":0,"parent":2835,"menu_order":4,"comment_status":"closed","ping_status":"closed","template":"","meta":{"footnotes":""},"class_list":["post-22","page","type-page","status-publish","hentry"],"yoast_head":"<!-- This site is optimized with the Yoast SEO plugin v27.5 - https:\/\/yoast.com\/product\/yoast-seo-wordpress\/ -->\n<title>Partenaires - La Tillole Bo\u00efenne<\/title>\n<meta name=\"description\" content=\"Les partenaires de l&#039;association nous aident pour la vie quotidienne mais aussi lors d&#039;\u00e9v\u00e9nements plus exceptionnels.\" \/>\n<meta name=\"robots\" content=\"index, follow, max-snippet:-1, max-image-preview:large, max-video-preview:-1\" \/>\n<link rel=\"canonical\" href=\"https:\/\/www.latilloleboienne.fr\/wordpress\/association\/partenaires\/\" \/>\n<meta property=\"og:locale\" content=\"fr_FR\" \/>\n<meta property=\"og:type\" content=\"article\" \/>\n<meta property=\"og:title\" content=\"Partenaires - La Tillole Bo\u00efenne\" \/>\n<meta property=\"og:description\" content=\"Les partenaires de l&#039;association nous aident pour la vie quotidienne mais aussi lors d&#039;\u00e9v\u00e9nements plus exceptionnels.\" \/>\n<meta property=\"og:url\" content=\"https:\/\/www.latilloleboienne.fr\/wordpress\/association\/partenaires\/\" \/>\n<meta property=\"og:site_name\" content=\"La Tillole Bo\u00efenne\" \/>\n<meta property=\"article:modified_time\" content=\"2025-09-03T07:55:44+00:00\" \/>\n<meta property=\"og:image\" content=\"https:\/\/www.latilloleboienne.fr\/wordpress\/wp-content\/uploads\/2025\/07\/Logo-Mairie-Biganos.png\" \/>\n\t<meta property=\"og:image:width\" content=\"2048\" \/>\n\t<meta property=\"og:image:height\" content=\"940\" \/>\n\t<meta property=\"og:image:type\" content=\"image\/png\" \/>\n<meta name=\"twitter:card\" content=\"summary_large_image\" \/>\n<meta name=\"twitter:label1\" content=\"Dur\u00e9e de lecture estim\u00e9e\" \/>\n\t<meta name=\"twitter:data1\" content=\"3 minutes\" \/>\n<script type=\"application\/ld+json\" class=\"yoast-schema-graph\">{\"@context\":\"https:\\\/\\\/schema.org\",\"@graph\":[{\"@type\":\"WebPage\",\"@id\":\"https:\\\/\\\/www.latilloleboienne.fr\\\/wordpress\\\/association\\\/partenaires\\\/\",\"url\":\"https:\\\/\\\/www.latilloleboienne.fr\\\/wordpress\\\/association\\\/partenaires\\\/\",\"name\":\"Partenaires - La Tillole Bo\u00efenne\",\"isPartOf\":{\"@id\":\"https:\\\/\\\/www.latilloleboienne.fr\\\/wordpress\\\/#website\"},\"primaryImageOfPage\":{\"@id\":\"https:\\\/\\\/www.latilloleboienne.fr\\\/wordpress\\\/association\\\/partenaires\\\/#primaryimage\"},\"image\":{\"@id\":\"https:\\\/\\\/www.latilloleboienne.fr\\\/wordpress\\\/association\\\/partenaires\\\/#primaryimage\"},\"thumbnailUrl\":\"https:\\\/\\\/www.latilloleboienne.fr\\\/wordpress\\\/wp-content\\\/uploads\\\/2025\\\/07\\\/Logo-Mairie-Biganos-1980x909.png\",\"datePublished\":\"2008-09-11T17:22:03+00:00\",\"dateModified\":\"2025-09-03T07:55:44+00:00\",\"description\":\"Les partenaires de l'association nous aident pour la vie quotidienne mais aussi lors d'\u00e9v\u00e9nements plus exceptionnels.\",\"breadcrumb\":{\"@id\":\"https:\\\/\\\/www.latilloleboienne.fr\\\/wordpress\\\/association\\\/partenaires\\\/#breadcrumb\"},\"inLanguage\":\"fr-FR\",\"potentialAction\":[{\"@type\":\"ReadAction\",\"target\":[\"https:\\\/\\\/www.latilloleboienne.fr\\\/wordpress\\\/association\\\/partenaires\\\/\"]}]},{\"@type\":\"ImageObject\",\"inLanguage\":\"fr-FR\",\"@id\":\"https:\\\/\\\/www.latilloleboienne.fr\\\/wordpress\\\/association\\\/partenaires\\\/#primaryimage\",\"url\":\"https:\\\/\\\/www.latilloleboienne.fr\\\/wordpress\\\/wp-content\\\/uploads\\\/2025\\\/07\\\/Logo-Mairie-Biganos.png\",\"contentUrl\":\"https:\\\/\\\/www.latilloleboienne.fr\\\/wordpress\\\/wp-content\\\/uploads\\\/2025\\\/07\\\/Logo-Mairie-Biganos.png\",\"width\":2048,\"height\":940},{\"@type\":\"BreadcrumbList\",\"@id\":\"https:\\\/\\\/www.latilloleboienne.fr\\\/wordpress\\\/association\\\/partenaires\\\/#breadcrumb\",\"itemListElement\":[{\"@type\":\"ListItem\",\"position\":1,\"name\":\"Accueil\",\"item\":\"https:\\\/\\\/www.latilloleboienne.fr\\\/wordpress\\\/\"},{\"@type\":\"ListItem\",\"position\":2,\"name\":\"L&rsquo;association\",\"item\":\"https:\\\/\\\/www.latilloleboienne.fr\\\/wordpress\\\/association\\\/\"},{\"@type\":\"ListItem\",\"position\":3,\"name\":\"Partenaires\"}]},{\"@type\":\"WebSite\",\"@id\":\"https:\\\/\\\/www.latilloleboienne.fr\\\/wordpress\\\/#website\",\"url\":\"https:\\\/\\\/www.latilloleboienne.fr\\\/wordpress\\\/\",\"name\":\"La Tillole Bo\u00efenne\",\"description\":\"La tradition nautique du Bassin d&#039;Arcachon\",\"publisher\":{\"@id\":\"https:\\\/\\\/www.latilloleboienne.fr\\\/wordpress\\\/#organization\"},\"potentialAction\":[{\"@type\":\"SearchAction\",\"target\":{\"@type\":\"EntryPoint\",\"urlTemplate\":\"https:\\\/\\\/www.latilloleboienne.fr\\\/wordpress\\\/?s={search_term_string}\"},\"query-input\":{\"@type\":\"PropertyValueSpecification\",\"valueRequired\":true,\"valueName\":\"search_term_string\"}}],\"inLanguage\":\"fr-FR\"},{\"@type\":\"Organization\",\"@id\":\"https:\\\/\\\/www.latilloleboienne.fr\\\/wordpress\\\/#organization\",\"name\":\"Association La Tillole Bo\u00efenne\",\"url\":\"https:\\\/\\\/www.latilloleboienne.fr\\\/wordpress\\\/\",\"logo\":{\"@type\":\"ImageObject\",\"inLanguage\":\"fr-FR\",\"@id\":\"https:\\\/\\\/www.latilloleboienne.fr\\\/wordpress\\\/#\\\/schema\\\/logo\\\/image\\\/\",\"url\":\"https:\\\/\\\/www.latilloleboienne.fr\\\/wordpress\\\/wp-content\\\/uploads\\\/2022\\\/05\\\/Logo-Rond-La-Tillole-Boienne.png\",\"contentUrl\":\"https:\\\/\\\/www.latilloleboienne.fr\\\/wordpress\\\/wp-content\\\/uploads\\\/2022\\\/05\\\/Logo-Rond-La-Tillole-Boienne.png\",\"width\":162,\"height\":160,\"caption\":\"Association La Tillole Bo\u00efenne\"},\"image\":{\"@id\":\"https:\\\/\\\/www.latilloleboienne.fr\\\/wordpress\\\/#\\\/schema\\\/logo\\\/image\\\/\"}}]}<\/script>\n<!-- \/ Yoast SEO plugin. -->","yoast_head_json":{"title":"Partenaires - La Tillole Bo\u00efenne","description":"Les partenaires de l'association nous aident pour la vie quotidienne mais aussi lors d'\u00e9v\u00e9nements plus exceptionnels.","robots":{"index":"index","follow":"follow","max-snippet":"max-snippet:-1","max-image-preview":"max-image-preview:large","max-video-preview":"max-video-preview:-1"},"canonical":"https:\/\/www.latilloleboienne.fr\/wordpress\/association\/partenaires\/","og_locale":"fr_FR","og_type":"article","og_title":"Partenaires - La Tillole Bo\u00efenne","og_description":"Les partenaires de l'association nous aident pour la vie quotidienne mais aussi lors d'\u00e9v\u00e9nements plus exceptionnels.","og_url":"https:\/\/www.latilloleboienne.fr\/wordpress\/association\/partenaires\/","og_site_name":"La Tillole Bo\u00efenne","article_modified_time":"2025-09-03T07:55:44+00:00","og_image":[{"width":2048,"height":940,"url":"https:\/\/www.latilloleboienne.fr\/wordpress\/wp-content\/uploads\/2025\/07\/Logo-Mairie-Biganos.png","type":"image\/png"}],"twitter_card":"summary_large_image","twitter_misc":{"Dur\u00e9e de lecture estim\u00e9e":"3 minutes"},"schema":{"@context":"https:\/\/schema.org","@graph":[{"@type":"WebPage","@id":"https:\/\/www.latilloleboienne.fr\/wordpress\/association\/partenaires\/","url":"https:\/\/www.latilloleboienne.fr\/wordpress\/association\/partenaires\/","name":"Partenaires - La Tillole Bo\u00efenne","isPartOf":{"@id":"https:\/\/www.latilloleboienne.fr\/wordpress\/#website"},"primaryImageOfPage":{"@id":"https:\/\/www.latilloleboienne.fr\/wordpress\/association\/partenaires\/#primaryimage"},"image":{"@id":"https:\/\/www.latilloleboienne.fr\/wordpress\/association\/partenaires\/#primaryimage"},"thumbnailUrl":"https:\/\/www.latilloleboienne.fr\/wordpress\/wp-content\/uploads\/2025\/07\/Logo-Mairie-Biganos-1980x909.png","datePublished":"2008-09-11T17:22:03+00:00","dateModified":"2025-09-03T07:55:44+00:00","description":"Les partenaires de l'association nous aident pour la vie quotidienne mais aussi lors d'\u00e9v\u00e9nements plus exceptionnels.","breadcrumb":{"@id":"https:\/\/www.latilloleboienne.fr\/wordpress\/association\/partenaires\/#breadcrumb"},"inLanguage":"fr-FR","potentialAction":[{"@type":"ReadAction","target":["https:\/\/www.latilloleboienne.fr\/wordpress\/association\/partenaires\/"]}]},{"@type":"ImageObject","inLanguage":"fr-FR","@id":"https:\/\/www.latilloleboienne.fr\/wordpress\/association\/partenaires\/#primaryimage","url":"https:\/\/www.latilloleboienne.fr\/wordpress\/wp-content\/uploads\/2025\/07\/Logo-Mairie-Biganos.png","contentUrl":"https:\/\/www.latilloleboienne.fr\/wordpress\/wp-content\/uploads\/2025\/07\/Logo-Mairie-Biganos.png","width":2048,"height":940},{"@type":"BreadcrumbList","@id":"https:\/\/www.latilloleboienne.fr\/wordpress\/association\/partenaires\/#breadcrumb","itemListElement":[{"@type":"ListItem","position":1,"name":"Accueil","item":"https:\/\/www.latilloleboienne.fr\/wordpress\/"},{"@type":"ListItem","position":2,"name":"L&rsquo;association","item":"https:\/\/www.latilloleboienne.fr\/wordpress\/association\/"},{"@type":"ListItem","position":3,"name":"Partenaires"}]},{"@type":"WebSite","@id":"https:\/\/www.latilloleboienne.fr\/wordpress\/#website","url":"https:\/\/www.latilloleboienne.fr\/wordpress\/","name":"La Tillole Bo\u00efenne","description":"La tradition nautique du Bassin d&#039;Arcachon","publisher":{"@id":"https:\/\/www.latilloleboienne.fr\/wordpress\/#organization"},"potentialAction":[{"@type":"SearchAction","target":{"@type":"EntryPoint","urlTemplate":"https:\/\/www.latilloleboienne.fr\/wordpress\/?s={search_term_string}"},"query-input":{"@type":"PropertyValueSpecification","valueRequired":true,"valueName":"search_term_string"}}],"inLanguage":"fr-FR"},{"@type":"Organization","@id":"https:\/\/www.latilloleboienne.fr\/wordpress\/#organization","name":"Association La Tillole Bo\u00efenne","url":"https:\/\/www.latilloleboienne.fr\/wordpress\/","logo":{"@type":"ImageObject","inLanguage":"fr-FR","@id":"https:\/\/www.latilloleboienne.fr\/wordpress\/#\/schema\/logo\/image\/","url":"https:\/\/www.latilloleboienne.fr\/wordpress\/wp-content\/uploads\/2022\/05\/Logo-Rond-La-Tillole-Boienne.png","contentUrl":"https:\/\/www.latilloleboienne.fr\/wordpress\/wp-content\/uploads\/2022\/05\/Logo-Rond-La-Tillole-Boienne.png","width":162,"height":160,"caption":"Association La Tillole Bo\u00efenne"},"image":{"@id":"https:\/\/www.latilloleboienne.fr\/wordpress\/#\/schema\/logo\/image\/"}}]}},"_links":{"self":[{"href":"https:\/\/www.latilloleboienne.fr\/wordpress\/wp-json\/wp\/v2\/pages\/22","targetHints":{"allow":["GET"]}}],"collection":[{"href":"https:\/\/www.latilloleboienne.fr\/wordpress\/wp-json\/wp\/v2\/pages"}],"about":[{"href":"https:\/\/www.latilloleboienne.fr\/wordpress\/wp-json\/wp\/v2\/types\/page"}],"author":[{"embeddable":true,"href":"https:\/\/www.latilloleboienne.fr\/wordpress\/wp-json\/wp\/v2\/users\/1"}],"replies":[{"embeddable":true,"href":"https:\/\/www.latilloleboienne.fr\/wordpress\/wp-json\/wp\/v2\/comments?post=22"}],"version-history":[{"count":44,"href":"https:\/\/www.latilloleboienne.fr\/wordpress\/wp-json\/wp\/v2\/pages\/22\/revisions"}],"predecessor-version":[{"id":5049,"href":"https:\/\/www.latilloleboienne.fr\/wordpress\/wp-json\/wp\/v2\/pages\/22\/revisions\/5049"}],"up":[{"embeddable":true,"href":"https:\/\/www.latilloleboienne.fr\/wordpress\/wp-json\/wp\/v2\/pages\/2835"}],"wp:attachment":[{"href":"https:\/\/www.latilloleboienne.fr\/wordpress\/wp-json\/wp\/v2\/media?parent=22"}],"curies":[{"name":"wp","href":"https:\/\/api.w.org\/{rel}","templated":true}]}}