{"id":193,"date":"2017-05-19T10:26:48","date_gmt":"2017-05-19T10:26:48","guid":{"rendered":"http:\/\/www.latilloleboienne.fr\/wordpress\/?page_id=193"},"modified":"2022-06-09T17:57:38","modified_gmt":"2022-06-09T15:57:38","slug":"historique-des-pinasses-a-voile","status":"publish","type":"page","link":"https:\/\/www.latilloleboienne.fr\/wordpress\/notre-histoire\/historique-des-pinasses-a-voile\/","title":{"rendered":"Historique des pinasses \u00e0 voile"},"content":{"rendered":"<p>Dans les ann\u00e9es 80, apr\u00e8s la disparition quasi-totale des pinasses \u00e0 voile, une tr\u00e8s forte volont\u00e9 de faire rena\u00eetre les bateaux traditionnels de nos anciens se fait sentir. \u00c0 l\u2019origine bateaux de travail ostr\u00e9icole \u00e0 l\u2019aviron et \u00e0 voile, elles se regroupent le Dimanche lors de courses \u00e0 la voile entre villages du Bassin.<\/p>\n<p>\u00ab Marie-Louise \u00bb l\u2019anc\u00eatre de nos pinasses, a servi de mod\u00e8le pour reconstruire la flotte d\u2019aujourd\u2019hui qui reste limit\u00e9e \u00e0 moins de trente unit\u00e9s. \u00c0 ce jour, de juin \u00e0 septembre, presque toutes les villes du Bassin d\u2019Arcachon sont repr\u00e9sent\u00e9es et se retrouvent, chaque weekend end sur le plan d\u2019eau pour d\u00e9fendre leurs couleurs.<\/p>\n<p>Bien au-del\u00e0 de la comp\u00e9tition, il r\u00e8gne un \u00e9tat d\u2019esprit identique \u00e0 celui de nos anciens parmi ces Pinasseyres qui font perdurer les mentalit\u00e9s d\u2019antan. Chaque ann\u00e9e nos bateaux traditionnels attirent de nouveaux adeptes.<\/p>\n<p>\u00a0<\/p>\n\n\n<figure class=\"wp-block-embed is-type-video is-provider-youtube wp-block-embed-youtube wp-embed-aspect-16-9 wp-has-aspect-ratio\"><div class=\"wp-block-embed__wrapper\">\n<iframe loading=\"lazy\" title=\"Les Pinasses \u00e0 voiles du Bassin d&#039;Arcachon Les ann\u00e9es 1960\" width=\"584\" height=\"329\" src=\"https:\/\/www.youtube.com\/embed\/qqKk6ANo74s?feature=oembed\" frameborder=\"0\" allow=\"accelerometer; autoplay; clipboard-write; encrypted-media; gyroscope; picture-in-picture; web-share\" referrerpolicy=\"strict-origin-when-cross-origin\" allowfullscreen><\/iframe>\n<\/div><\/figure>\n\n\n\n<figure class=\"wp-block-embed is-type-video is-provider-youtube wp-block-embed-youtube wp-embed-aspect-16-9 wp-has-aspect-ratio\"><div class=\"wp-block-embed__wrapper\">\n<iframe loading=\"lazy\" title=\"Les Pinasses du Bassin 1980   Bassin d&#039;Arcachon\" width=\"584\" height=\"329\" src=\"https:\/\/www.youtube.com\/embed\/Lg_Xz9PcQCw?feature=oembed\" frameborder=\"0\" allow=\"accelerometer; autoplay; clipboard-write; encrypted-media; gyroscope; picture-in-picture; web-share\" referrerpolicy=\"strict-origin-when-cross-origin\" allowfullscreen><\/iframe>\n<\/div><\/figure>\n\n\n\n<figure class=\"wp-block-embed is-type-video is-provider-youtube wp-block-embed-youtube wp-embed-aspect-16-9 wp-has-aspect-ratio\"><div class=\"wp-block-embed__wrapper\">\n<iframe loading=\"lazy\" title=\"Les hirondelles de la presqu\u2019\u00eele, par S\u00e9bastien Hondelatte - Film\" width=\"584\" height=\"329\" src=\"https:\/\/www.youtube.com\/embed\/PlimfaRcZlw?feature=oembed\" frameborder=\"0\" allow=\"accelerometer; autoplay; clipboard-write; encrypted-media; gyroscope; picture-in-picture; web-share\" referrerpolicy=\"strict-origin-when-cross-origin\" allowfullscreen><\/iframe>\n<\/div><\/figure>\n","protected":false},"excerpt":{"rendered":"<p>Dans les ann\u00e9es 80, apr\u00e8s la disparition quasi-totale des pinasses \u00e0 voile, une tr\u00e8s forte volont\u00e9 de faire rena\u00eetre les bateaux traditionnels de nos anciens se fait sentir. \u00c0 l\u2019origine bateaux de travail ostr\u00e9icole \u00e0 l\u2019aviron et \u00e0 voile, elles &hellip; <a href=\"https:\/\/www.latilloleboienne.fr\/wordpress\/notre-histoire\/historique-des-pinasses-a-voile\/\">Continuer la lecture <span class=\"meta-nav\">&rarr;<\/span><\/a><\/p>\n","protected":false},"author":1,"featured_media":0,"parent":116,"menu_order":0,"comment_status":"closed","ping_status":"closed","template":"","meta":{"footnotes":""},"class_list":["post-193","page","type-page","status-publish","hentry"],"yoast_head":"<!-- This site is optimized with the Yoast SEO plugin v27.4 - https:\/\/yoast.com\/product\/yoast-seo-wordpress\/ -->\n<title>Historique des pinasses \u00e0 voile - La Tillole Bo\u00efenne<\/title>\n<meta name=\"description\" content=\"Bateaux de travail ostr\u00e9icole \u00e0 l\u2019aviron et \u00e0 voile, les pinasses ont failli dispara\u00eetre. L&#039;esprit des Pinasseyres a permis le renouveau autour de r\u00e9gates et de groupements nautiques et festifs.\" \/>\n<meta name=\"robots\" content=\"index, follow, max-snippet:-1, max-image-preview:large, max-video-preview:-1\" \/>\n<link rel=\"canonical\" href=\"https:\/\/www.latilloleboienne.fr\/wordpress\/notre-histoire\/historique-des-pinasses-a-voile\/\" \/>\n<meta property=\"og:locale\" content=\"fr_FR\" \/>\n<meta property=\"og:type\" content=\"article\" \/>\n<meta property=\"og:title\" content=\"Historique des pinasses \u00e0 voile - La Tillole Bo\u00efenne\" \/>\n<meta property=\"og:description\" content=\"Bateaux de travail ostr\u00e9icole \u00e0 l\u2019aviron et \u00e0 voile, les pinasses ont failli dispara\u00eetre. L&#039;esprit des Pinasseyres a permis le renouveau autour de r\u00e9gates et de groupements nautiques et festifs.\" \/>\n<meta property=\"og:url\" content=\"https:\/\/www.latilloleboienne.fr\/wordpress\/notre-histoire\/historique-des-pinasses-a-voile\/\" \/>\n<meta property=\"og:site_name\" content=\"La Tillole Bo\u00efenne\" \/>\n<meta property=\"article:modified_time\" content=\"2022-06-09T15:57:38+00:00\" \/>\n<meta name=\"twitter:card\" content=\"summary_large_image\" \/>\n<meta name=\"twitter:label1\" content=\"Dur\u00e9e de lecture estim\u00e9e\" \/>\n\t<meta name=\"twitter:data1\" content=\"1 minute\" \/>\n<script type=\"application\/ld+json\" class=\"yoast-schema-graph\">{\"@context\":\"https:\\\/\\\/schema.org\",\"@graph\":[{\"@type\":\"WebPage\",\"@id\":\"https:\\\/\\\/www.latilloleboienne.fr\\\/wordpress\\\/notre-histoire\\\/historique-des-pinasses-a-voile\\\/\",\"url\":\"https:\\\/\\\/www.latilloleboienne.fr\\\/wordpress\\\/notre-histoire\\\/historique-des-pinasses-a-voile\\\/\",\"name\":\"Historique des pinasses \u00e0 voile - La Tillole Bo\u00efenne\",\"isPartOf\":{\"@id\":\"https:\\\/\\\/www.latilloleboienne.fr\\\/wordpress\\\/#website\"},\"datePublished\":\"2017-05-19T10:26:48+00:00\",\"dateModified\":\"2022-06-09T15:57:38+00:00\",\"description\":\"Bateaux de travail ostr\u00e9icole \u00e0 l\u2019aviron et \u00e0 voile, les pinasses ont failli dispara\u00eetre. L'esprit des Pinasseyres a permis le renouveau autour de r\u00e9gates et de groupements nautiques et festifs.\",\"breadcrumb\":{\"@id\":\"https:\\\/\\\/www.latilloleboienne.fr\\\/wordpress\\\/notre-histoire\\\/historique-des-pinasses-a-voile\\\/#breadcrumb\"},\"inLanguage\":\"fr-FR\",\"potentialAction\":[{\"@type\":\"ReadAction\",\"target\":[\"https:\\\/\\\/www.latilloleboienne.fr\\\/wordpress\\\/notre-histoire\\\/historique-des-pinasses-a-voile\\\/\"]}]},{\"@type\":\"BreadcrumbList\",\"@id\":\"https:\\\/\\\/www.latilloleboienne.fr\\\/wordpress\\\/notre-histoire\\\/historique-des-pinasses-a-voile\\\/#breadcrumb\",\"itemListElement\":[{\"@type\":\"ListItem\",\"position\":1,\"name\":\"Accueil\",\"item\":\"https:\\\/\\\/www.latilloleboienne.fr\\\/wordpress\\\/\"},{\"@type\":\"ListItem\",\"position\":2,\"name\":\"Notre histoire\",\"item\":\"https:\\\/\\\/www.latilloleboienne.fr\\\/wordpress\\\/notre-histoire\\\/\"},{\"@type\":\"ListItem\",\"position\":3,\"name\":\"Historique des pinasses \u00e0 voile\"}]},{\"@type\":\"WebSite\",\"@id\":\"https:\\\/\\\/www.latilloleboienne.fr\\\/wordpress\\\/#website\",\"url\":\"https:\\\/\\\/www.latilloleboienne.fr\\\/wordpress\\\/\",\"name\":\"La Tillole Bo\u00efenne\",\"description\":\"La tradition nautique du Bassin d&#039;Arcachon\",\"publisher\":{\"@id\":\"https:\\\/\\\/www.latilloleboienne.fr\\\/wordpress\\\/#organization\"},\"potentialAction\":[{\"@type\":\"SearchAction\",\"target\":{\"@type\":\"EntryPoint\",\"urlTemplate\":\"https:\\\/\\\/www.latilloleboienne.fr\\\/wordpress\\\/?s={search_term_string}\"},\"query-input\":{\"@type\":\"PropertyValueSpecification\",\"valueRequired\":true,\"valueName\":\"search_term_string\"}}],\"inLanguage\":\"fr-FR\"},{\"@type\":\"Organization\",\"@id\":\"https:\\\/\\\/www.latilloleboienne.fr\\\/wordpress\\\/#organization\",\"name\":\"Association La Tillole Bo\u00efenne\",\"url\":\"https:\\\/\\\/www.latilloleboienne.fr\\\/wordpress\\\/\",\"logo\":{\"@type\":\"ImageObject\",\"inLanguage\":\"fr-FR\",\"@id\":\"https:\\\/\\\/www.latilloleboienne.fr\\\/wordpress\\\/#\\\/schema\\\/logo\\\/image\\\/\",\"url\":\"https:\\\/\\\/www.latilloleboienne.fr\\\/wordpress\\\/wp-content\\\/uploads\\\/2022\\\/05\\\/Logo-Rond-La-Tillole-Boienne.png\",\"contentUrl\":\"https:\\\/\\\/www.latilloleboienne.fr\\\/wordpress\\\/wp-content\\\/uploads\\\/2022\\\/05\\\/Logo-Rond-La-Tillole-Boienne.png\",\"width\":162,\"height\":160,\"caption\":\"Association La Tillole Bo\u00efenne\"},\"image\":{\"@id\":\"https:\\\/\\\/www.latilloleboienne.fr\\\/wordpress\\\/#\\\/schema\\\/logo\\\/image\\\/\"}}]}<\/script>\n<!-- \/ Yoast SEO plugin. -->","yoast_head_json":{"title":"Historique des pinasses \u00e0 voile - La Tillole Bo\u00efenne","description":"Bateaux de travail ostr\u00e9icole \u00e0 l\u2019aviron et \u00e0 voile, les pinasses ont failli dispara\u00eetre. L'esprit des Pinasseyres a permis le renouveau autour de r\u00e9gates et de groupements nautiques et festifs.","robots":{"index":"index","follow":"follow","max-snippet":"max-snippet:-1","max-image-preview":"max-image-preview:large","max-video-preview":"max-video-preview:-1"},"canonical":"https:\/\/www.latilloleboienne.fr\/wordpress\/notre-histoire\/historique-des-pinasses-a-voile\/","og_locale":"fr_FR","og_type":"article","og_title":"Historique des pinasses \u00e0 voile - La Tillole Bo\u00efenne","og_description":"Bateaux de travail ostr\u00e9icole \u00e0 l\u2019aviron et \u00e0 voile, les pinasses ont failli dispara\u00eetre. L'esprit des Pinasseyres a permis le renouveau autour de r\u00e9gates et de groupements nautiques et festifs.","og_url":"https:\/\/www.latilloleboienne.fr\/wordpress\/notre-histoire\/historique-des-pinasses-a-voile\/","og_site_name":"La Tillole Bo\u00efenne","article_modified_time":"2022-06-09T15:57:38+00:00","twitter_card":"summary_large_image","twitter_misc":{"Dur\u00e9e de lecture estim\u00e9e":"1 minute"},"schema":{"@context":"https:\/\/schema.org","@graph":[{"@type":"WebPage","@id":"https:\/\/www.latilloleboienne.fr\/wordpress\/notre-histoire\/historique-des-pinasses-a-voile\/","url":"https:\/\/www.latilloleboienne.fr\/wordpress\/notre-histoire\/historique-des-pinasses-a-voile\/","name":"Historique des pinasses \u00e0 voile - La Tillole Bo\u00efenne","isPartOf":{"@id":"https:\/\/www.latilloleboienne.fr\/wordpress\/#website"},"datePublished":"2017-05-19T10:26:48+00:00","dateModified":"2022-06-09T15:57:38+00:00","description":"Bateaux de travail ostr\u00e9icole \u00e0 l\u2019aviron et \u00e0 voile, les pinasses ont failli dispara\u00eetre. L'esprit des Pinasseyres a permis le renouveau autour de r\u00e9gates et de groupements nautiques et festifs.","breadcrumb":{"@id":"https:\/\/www.latilloleboienne.fr\/wordpress\/notre-histoire\/historique-des-pinasses-a-voile\/#breadcrumb"},"inLanguage":"fr-FR","potentialAction":[{"@type":"ReadAction","target":["https:\/\/www.latilloleboienne.fr\/wordpress\/notre-histoire\/historique-des-pinasses-a-voile\/"]}]},{"@type":"BreadcrumbList","@id":"https:\/\/www.latilloleboienne.fr\/wordpress\/notre-histoire\/historique-des-pinasses-a-voile\/#breadcrumb","itemListElement":[{"@type":"ListItem","position":1,"name":"Accueil","item":"https:\/\/www.latilloleboienne.fr\/wordpress\/"},{"@type":"ListItem","position":2,"name":"Notre histoire","item":"https:\/\/www.latilloleboienne.fr\/wordpress\/notre-histoire\/"},{"@type":"ListItem","position":3,"name":"Historique des pinasses \u00e0 voile"}]},{"@type":"WebSite","@id":"https:\/\/www.latilloleboienne.fr\/wordpress\/#website","url":"https:\/\/www.latilloleboienne.fr\/wordpress\/","name":"La Tillole Bo\u00efenne","description":"La tradition nautique du Bassin d&#039;Arcachon","publisher":{"@id":"https:\/\/www.latilloleboienne.fr\/wordpress\/#organization"},"potentialAction":[{"@type":"SearchAction","target":{"@type":"EntryPoint","urlTemplate":"https:\/\/www.latilloleboienne.fr\/wordpress\/?s={search_term_string}"},"query-input":{"@type":"PropertyValueSpecification","valueRequired":true,"valueName":"search_term_string"}}],"inLanguage":"fr-FR"},{"@type":"Organization","@id":"https:\/\/www.latilloleboienne.fr\/wordpress\/#organization","name":"Association La Tillole Bo\u00efenne","url":"https:\/\/www.latilloleboienne.fr\/wordpress\/","logo":{"@type":"ImageObject","inLanguage":"fr-FR","@id":"https:\/\/www.latilloleboienne.fr\/wordpress\/#\/schema\/logo\/image\/","url":"https:\/\/www.latilloleboienne.fr\/wordpress\/wp-content\/uploads\/2022\/05\/Logo-Rond-La-Tillole-Boienne.png","contentUrl":"https:\/\/www.latilloleboienne.fr\/wordpress\/wp-content\/uploads\/2022\/05\/Logo-Rond-La-Tillole-Boienne.png","width":162,"height":160,"caption":"Association La Tillole Bo\u00efenne"},"image":{"@id":"https:\/\/www.latilloleboienne.fr\/wordpress\/#\/schema\/logo\/image\/"}}]}},"_links":{"self":[{"href":"https:\/\/www.latilloleboienne.fr\/wordpress\/wp-json\/wp\/v2\/pages\/193","targetHints":{"allow":["GET"]}}],"collection":[{"href":"https:\/\/www.latilloleboienne.fr\/wordpress\/wp-json\/wp\/v2\/pages"}],"about":[{"href":"https:\/\/www.latilloleboienne.fr\/wordpress\/wp-json\/wp\/v2\/types\/page"}],"author":[{"embeddable":true,"href":"https:\/\/www.latilloleboienne.fr\/wordpress\/wp-json\/wp\/v2\/users\/1"}],"replies":[{"embeddable":true,"href":"https:\/\/www.latilloleboienne.fr\/wordpress\/wp-json\/wp\/v2\/comments?post=193"}],"version-history":[{"count":5,"href":"https:\/\/www.latilloleboienne.fr\/wordpress\/wp-json\/wp\/v2\/pages\/193\/revisions"}],"predecessor-version":[{"id":3198,"href":"https:\/\/www.latilloleboienne.fr\/wordpress\/wp-json\/wp\/v2\/pages\/193\/revisions\/3198"}],"up":[{"embeddable":true,"href":"https:\/\/www.latilloleboienne.fr\/wordpress\/wp-json\/wp\/v2\/pages\/116"}],"wp:attachment":[{"href":"https:\/\/www.latilloleboienne.fr\/wordpress\/wp-json\/wp\/v2\/media?parent=193"}],"curies":[{"name":"wp","href":"https:\/\/api.w.org\/{rel}","templated":true}]}}