{"id":15,"date":"2017-05-18T19:20:29","date_gmt":"2017-05-18T17:20:29","guid":{"rendered":"http:\/\/dev.danphilibin.com\/wordpress\/?page_id=32"},"modified":"2025-02-14T02:11:48","modified_gmt":"2025-02-14T00:11:48","slug":"le-conseil-dadministration","status":"publish","type":"page","link":"https:\/\/www.latilloleboienne.fr\/wordpress\/association\/le-conseil-dadministration\/","title":{"rendered":"Le conseil d&rsquo;administration"},"content":{"rendered":"<p>Le role du CA est de se r\u00e9unir pour discuter de sujets et de prendre des d\u00e9cisions concernant l&rsquo;association.<\/p>\n<p>Voici la composition du conseil d&rsquo;administration (CA) de l&rsquo;association:<\/p>\n<ul>\n<li>Pr\u00e9sident : Herv\u00e9 Gareste<\/li>\n<li>Secr\u00e9taire : Lionel Rauch<\/li>\n<li>Tr\u00e9sorier : Eric Hussonnois<\/li>\n<li>Membre\u00a0:\u00a0J\u00e9r\u00f4me Hamon<\/li>\n<li>Membre\u00a0:\u00a0Patrick Aubert<\/li>\n<li>Membre\u00a0:\u00a0Lionel Roy<\/li>\n<li>Membre : Alexis Banvillet<\/li>\n<li>Membre : Fran\u00e7ois Jautard<\/li>\n<li>Membre\u00a0:\u00a0Jean-Fran\u00e7ois Mouton<\/li>\n<li>Membre : Pierre Lafaurie<\/li>\n<li>Membre : Alexandre Fleury<\/li>\n<li>Membre\u00a0:\u00a0Etienne Charlot<\/li>\n<li>Membre : Dominique Besson<\/li>\n<\/ul>\n<p>De nombre impair, il est r\u00e9\u00e9lu chaque ann\u00e9e.<\/p>\n","protected":false},"excerpt":{"rendered":"<p>Le role du CA est de se r\u00e9unir pour discuter de sujets et de prendre des d\u00e9cisions concernant l&rsquo;association. Voici la composition du conseil d&rsquo;administration (CA) de l&rsquo;association: Pr\u00e9sident : Herv\u00e9 Gareste Secr\u00e9taire : Lionel Rauch Tr\u00e9sorier : Eric Hussonnois &hellip; <a href=\"https:\/\/www.latilloleboienne.fr\/wordpress\/association\/le-conseil-dadministration\/\">Continuer la lecture <span class=\"meta-nav\">&rarr;<\/span><\/a><\/p>\n","protected":false},"author":1,"featured_media":150,"parent":2835,"menu_order":2,"comment_status":"closed","ping_status":"closed","template":"","meta":{"footnotes":""},"class_list":["post-15","page","type-page","status-publish","has-post-thumbnail","hentry"],"yoast_head":"<!-- This site is optimized with the Yoast SEO plugin v27.4 - https:\/\/yoast.com\/product\/yoast-seo-wordpress\/ -->\n<title>Le conseil d&#039;administration - La Tillole Bo\u00efenne<\/title>\n<meta name=\"description\" content=\"Le conseil d&#039;administration se r\u00e9unit pour d\u00e9battre et d\u00e9cider au nom de l&#039;association. De nombre impair, il est r\u00e9\u00e9lu chaque ann\u00e9e.\" \/>\n<meta name=\"robots\" content=\"index, follow, max-snippet:-1, max-image-preview:large, max-video-preview:-1\" \/>\n<link rel=\"canonical\" href=\"https:\/\/www.latilloleboienne.fr\/wordpress\/association\/le-conseil-dadministration\/\" \/>\n<meta property=\"og:locale\" content=\"fr_FR\" \/>\n<meta property=\"og:type\" content=\"article\" \/>\n<meta property=\"og:title\" content=\"Le conseil d&#039;administration - La Tillole Bo\u00efenne\" \/>\n<meta property=\"og:description\" content=\"Le conseil d&#039;administration se r\u00e9unit pour d\u00e9battre et d\u00e9cider au nom de l&#039;association. De nombre impair, il est r\u00e9\u00e9lu chaque ann\u00e9e.\" \/>\n<meta property=\"og:url\" content=\"https:\/\/www.latilloleboienne.fr\/wordpress\/association\/le-conseil-dadministration\/\" \/>\n<meta property=\"og:site_name\" content=\"La Tillole Bo\u00efenne\" \/>\n<meta property=\"article:modified_time\" content=\"2025-02-14T00:11:48+00:00\" \/>\n<meta property=\"og:image\" content=\"https:\/\/www.latilloleboienne.fr\/wordpress\/wp-content\/uploads\/2017\/05\/LTB_Fond1.jpg\" \/>\n\t<meta property=\"og:image:width\" content=\"1920\" \/>\n\t<meta property=\"og:image:height\" content=\"1280\" \/>\n\t<meta property=\"og:image:type\" content=\"image\/jpeg\" \/>\n<meta name=\"twitter:card\" content=\"summary_large_image\" \/>\n<meta name=\"twitter:label1\" content=\"Dur\u00e9e de lecture estim\u00e9e\" \/>\n\t<meta name=\"twitter:data1\" content=\"1 minute\" \/>\n<script type=\"application\/ld+json\" class=\"yoast-schema-graph\">{\"@context\":\"https:\\\/\\\/schema.org\",\"@graph\":[{\"@type\":\"WebPage\",\"@id\":\"https:\\\/\\\/www.latilloleboienne.fr\\\/wordpress\\\/association\\\/le-conseil-dadministration\\\/\",\"url\":\"https:\\\/\\\/www.latilloleboienne.fr\\\/wordpress\\\/association\\\/le-conseil-dadministration\\\/\",\"name\":\"Le conseil d'administration - La Tillole Bo\u00efenne\",\"isPartOf\":{\"@id\":\"https:\\\/\\\/www.latilloleboienne.fr\\\/wordpress\\\/#website\"},\"primaryImageOfPage\":{\"@id\":\"https:\\\/\\\/www.latilloleboienne.fr\\\/wordpress\\\/association\\\/le-conseil-dadministration\\\/#primaryimage\"},\"image\":{\"@id\":\"https:\\\/\\\/www.latilloleboienne.fr\\\/wordpress\\\/association\\\/le-conseil-dadministration\\\/#primaryimage\"},\"thumbnailUrl\":\"https:\\\/\\\/www.latilloleboienne.fr\\\/wordpress\\\/wp-content\\\/uploads\\\/2017\\\/05\\\/LTB_Fond1.jpg\",\"datePublished\":\"2017-05-18T17:20:29+00:00\",\"dateModified\":\"2025-02-14T00:11:48+00:00\",\"description\":\"Le conseil d'administration se r\u00e9unit pour d\u00e9battre et d\u00e9cider au nom de l'association. De nombre impair, il est r\u00e9\u00e9lu chaque ann\u00e9e.\",\"breadcrumb\":{\"@id\":\"https:\\\/\\\/www.latilloleboienne.fr\\\/wordpress\\\/association\\\/le-conseil-dadministration\\\/#breadcrumb\"},\"inLanguage\":\"fr-FR\",\"potentialAction\":[{\"@type\":\"ReadAction\",\"target\":[\"https:\\\/\\\/www.latilloleboienne.fr\\\/wordpress\\\/association\\\/le-conseil-dadministration\\\/\"]}]},{\"@type\":\"ImageObject\",\"inLanguage\":\"fr-FR\",\"@id\":\"https:\\\/\\\/www.latilloleboienne.fr\\\/wordpress\\\/association\\\/le-conseil-dadministration\\\/#primaryimage\",\"url\":\"https:\\\/\\\/www.latilloleboienne.fr\\\/wordpress\\\/wp-content\\\/uploads\\\/2017\\\/05\\\/LTB_Fond1.jpg\",\"contentUrl\":\"https:\\\/\\\/www.latilloleboienne.fr\\\/wordpress\\\/wp-content\\\/uploads\\\/2017\\\/05\\\/LTB_Fond1.jpg\",\"width\":1920,\"height\":1280},{\"@type\":\"BreadcrumbList\",\"@id\":\"https:\\\/\\\/www.latilloleboienne.fr\\\/wordpress\\\/association\\\/le-conseil-dadministration\\\/#breadcrumb\",\"itemListElement\":[{\"@type\":\"ListItem\",\"position\":1,\"name\":\"Accueil\",\"item\":\"https:\\\/\\\/www.latilloleboienne.fr\\\/wordpress\\\/\"},{\"@type\":\"ListItem\",\"position\":2,\"name\":\"L&rsquo;association\",\"item\":\"https:\\\/\\\/www.latilloleboienne.fr\\\/wordpress\\\/association\\\/\"},{\"@type\":\"ListItem\",\"position\":3,\"name\":\"Le conseil d&rsquo;administration\"}]},{\"@type\":\"WebSite\",\"@id\":\"https:\\\/\\\/www.latilloleboienne.fr\\\/wordpress\\\/#website\",\"url\":\"https:\\\/\\\/www.latilloleboienne.fr\\\/wordpress\\\/\",\"name\":\"La Tillole Bo\u00efenne\",\"description\":\"La tradition nautique du Bassin d&#039;Arcachon\",\"publisher\":{\"@id\":\"https:\\\/\\\/www.latilloleboienne.fr\\\/wordpress\\\/#organization\"},\"potentialAction\":[{\"@type\":\"SearchAction\",\"target\":{\"@type\":\"EntryPoint\",\"urlTemplate\":\"https:\\\/\\\/www.latilloleboienne.fr\\\/wordpress\\\/?s={search_term_string}\"},\"query-input\":{\"@type\":\"PropertyValueSpecification\",\"valueRequired\":true,\"valueName\":\"search_term_string\"}}],\"inLanguage\":\"fr-FR\"},{\"@type\":\"Organization\",\"@id\":\"https:\\\/\\\/www.latilloleboienne.fr\\\/wordpress\\\/#organization\",\"name\":\"Association La Tillole Bo\u00efenne\",\"url\":\"https:\\\/\\\/www.latilloleboienne.fr\\\/wordpress\\\/\",\"logo\":{\"@type\":\"ImageObject\",\"inLanguage\":\"fr-FR\",\"@id\":\"https:\\\/\\\/www.latilloleboienne.fr\\\/wordpress\\\/#\\\/schema\\\/logo\\\/image\\\/\",\"url\":\"https:\\\/\\\/www.latilloleboienne.fr\\\/wordpress\\\/wp-content\\\/uploads\\\/2022\\\/05\\\/Logo-Rond-La-Tillole-Boienne.png\",\"contentUrl\":\"https:\\\/\\\/www.latilloleboienne.fr\\\/wordpress\\\/wp-content\\\/uploads\\\/2022\\\/05\\\/Logo-Rond-La-Tillole-Boienne.png\",\"width\":162,\"height\":160,\"caption\":\"Association La Tillole Bo\u00efenne\"},\"image\":{\"@id\":\"https:\\\/\\\/www.latilloleboienne.fr\\\/wordpress\\\/#\\\/schema\\\/logo\\\/image\\\/\"}}]}<\/script>\n<!-- \/ Yoast SEO plugin. -->","yoast_head_json":{"title":"Le conseil d'administration - La Tillole Bo\u00efenne","description":"Le conseil d'administration se r\u00e9unit pour d\u00e9battre et d\u00e9cider au nom de l'association. De nombre impair, il est r\u00e9\u00e9lu chaque ann\u00e9e.","robots":{"index":"index","follow":"follow","max-snippet":"max-snippet:-1","max-image-preview":"max-image-preview:large","max-video-preview":"max-video-preview:-1"},"canonical":"https:\/\/www.latilloleboienne.fr\/wordpress\/association\/le-conseil-dadministration\/","og_locale":"fr_FR","og_type":"article","og_title":"Le conseil d'administration - La Tillole Bo\u00efenne","og_description":"Le conseil d'administration se r\u00e9unit pour d\u00e9battre et d\u00e9cider au nom de l'association. De nombre impair, il est r\u00e9\u00e9lu chaque ann\u00e9e.","og_url":"https:\/\/www.latilloleboienne.fr\/wordpress\/association\/le-conseil-dadministration\/","og_site_name":"La Tillole Bo\u00efenne","article_modified_time":"2025-02-14T00:11:48+00:00","og_image":[{"width":1920,"height":1280,"url":"https:\/\/www.latilloleboienne.fr\/wordpress\/wp-content\/uploads\/2017\/05\/LTB_Fond1.jpg","type":"image\/jpeg"}],"twitter_card":"summary_large_image","twitter_misc":{"Dur\u00e9e de lecture estim\u00e9e":"1 minute"},"schema":{"@context":"https:\/\/schema.org","@graph":[{"@type":"WebPage","@id":"https:\/\/www.latilloleboienne.fr\/wordpress\/association\/le-conseil-dadministration\/","url":"https:\/\/www.latilloleboienne.fr\/wordpress\/association\/le-conseil-dadministration\/","name":"Le conseil d'administration - La Tillole Bo\u00efenne","isPartOf":{"@id":"https:\/\/www.latilloleboienne.fr\/wordpress\/#website"},"primaryImageOfPage":{"@id":"https:\/\/www.latilloleboienne.fr\/wordpress\/association\/le-conseil-dadministration\/#primaryimage"},"image":{"@id":"https:\/\/www.latilloleboienne.fr\/wordpress\/association\/le-conseil-dadministration\/#primaryimage"},"thumbnailUrl":"https:\/\/www.latilloleboienne.fr\/wordpress\/wp-content\/uploads\/2017\/05\/LTB_Fond1.jpg","datePublished":"2017-05-18T17:20:29+00:00","dateModified":"2025-02-14T00:11:48+00:00","description":"Le conseil d'administration se r\u00e9unit pour d\u00e9battre et d\u00e9cider au nom de l'association. De nombre impair, il est r\u00e9\u00e9lu chaque ann\u00e9e.","breadcrumb":{"@id":"https:\/\/www.latilloleboienne.fr\/wordpress\/association\/le-conseil-dadministration\/#breadcrumb"},"inLanguage":"fr-FR","potentialAction":[{"@type":"ReadAction","target":["https:\/\/www.latilloleboienne.fr\/wordpress\/association\/le-conseil-dadministration\/"]}]},{"@type":"ImageObject","inLanguage":"fr-FR","@id":"https:\/\/www.latilloleboienne.fr\/wordpress\/association\/le-conseil-dadministration\/#primaryimage","url":"https:\/\/www.latilloleboienne.fr\/wordpress\/wp-content\/uploads\/2017\/05\/LTB_Fond1.jpg","contentUrl":"https:\/\/www.latilloleboienne.fr\/wordpress\/wp-content\/uploads\/2017\/05\/LTB_Fond1.jpg","width":1920,"height":1280},{"@type":"BreadcrumbList","@id":"https:\/\/www.latilloleboienne.fr\/wordpress\/association\/le-conseil-dadministration\/#breadcrumb","itemListElement":[{"@type":"ListItem","position":1,"name":"Accueil","item":"https:\/\/www.latilloleboienne.fr\/wordpress\/"},{"@type":"ListItem","position":2,"name":"L&rsquo;association","item":"https:\/\/www.latilloleboienne.fr\/wordpress\/association\/"},{"@type":"ListItem","position":3,"name":"Le conseil d&rsquo;administration"}]},{"@type":"WebSite","@id":"https:\/\/www.latilloleboienne.fr\/wordpress\/#website","url":"https:\/\/www.latilloleboienne.fr\/wordpress\/","name":"La Tillole Bo\u00efenne","description":"La tradition nautique du Bassin d&#039;Arcachon","publisher":{"@id":"https:\/\/www.latilloleboienne.fr\/wordpress\/#organization"},"potentialAction":[{"@type":"SearchAction","target":{"@type":"EntryPoint","urlTemplate":"https:\/\/www.latilloleboienne.fr\/wordpress\/?s={search_term_string}"},"query-input":{"@type":"PropertyValueSpecification","valueRequired":true,"valueName":"search_term_string"}}],"inLanguage":"fr-FR"},{"@type":"Organization","@id":"https:\/\/www.latilloleboienne.fr\/wordpress\/#organization","name":"Association La Tillole Bo\u00efenne","url":"https:\/\/www.latilloleboienne.fr\/wordpress\/","logo":{"@type":"ImageObject","inLanguage":"fr-FR","@id":"https:\/\/www.latilloleboienne.fr\/wordpress\/#\/schema\/logo\/image\/","url":"https:\/\/www.latilloleboienne.fr\/wordpress\/wp-content\/uploads\/2022\/05\/Logo-Rond-La-Tillole-Boienne.png","contentUrl":"https:\/\/www.latilloleboienne.fr\/wordpress\/wp-content\/uploads\/2022\/05\/Logo-Rond-La-Tillole-Boienne.png","width":162,"height":160,"caption":"Association La Tillole Bo\u00efenne"},"image":{"@id":"https:\/\/www.latilloleboienne.fr\/wordpress\/#\/schema\/logo\/image\/"}}]}},"_links":{"self":[{"href":"https:\/\/www.latilloleboienne.fr\/wordpress\/wp-json\/wp\/v2\/pages\/15","targetHints":{"allow":["GET"]}}],"collection":[{"href":"https:\/\/www.latilloleboienne.fr\/wordpress\/wp-json\/wp\/v2\/pages"}],"about":[{"href":"https:\/\/www.latilloleboienne.fr\/wordpress\/wp-json\/wp\/v2\/types\/page"}],"author":[{"embeddable":true,"href":"https:\/\/www.latilloleboienne.fr\/wordpress\/wp-json\/wp\/v2\/users\/1"}],"replies":[{"embeddable":true,"href":"https:\/\/www.latilloleboienne.fr\/wordpress\/wp-json\/wp\/v2\/comments?post=15"}],"version-history":[{"count":12,"href":"https:\/\/www.latilloleboienne.fr\/wordpress\/wp-json\/wp\/v2\/pages\/15\/revisions"}],"predecessor-version":[{"id":3438,"href":"https:\/\/www.latilloleboienne.fr\/wordpress\/wp-json\/wp\/v2\/pages\/15\/revisions\/3438"}],"up":[{"embeddable":true,"href":"https:\/\/www.latilloleboienne.fr\/wordpress\/wp-json\/wp\/v2\/pages\/2835"}],"wp:featuredmedia":[{"embeddable":true,"href":"https:\/\/www.latilloleboienne.fr\/wordpress\/wp-json\/wp\/v2\/media\/150"}],"wp:attachment":[{"href":"https:\/\/www.latilloleboienne.fr\/wordpress\/wp-json\/wp\/v2\/media?parent=15"}],"curies":[{"name":"wp","href":"https:\/\/api.w.org\/{rel}","templated":true}]}}