{"id":144,"date":"2017-05-19T08:12:16","date_gmt":"2017-05-19T08:12:16","guid":{"rendered":"http:\/\/www.latilloleboienne.fr\/wordpress\/?page_id=144"},"modified":"2025-05-16T19:40:20","modified_gmt":"2025-05-16T17:40:20","slug":"regates","status":"publish","type":"page","link":"https:\/\/www.latilloleboienne.fr\/wordpress\/regates\/","title":{"rendered":"R\u00e9gates"},"content":{"rendered":"\n<p>Chaque ann\u00e9e, une dizaine de\u00a0<strong>r\u00e9gates estivales<\/strong> sont organis\u00e9es. Elles visent \u00e0 s\u00e9lectionner les \u00e9quipages de pinasses \u00e0 voile sur leurs qualit\u00e9s sportives, leur strat\u00e9gie, leur exp\u00e9rience dans le respect et le fairplay. Ces comp\u00e9titions sont r\u00e9alis\u00e9es sous le couvert de la F\u00e9d\u00e9ration Fran\u00e7aise de Voile (FFV).<br>Retrouvez  le\u00a0<a href=\"https:\/\/www.latilloleboienne.fr\/wordpress\/regates\/calendrier-regates-pinasses-a-voile-saison\/\">calendrier des r\u00e9gates<\/a>, et en t\u00e9l\u00e9chargement les <a href=\"https:\/\/www.latilloleboienne.fr\/wordpress\/wp-content\/uploads\/2025\/05\/REGLES-DE-COURSES-ET-REGLEMENT-DE-CHAMPIONNAT.pdf\">r\u00e8gles de course et du championnat<\/a>\u00a0ainsi que la\u00a0<a href=\"https:\/\/www.latilloleboienne.fr\/wordpress\/wp-content\/uploads\/2025\/05\/REGLES-DE-JAUGE-DES-PINASSES-A-VOILE.pdf\">jauge<\/a>.<\/p>\n\n\n\n<p>Par ailleurs, l\u2019objectif de ces \u00e9v\u00e9nements est surtout de se retrouver sur l\u2019eau et sur terre pour partager des moments festifs et conviviaux. Les dates sont souvent cal\u00e9es sur les manifestations estivales des diff\u00e9rents quartiers du bassin d\u2019Arcachon. Ces r\u00e9gates populaires sont souvent jumel\u00e9es \u00e0 celles des monotypes et autres bacs \u00e0 voile typiques du bassin.<\/p>\n\n\n\n<p>Une r\u00e9gate sp\u00e9cifique a lieu chaque ann\u00e9e: la <strong>r\u00e9gate des Maires<\/strong>. Chaque pinasse embarque son \u00e9lu s\u2019il veut pouvoir remporter les honneurs. L\u2019\u00e9v\u00e9nement a lieu \u00e0 tour de role dans un des quartiers du bassin. <br>En 2021, elle a \u00e9t\u00e9 organis\u00e9e \u00e0 Biganos.<\/p>\n\n\n\n<figure class=\"wp-block-gallery has-nested-images columns-default is-cropped wp-block-gallery-1 is-layout-flex wp-block-gallery-is-layout-flex\">\n<figure class=\"wp-block-image size-large\"><img loading=\"lazy\" decoding=\"async\" width=\"1447\" height=\"2000\" data-id=\"3082\" src=\"https:\/\/www.latilloleboienne.fr\/wordpress\/wp-content\/uploads\/2022\/05\/Francois-Regate-de-Biganos-2021-v6.png\" alt=\"\" class=\"wp-image-3082\" srcset=\"https:\/\/www.latilloleboienne.fr\/wordpress\/wp-content\/uploads\/2022\/05\/Francois-Regate-de-Biganos-2021-v6.png 1447w, https:\/\/www.latilloleboienne.fr\/wordpress\/wp-content\/uploads\/2022\/05\/Francois-Regate-de-Biganos-2021-v6-434x600.png 434w, https:\/\/www.latilloleboienne.fr\/wordpress\/wp-content\/uploads\/2022\/05\/Francois-Regate-de-Biganos-2021-v6-781x1080.png 781w, https:\/\/www.latilloleboienne.fr\/wordpress\/wp-content\/uploads\/2022\/05\/Francois-Regate-de-Biganos-2021-v6-768x1062.png 768w, https:\/\/www.latilloleboienne.fr\/wordpress\/wp-content\/uploads\/2022\/05\/Francois-Regate-de-Biganos-2021-v6-1111x1536.png 1111w, https:\/\/www.latilloleboienne.fr\/wordpress\/wp-content\/uploads\/2022\/05\/Francois-Regate-de-Biganos-2021-v6-217x300.png 217w\" sizes=\"auto, (max-width: 1447px) 100vw, 1447px\" \/><\/figure>\n\n\n\n<figure class=\"wp-block-image size-large\"><img loading=\"lazy\" decoding=\"async\" width=\"1920\" height=\"2560\" data-id=\"3081\" src=\"https:\/\/www.latilloleboienne.fr\/wordpress\/wp-content\/uploads\/2022\/05\/Annabelle-IMG_3016-scaled.jpg\" alt=\"\" class=\"wp-image-3081\" srcset=\"https:\/\/www.latilloleboienne.fr\/wordpress\/wp-content\/uploads\/2022\/05\/Annabelle-IMG_3016-scaled.jpg 1920w, https:\/\/www.latilloleboienne.fr\/wordpress\/wp-content\/uploads\/2022\/05\/Annabelle-IMG_3016-450x600.jpg 450w, https:\/\/www.latilloleboienne.fr\/wordpress\/wp-content\/uploads\/2022\/05\/Annabelle-IMG_3016-810x1080.jpg 810w, https:\/\/www.latilloleboienne.fr\/wordpress\/wp-content\/uploads\/2022\/05\/Annabelle-IMG_3016-768x1024.jpg 768w, https:\/\/www.latilloleboienne.fr\/wordpress\/wp-content\/uploads\/2022\/05\/Annabelle-IMG_3016-1152x1536.jpg 1152w, https:\/\/www.latilloleboienne.fr\/wordpress\/wp-content\/uploads\/2022\/05\/Annabelle-IMG_3016-1536x2048.jpg 1536w, https:\/\/www.latilloleboienne.fr\/wordpress\/wp-content\/uploads\/2022\/05\/Annabelle-IMG_3016-225x300.jpg 225w\" sizes=\"auto, (max-width: 1920px) 100vw, 1920px\" \/><\/figure>\n\n\n\n<figure class=\"wp-block-image size-large\"><img loading=\"lazy\" decoding=\"async\" width=\"2560\" height=\"1709\" data-id=\"3083\" src=\"https:\/\/www.latilloleboienne.fr\/wordpress\/wp-content\/uploads\/2022\/05\/Lionel-Roy-AfficheRegateDesMaires2021_V1-scaled.jpg\" alt=\"\" class=\"wp-image-3083\" srcset=\"https:\/\/www.latilloleboienne.fr\/wordpress\/wp-content\/uploads\/2022\/05\/Lionel-Roy-AfficheRegateDesMaires2021_V1-scaled.jpg 2560w, https:\/\/www.latilloleboienne.fr\/wordpress\/wp-content\/uploads\/2022\/05\/Lionel-Roy-AfficheRegateDesMaires2021_V1-800x534.jpg 800w, https:\/\/www.latilloleboienne.fr\/wordpress\/wp-content\/uploads\/2022\/05\/Lionel-Roy-AfficheRegateDesMaires2021_V1-1618x1080.jpg 1618w, https:\/\/www.latilloleboienne.fr\/wordpress\/wp-content\/uploads\/2022\/05\/Lionel-Roy-AfficheRegateDesMaires2021_V1-768x513.jpg 768w, https:\/\/www.latilloleboienne.fr\/wordpress\/wp-content\/uploads\/2022\/05\/Lionel-Roy-AfficheRegateDesMaires2021_V1-1536x1025.jpg 1536w, https:\/\/www.latilloleboienne.fr\/wordpress\/wp-content\/uploads\/2022\/05\/Lionel-Roy-AfficheRegateDesMaires2021_V1-2048x1367.jpg 2048w, https:\/\/www.latilloleboienne.fr\/wordpress\/wp-content\/uploads\/2022\/05\/Lionel-Roy-AfficheRegateDesMaires2021_V1-449x300.jpg 449w\" sizes=\"auto, (max-width: 2560px) 100vw, 2560px\" \/><\/figure>\n<\/figure>\n\n\n\n<p><\/p>\n","protected":false},"excerpt":{"rendered":"<p>Chaque ann\u00e9e, une dizaine de\u00a0r\u00e9gates estivales sont organis\u00e9es. Elles visent \u00e0 s\u00e9lectionner les \u00e9quipages de pinasses \u00e0 voile sur leurs qualit\u00e9s sportives, leur strat\u00e9gie, leur exp\u00e9rience dans le respect et le fairplay. Ces comp\u00e9titions sont r\u00e9alis\u00e9es sous le couvert de &hellip; <a href=\"https:\/\/www.latilloleboienne.fr\/wordpress\/regates\/\">Continuer la lecture <span class=\"meta-nav\">&rarr;<\/span><\/a><\/p>\n","protected":false},"author":1,"featured_media":269,"parent":0,"menu_order":5,"comment_status":"closed","ping_status":"closed","template":"","meta":{"footnotes":""},"class_list":["post-144","page","type-page","status-publish","has-post-thumbnail","hentry"],"yoast_head":"<!-- This site is optimized with the Yoast SEO plugin v27.4 - https:\/\/yoast.com\/product\/yoast-seo-wordpress\/ -->\n<title>R\u00e9gates - La Tillole Bo\u00efenne<\/title>\n<meta name=\"description\" content=\"Chaque ann\u00e9e, une dizaine de\u00a0r\u00e9gates estivales sont organis\u00e9es. Se retrouver pour le sport mais aussi pour partager des moments festifs et conviviaux...\" \/>\n<meta name=\"robots\" content=\"index, follow, max-snippet:-1, max-image-preview:large, max-video-preview:-1\" \/>\n<link rel=\"canonical\" href=\"https:\/\/www.latilloleboienne.fr\/wordpress\/regates\/\" \/>\n<meta property=\"og:locale\" content=\"fr_FR\" \/>\n<meta property=\"og:type\" content=\"article\" \/>\n<meta property=\"og:title\" content=\"R\u00e9gates - La Tillole Bo\u00efenne\" \/>\n<meta property=\"og:description\" content=\"Chaque ann\u00e9e, une dizaine de\u00a0r\u00e9gates estivales sont organis\u00e9es. Se retrouver pour le sport mais aussi pour partager des moments festifs et conviviaux...\" \/>\n<meta property=\"og:url\" content=\"https:\/\/www.latilloleboienne.fr\/wordpress\/regates\/\" \/>\n<meta property=\"og:site_name\" content=\"La Tillole Bo\u00efenne\" \/>\n<meta property=\"article:modified_time\" content=\"2025-05-16T17:40:20+00:00\" \/>\n<meta property=\"og:image\" content=\"https:\/\/www.latilloleboienne.fr\/wordpress\/wp-content\/uploads\/2017\/05\/RegateDeBiganos2015-e1495219044244.jpg\" \/>\n\t<meta property=\"og:image:width\" content=\"1920\" \/>\n\t<meta property=\"og:image:height\" content=\"388\" \/>\n\t<meta property=\"og:image:type\" content=\"image\/jpeg\" \/>\n<meta name=\"twitter:card\" content=\"summary_large_image\" \/>\n<meta name=\"twitter:label1\" content=\"Dur\u00e9e de lecture estim\u00e9e\" \/>\n\t<meta name=\"twitter:data1\" content=\"2 minutes\" \/>\n<script type=\"application\/ld+json\" class=\"yoast-schema-graph\">{\"@context\":\"https:\\\/\\\/schema.org\",\"@graph\":[{\"@type\":\"WebPage\",\"@id\":\"https:\\\/\\\/www.latilloleboienne.fr\\\/wordpress\\\/regates\\\/\",\"url\":\"https:\\\/\\\/www.latilloleboienne.fr\\\/wordpress\\\/regates\\\/\",\"name\":\"R\u00e9gates - La Tillole Bo\u00efenne\",\"isPartOf\":{\"@id\":\"https:\\\/\\\/www.latilloleboienne.fr\\\/wordpress\\\/#website\"},\"primaryImageOfPage\":{\"@id\":\"https:\\\/\\\/www.latilloleboienne.fr\\\/wordpress\\\/regates\\\/#primaryimage\"},\"image\":{\"@id\":\"https:\\\/\\\/www.latilloleboienne.fr\\\/wordpress\\\/regates\\\/#primaryimage\"},\"thumbnailUrl\":\"https:\\\/\\\/www.latilloleboienne.fr\\\/wordpress\\\/wp-content\\\/uploads\\\/2017\\\/05\\\/RegateDeBiganos2015-e1495219044244.jpg\",\"datePublished\":\"2017-05-19T08:12:16+00:00\",\"dateModified\":\"2025-05-16T17:40:20+00:00\",\"description\":\"Chaque ann\u00e9e, une dizaine de\u00a0r\u00e9gates estivales sont organis\u00e9es. Se retrouver pour le sport mais aussi pour partager des moments festifs et conviviaux...\",\"breadcrumb\":{\"@id\":\"https:\\\/\\\/www.latilloleboienne.fr\\\/wordpress\\\/regates\\\/#breadcrumb\"},\"inLanguage\":\"fr-FR\",\"potentialAction\":[{\"@type\":\"ReadAction\",\"target\":[\"https:\\\/\\\/www.latilloleboienne.fr\\\/wordpress\\\/regates\\\/\"]}]},{\"@type\":\"ImageObject\",\"inLanguage\":\"fr-FR\",\"@id\":\"https:\\\/\\\/www.latilloleboienne.fr\\\/wordpress\\\/regates\\\/#primaryimage\",\"url\":\"https:\\\/\\\/www.latilloleboienne.fr\\\/wordpress\\\/wp-content\\\/uploads\\\/2017\\\/05\\\/RegateDeBiganos2015-e1495219044244.jpg\",\"contentUrl\":\"https:\\\/\\\/www.latilloleboienne.fr\\\/wordpress\\\/wp-content\\\/uploads\\\/2017\\\/05\\\/RegateDeBiganos2015-e1495219044244.jpg\",\"width\":1920,\"height\":388},{\"@type\":\"BreadcrumbList\",\"@id\":\"https:\\\/\\\/www.latilloleboienne.fr\\\/wordpress\\\/regates\\\/#breadcrumb\",\"itemListElement\":[{\"@type\":\"ListItem\",\"position\":1,\"name\":\"Accueil\",\"item\":\"https:\\\/\\\/www.latilloleboienne.fr\\\/wordpress\\\/\"},{\"@type\":\"ListItem\",\"position\":2,\"name\":\"R\u00e9gates\"}]},{\"@type\":\"WebSite\",\"@id\":\"https:\\\/\\\/www.latilloleboienne.fr\\\/wordpress\\\/#website\",\"url\":\"https:\\\/\\\/www.latilloleboienne.fr\\\/wordpress\\\/\",\"name\":\"La Tillole Bo\u00efenne\",\"description\":\"La tradition nautique du Bassin d&#039;Arcachon\",\"publisher\":{\"@id\":\"https:\\\/\\\/www.latilloleboienne.fr\\\/wordpress\\\/#organization\"},\"potentialAction\":[{\"@type\":\"SearchAction\",\"target\":{\"@type\":\"EntryPoint\",\"urlTemplate\":\"https:\\\/\\\/www.latilloleboienne.fr\\\/wordpress\\\/?s={search_term_string}\"},\"query-input\":{\"@type\":\"PropertyValueSpecification\",\"valueRequired\":true,\"valueName\":\"search_term_string\"}}],\"inLanguage\":\"fr-FR\"},{\"@type\":\"Organization\",\"@id\":\"https:\\\/\\\/www.latilloleboienne.fr\\\/wordpress\\\/#organization\",\"name\":\"Association La Tillole Bo\u00efenne\",\"url\":\"https:\\\/\\\/www.latilloleboienne.fr\\\/wordpress\\\/\",\"logo\":{\"@type\":\"ImageObject\",\"inLanguage\":\"fr-FR\",\"@id\":\"https:\\\/\\\/www.latilloleboienne.fr\\\/wordpress\\\/#\\\/schema\\\/logo\\\/image\\\/\",\"url\":\"https:\\\/\\\/www.latilloleboienne.fr\\\/wordpress\\\/wp-content\\\/uploads\\\/2022\\\/05\\\/Logo-Rond-La-Tillole-Boienne.png\",\"contentUrl\":\"https:\\\/\\\/www.latilloleboienne.fr\\\/wordpress\\\/wp-content\\\/uploads\\\/2022\\\/05\\\/Logo-Rond-La-Tillole-Boienne.png\",\"width\":162,\"height\":160,\"caption\":\"Association La Tillole Bo\u00efenne\"},\"image\":{\"@id\":\"https:\\\/\\\/www.latilloleboienne.fr\\\/wordpress\\\/#\\\/schema\\\/logo\\\/image\\\/\"}}]}<\/script>\n<!-- \/ Yoast SEO plugin. -->","yoast_head_json":{"title":"R\u00e9gates - La Tillole Bo\u00efenne","description":"Chaque ann\u00e9e, une dizaine de\u00a0r\u00e9gates estivales sont organis\u00e9es. Se retrouver pour le sport mais aussi pour partager des moments festifs et conviviaux...","robots":{"index":"index","follow":"follow","max-snippet":"max-snippet:-1","max-image-preview":"max-image-preview:large","max-video-preview":"max-video-preview:-1"},"canonical":"https:\/\/www.latilloleboienne.fr\/wordpress\/regates\/","og_locale":"fr_FR","og_type":"article","og_title":"R\u00e9gates - La Tillole Bo\u00efenne","og_description":"Chaque ann\u00e9e, une dizaine de\u00a0r\u00e9gates estivales sont organis\u00e9es. Se retrouver pour le sport mais aussi pour partager des moments festifs et conviviaux...","og_url":"https:\/\/www.latilloleboienne.fr\/wordpress\/regates\/","og_site_name":"La Tillole Bo\u00efenne","article_modified_time":"2025-05-16T17:40:20+00:00","og_image":[{"width":1920,"height":388,"url":"https:\/\/www.latilloleboienne.fr\/wordpress\/wp-content\/uploads\/2017\/05\/RegateDeBiganos2015-e1495219044244.jpg","type":"image\/jpeg"}],"twitter_card":"summary_large_image","twitter_misc":{"Dur\u00e9e de lecture estim\u00e9e":"2 minutes"},"schema":{"@context":"https:\/\/schema.org","@graph":[{"@type":"WebPage","@id":"https:\/\/www.latilloleboienne.fr\/wordpress\/regates\/","url":"https:\/\/www.latilloleboienne.fr\/wordpress\/regates\/","name":"R\u00e9gates - La Tillole Bo\u00efenne","isPartOf":{"@id":"https:\/\/www.latilloleboienne.fr\/wordpress\/#website"},"primaryImageOfPage":{"@id":"https:\/\/www.latilloleboienne.fr\/wordpress\/regates\/#primaryimage"},"image":{"@id":"https:\/\/www.latilloleboienne.fr\/wordpress\/regates\/#primaryimage"},"thumbnailUrl":"https:\/\/www.latilloleboienne.fr\/wordpress\/wp-content\/uploads\/2017\/05\/RegateDeBiganos2015-e1495219044244.jpg","datePublished":"2017-05-19T08:12:16+00:00","dateModified":"2025-05-16T17:40:20+00:00","description":"Chaque ann\u00e9e, une dizaine de\u00a0r\u00e9gates estivales sont organis\u00e9es. Se retrouver pour le sport mais aussi pour partager des moments festifs et conviviaux...","breadcrumb":{"@id":"https:\/\/www.latilloleboienne.fr\/wordpress\/regates\/#breadcrumb"},"inLanguage":"fr-FR","potentialAction":[{"@type":"ReadAction","target":["https:\/\/www.latilloleboienne.fr\/wordpress\/regates\/"]}]},{"@type":"ImageObject","inLanguage":"fr-FR","@id":"https:\/\/www.latilloleboienne.fr\/wordpress\/regates\/#primaryimage","url":"https:\/\/www.latilloleboienne.fr\/wordpress\/wp-content\/uploads\/2017\/05\/RegateDeBiganos2015-e1495219044244.jpg","contentUrl":"https:\/\/www.latilloleboienne.fr\/wordpress\/wp-content\/uploads\/2017\/05\/RegateDeBiganos2015-e1495219044244.jpg","width":1920,"height":388},{"@type":"BreadcrumbList","@id":"https:\/\/www.latilloleboienne.fr\/wordpress\/regates\/#breadcrumb","itemListElement":[{"@type":"ListItem","position":1,"name":"Accueil","item":"https:\/\/www.latilloleboienne.fr\/wordpress\/"},{"@type":"ListItem","position":2,"name":"R\u00e9gates"}]},{"@type":"WebSite","@id":"https:\/\/www.latilloleboienne.fr\/wordpress\/#website","url":"https:\/\/www.latilloleboienne.fr\/wordpress\/","name":"La Tillole Bo\u00efenne","description":"La tradition nautique du Bassin d&#039;Arcachon","publisher":{"@id":"https:\/\/www.latilloleboienne.fr\/wordpress\/#organization"},"potentialAction":[{"@type":"SearchAction","target":{"@type":"EntryPoint","urlTemplate":"https:\/\/www.latilloleboienne.fr\/wordpress\/?s={search_term_string}"},"query-input":{"@type":"PropertyValueSpecification","valueRequired":true,"valueName":"search_term_string"}}],"inLanguage":"fr-FR"},{"@type":"Organization","@id":"https:\/\/www.latilloleboienne.fr\/wordpress\/#organization","name":"Association La Tillole Bo\u00efenne","url":"https:\/\/www.latilloleboienne.fr\/wordpress\/","logo":{"@type":"ImageObject","inLanguage":"fr-FR","@id":"https:\/\/www.latilloleboienne.fr\/wordpress\/#\/schema\/logo\/image\/","url":"https:\/\/www.latilloleboienne.fr\/wordpress\/wp-content\/uploads\/2022\/05\/Logo-Rond-La-Tillole-Boienne.png","contentUrl":"https:\/\/www.latilloleboienne.fr\/wordpress\/wp-content\/uploads\/2022\/05\/Logo-Rond-La-Tillole-Boienne.png","width":162,"height":160,"caption":"Association La Tillole Bo\u00efenne"},"image":{"@id":"https:\/\/www.latilloleboienne.fr\/wordpress\/#\/schema\/logo\/image\/"}}]}},"_links":{"self":[{"href":"https:\/\/www.latilloleboienne.fr\/wordpress\/wp-json\/wp\/v2\/pages\/144","targetHints":{"allow":["GET"]}}],"collection":[{"href":"https:\/\/www.latilloleboienne.fr\/wordpress\/wp-json\/wp\/v2\/pages"}],"about":[{"href":"https:\/\/www.latilloleboienne.fr\/wordpress\/wp-json\/wp\/v2\/types\/page"}],"author":[{"embeddable":true,"href":"https:\/\/www.latilloleboienne.fr\/wordpress\/wp-json\/wp\/v2\/users\/1"}],"replies":[{"embeddable":true,"href":"https:\/\/www.latilloleboienne.fr\/wordpress\/wp-json\/wp\/v2\/comments?post=144"}],"version-history":[{"count":9,"href":"https:\/\/www.latilloleboienne.fr\/wordpress\/wp-json\/wp\/v2\/pages\/144\/revisions"}],"predecessor-version":[{"id":3520,"href":"https:\/\/www.latilloleboienne.fr\/wordpress\/wp-json\/wp\/v2\/pages\/144\/revisions\/3520"}],"wp:featuredmedia":[{"embeddable":true,"href":"https:\/\/www.latilloleboienne.fr\/wordpress\/wp-json\/wp\/v2\/media\/269"}],"wp:attachment":[{"href":"https:\/\/www.latilloleboienne.fr\/wordpress\/wp-json\/wp\/v2\/media?parent=144"}],"curies":[{"name":"wp","href":"https:\/\/api.w.org\/{rel}","templated":true}]}}