{"id":1428,"date":"2017-06-03T10:02:23","date_gmt":"2017-06-03T08:02:23","guid":{"rendered":"http:\/\/www.latilloleboienne.fr\/wordpress\/?page_id=1428"},"modified":"2025-02-14T09:46:09","modified_gmt":"2025-02-14T07:46:09","slug":"videos","status":"publish","type":"page","link":"https:\/\/www.latilloleboienne.fr\/wordpress\/activites\/videos\/","title":{"rendered":"Vid\u00e9os"},"content":{"rendered":"\n<p>Voici quelques vid\u00e9os de contributeurs ou m\u00e9dia \u00e0 propos des activit\u00e9s nautiques autour de notre pinasse la Bo\u00efenne et des manifestations organis\u00e9es par l&rsquo;association:<\/p>\n\n\n\n<figure class=\"wp-block-embed is-type-video is-provider-youtube wp-block-embed-youtube wp-embed-aspect-16-9 wp-has-aspect-ratio\"><div class=\"wp-block-embed__wrapper\">\n<iframe loading=\"lazy\" title=\"Pinasses \u00e0 Voile Championnat du monde  Bassin d&#039;Arcachon - D\u00e9part de la R\u00e9gate Ep02\" width=\"584\" height=\"329\" src=\"https:\/\/www.youtube.com\/embed\/hmlB2XOkkZM?feature=oembed\" frameborder=\"0\" allow=\"accelerometer; autoplay; clipboard-write; encrypted-media; gyroscope; picture-in-picture; web-share\" referrerpolicy=\"strict-origin-when-cross-origin\" allowfullscreen><\/iframe>\n<\/div><\/figure>\n\n\n\n<figure class=\"wp-block-embed is-type-video is-provider-youtube wp-block-embed-youtube wp-embed-aspect-16-9 wp-has-aspect-ratio\"><div class=\"wp-block-embed__wrapper\">\n<iframe loading=\"lazy\" title=\"REGATE PINASSES A VOILE sur le Bassin d&#039;Arcachon\" width=\"584\" height=\"329\" src=\"https:\/\/www.youtube.com\/embed\/_z0IKIXO4ko?feature=oembed\" frameborder=\"0\" allow=\"accelerometer; autoplay; clipboard-write; encrypted-media; gyroscope; picture-in-picture; web-share\" referrerpolicy=\"strict-origin-when-cross-origin\" allowfullscreen><\/iframe>\n<\/div><\/figure>\n\n\n\n<figure class=\"wp-block-embed is-type-video is-provider-youtube wp-block-embed-youtube wp-embed-aspect-16-9 wp-has-aspect-ratio\"><div class=\"wp-block-embed__wrapper\">\n<iframe loading=\"lazy\" title=\"Re\u0301gate pinasse a voile Biganos\" width=\"584\" height=\"329\" src=\"https:\/\/www.youtube.com\/embed\/NnoULgcyeBQ?start=3&#038;feature=oembed\" frameborder=\"0\" allow=\"accelerometer; autoplay; clipboard-write; encrypted-media; gyroscope; picture-in-picture; web-share\" referrerpolicy=\"strict-origin-when-cross-origin\" allowfullscreen><\/iframe>\n<\/div><\/figure>\n\n\n\n<figure class=\"wp-block-embed is-type-video is-provider-youtube wp-block-embed-youtube wp-embed-aspect-16-9 wp-has-aspect-ratio\"><div class=\"wp-block-embed__wrapper\">\n<iframe loading=\"lazy\" title=\"R\u00e9gate de pinasses \u00e0 voile, par S\u00e9bastien Hondelatte - bonus2\" width=\"584\" height=\"329\" src=\"https:\/\/www.youtube.com\/embed\/JLAZHlPwNYE?feature=oembed\" frameborder=\"0\" allow=\"accelerometer; autoplay; clipboard-write; encrypted-media; gyroscope; picture-in-picture; web-share\" referrerpolicy=\"strict-origin-when-cross-origin\" allowfullscreen><\/iframe>\n<\/div><\/figure>\n\n\n\n<figure class=\"wp-block-embed is-type-video is-provider-youtube wp-block-embed-youtube wp-embed-aspect-16-9 wp-has-aspect-ratio\"><div class=\"wp-block-embed__wrapper\">\n<iframe loading=\"lazy\" title=\"Pinasses \u00e0 Voile Championnat du monde  Bassin d&#039;Arcachon - Interviews des Pinasseyres Ep 00\" width=\"584\" height=\"329\" src=\"https:\/\/www.youtube.com\/embed\/cnUOKDqEkrI?feature=oembed\" frameborder=\"0\" allow=\"accelerometer; autoplay; clipboard-write; encrypted-media; gyroscope; picture-in-picture; web-share\" referrerpolicy=\"strict-origin-when-cross-origin\" allowfullscreen><\/iframe>\n<\/div><\/figure>\n\n\n\n<figure class=\"wp-block-embed is-type-video is-provider-youtube wp-block-embed-youtube wp-embed-aspect-16-9 wp-has-aspect-ratio\"><div class=\"wp-block-embed__wrapper\">\n<iframe loading=\"lazy\" title=\"R\u00e9gate de Gujan 2018 [Pinasse \u00e0 voile]\" width=\"584\" height=\"329\" src=\"https:\/\/www.youtube.com\/embed\/6IlolzIpO4c?start=2506&#038;feature=oembed\" frameborder=\"0\" allow=\"accelerometer; autoplay; clipboard-write; encrypted-media; gyroscope; picture-in-picture; web-share\" referrerpolicy=\"strict-origin-when-cross-origin\" allowfullscreen><\/iframe>\n<\/div><\/figure>\n\n\n\n<figure class=\"wp-block-embed is-type-video is-provider-youtube wp-block-embed-youtube wp-embed-aspect-16-9 wp-has-aspect-ratio\"><div class=\"wp-block-embed__wrapper\">\n<iframe loading=\"lazy\" title=\"R\u00e9gate du Teich 2018 [Pinasse \u00e0 voile]\" width=\"584\" height=\"329\" src=\"https:\/\/www.youtube.com\/embed\/HvCrb5K6hJw?start=579&#038;feature=oembed\" frameborder=\"0\" allow=\"accelerometer; autoplay; clipboard-write; encrypted-media; gyroscope; picture-in-picture; web-share\" referrerpolicy=\"strict-origin-when-cross-origin\" allowfullscreen><\/iframe>\n<\/div><\/figure>\n\n\n\n<figure class=\"wp-block-embed is-type-video is-provider-youtube wp-block-embed-youtube wp-embed-aspect-16-9 wp-has-aspect-ratio\"><div class=\"wp-block-embed__wrapper\">\n<iframe loading=\"lazy\" title=\"R\u00e9gate du tour de l&#039;\u00eele aux oiseaux 2018 [Pinasse \u00e0 voile]\" width=\"584\" height=\"329\" src=\"https:\/\/www.youtube.com\/embed\/MduOuIBf-KM?start=2410&#038;feature=oembed\" frameborder=\"0\" allow=\"accelerometer; autoplay; clipboard-write; encrypted-media; gyroscope; picture-in-picture; web-share\" referrerpolicy=\"strict-origin-when-cross-origin\" allowfullscreen><\/iframe>\n<\/div><\/figure>\n\n\n\n<figure class=\"wp-block-embed is-type-video is-provider-youtube wp-block-embed-youtube wp-embed-aspect-16-9 wp-has-aspect-ratio\"><div class=\"wp-block-embed__wrapper\">\n<iframe loading=\"lazy\" title=\"R\u00e9gate de L&#039;Herbe 2018 [Pinasse \u00e0 voile]\" width=\"584\" height=\"329\" src=\"https:\/\/www.youtube.com\/embed\/VVuyP9LbH0A?start=1727&#038;feature=oembed\" frameborder=\"0\" allow=\"accelerometer; autoplay; clipboard-write; encrypted-media; gyroscope; picture-in-picture; web-share\" referrerpolicy=\"strict-origin-when-cross-origin\" allowfullscreen><\/iframe>\n<\/div><\/figure>\n\n\n\n<p><\/p>\n","protected":false},"excerpt":{"rendered":"<p>Voici quelques vid\u00e9os de contributeurs ou m\u00e9dia \u00e0 propos des activit\u00e9s nautiques autour de notre pinasse la Bo\u00efenne et des manifestations organis\u00e9es par l&rsquo;association:<\/p>\n","protected":false},"author":1,"featured_media":0,"parent":2405,"menu_order":10,"comment_status":"closed","ping_status":"closed","template":"","meta":{"footnotes":""},"class_list":["post-1428","page","type-page","status-publish","hentry"],"yoast_head":"<!-- This site is optimized with the Yoast SEO plugin v27.4 - https:\/\/yoast.com\/product\/yoast-seo-wordpress\/ -->\n<title>Vid\u00e9os - La Tillole Bo\u00efenne<\/title>\n<meta name=\"description\" content=\"Vid\u00e9os de contributeurs ou m\u00e9dia \u00e0 propos des activit\u00e9s nautiques autour de notre pinasse la Bo\u00efenne et des manifestations organis\u00e9es par l&#039;association.\" \/>\n<meta name=\"robots\" content=\"index, follow, max-snippet:-1, max-image-preview:large, max-video-preview:-1\" \/>\n<link rel=\"canonical\" href=\"https:\/\/www.latilloleboienne.fr\/wordpress\/activites\/videos\/\" \/>\n<meta property=\"og:locale\" content=\"fr_FR\" \/>\n<meta property=\"og:type\" content=\"article\" \/>\n<meta property=\"og:title\" content=\"Vid\u00e9os - La Tillole Bo\u00efenne\" \/>\n<meta property=\"og:description\" content=\"Vid\u00e9os de contributeurs ou m\u00e9dia \u00e0 propos des activit\u00e9s nautiques autour de notre pinasse la Bo\u00efenne et des manifestations organis\u00e9es par l&#039;association.\" \/>\n<meta property=\"og:url\" content=\"https:\/\/www.latilloleboienne.fr\/wordpress\/activites\/videos\/\" \/>\n<meta property=\"og:site_name\" content=\"La Tillole Bo\u00efenne\" \/>\n<meta property=\"article:modified_time\" content=\"2025-02-14T07:46:09+00:00\" \/>\n<meta name=\"twitter:card\" content=\"summary_large_image\" \/>\n<meta name=\"twitter:label1\" content=\"Dur\u00e9e de lecture estim\u00e9e\" \/>\n\t<meta name=\"twitter:data1\" content=\"1 minute\" \/>\n<script type=\"application\/ld+json\" class=\"yoast-schema-graph\">{\"@context\":\"https:\\\/\\\/schema.org\",\"@graph\":[{\"@type\":\"WebPage\",\"@id\":\"https:\\\/\\\/www.latilloleboienne.fr\\\/wordpress\\\/activites\\\/videos\\\/\",\"url\":\"https:\\\/\\\/www.latilloleboienne.fr\\\/wordpress\\\/activites\\\/videos\\\/\",\"name\":\"Vid\u00e9os - La Tillole Bo\u00efenne\",\"isPartOf\":{\"@id\":\"https:\\\/\\\/www.latilloleboienne.fr\\\/wordpress\\\/#website\"},\"datePublished\":\"2017-06-03T08:02:23+00:00\",\"dateModified\":\"2025-02-14T07:46:09+00:00\",\"description\":\"Vid\u00e9os de contributeurs ou m\u00e9dia \u00e0 propos des activit\u00e9s nautiques autour de notre pinasse la Bo\u00efenne et des manifestations organis\u00e9es par l'association.\",\"breadcrumb\":{\"@id\":\"https:\\\/\\\/www.latilloleboienne.fr\\\/wordpress\\\/activites\\\/videos\\\/#breadcrumb\"},\"inLanguage\":\"fr-FR\",\"potentialAction\":[{\"@type\":\"ReadAction\",\"target\":[\"https:\\\/\\\/www.latilloleboienne.fr\\\/wordpress\\\/activites\\\/videos\\\/\"]}]},{\"@type\":\"BreadcrumbList\",\"@id\":\"https:\\\/\\\/www.latilloleboienne.fr\\\/wordpress\\\/activites\\\/videos\\\/#breadcrumb\",\"itemListElement\":[{\"@type\":\"ListItem\",\"position\":1,\"name\":\"Accueil\",\"item\":\"https:\\\/\\\/www.latilloleboienne.fr\\\/wordpress\\\/\"},{\"@type\":\"ListItem\",\"position\":2,\"name\":\"Activit\u00e9s\",\"item\":\"https:\\\/\\\/www.latilloleboienne.fr\\\/wordpress\\\/activites\\\/\"},{\"@type\":\"ListItem\",\"position\":3,\"name\":\"Vid\u00e9os\"}]},{\"@type\":\"WebSite\",\"@id\":\"https:\\\/\\\/www.latilloleboienne.fr\\\/wordpress\\\/#website\",\"url\":\"https:\\\/\\\/www.latilloleboienne.fr\\\/wordpress\\\/\",\"name\":\"La Tillole Bo\u00efenne\",\"description\":\"La tradition nautique du Bassin d&#039;Arcachon\",\"publisher\":{\"@id\":\"https:\\\/\\\/www.latilloleboienne.fr\\\/wordpress\\\/#organization\"},\"potentialAction\":[{\"@type\":\"SearchAction\",\"target\":{\"@type\":\"EntryPoint\",\"urlTemplate\":\"https:\\\/\\\/www.latilloleboienne.fr\\\/wordpress\\\/?s={search_term_string}\"},\"query-input\":{\"@type\":\"PropertyValueSpecification\",\"valueRequired\":true,\"valueName\":\"search_term_string\"}}],\"inLanguage\":\"fr-FR\"},{\"@type\":\"Organization\",\"@id\":\"https:\\\/\\\/www.latilloleboienne.fr\\\/wordpress\\\/#organization\",\"name\":\"Association La Tillole Bo\u00efenne\",\"url\":\"https:\\\/\\\/www.latilloleboienne.fr\\\/wordpress\\\/\",\"logo\":{\"@type\":\"ImageObject\",\"inLanguage\":\"fr-FR\",\"@id\":\"https:\\\/\\\/www.latilloleboienne.fr\\\/wordpress\\\/#\\\/schema\\\/logo\\\/image\\\/\",\"url\":\"https:\\\/\\\/www.latilloleboienne.fr\\\/wordpress\\\/wp-content\\\/uploads\\\/2022\\\/05\\\/Logo-Rond-La-Tillole-Boienne.png\",\"contentUrl\":\"https:\\\/\\\/www.latilloleboienne.fr\\\/wordpress\\\/wp-content\\\/uploads\\\/2022\\\/05\\\/Logo-Rond-La-Tillole-Boienne.png\",\"width\":162,\"height\":160,\"caption\":\"Association La Tillole Bo\u00efenne\"},\"image\":{\"@id\":\"https:\\\/\\\/www.latilloleboienne.fr\\\/wordpress\\\/#\\\/schema\\\/logo\\\/image\\\/\"}}]}<\/script>\n<!-- \/ Yoast SEO plugin. -->","yoast_head_json":{"title":"Vid\u00e9os - La Tillole Bo\u00efenne","description":"Vid\u00e9os de contributeurs ou m\u00e9dia \u00e0 propos des activit\u00e9s nautiques autour de notre pinasse la Bo\u00efenne et des manifestations organis\u00e9es par l'association.","robots":{"index":"index","follow":"follow","max-snippet":"max-snippet:-1","max-image-preview":"max-image-preview:large","max-video-preview":"max-video-preview:-1"},"canonical":"https:\/\/www.latilloleboienne.fr\/wordpress\/activites\/videos\/","og_locale":"fr_FR","og_type":"article","og_title":"Vid\u00e9os - La Tillole Bo\u00efenne","og_description":"Vid\u00e9os de contributeurs ou m\u00e9dia \u00e0 propos des activit\u00e9s nautiques autour de notre pinasse la Bo\u00efenne et des manifestations organis\u00e9es par l'association.","og_url":"https:\/\/www.latilloleboienne.fr\/wordpress\/activites\/videos\/","og_site_name":"La Tillole Bo\u00efenne","article_modified_time":"2025-02-14T07:46:09+00:00","twitter_card":"summary_large_image","twitter_misc":{"Dur\u00e9e de lecture estim\u00e9e":"1 minute"},"schema":{"@context":"https:\/\/schema.org","@graph":[{"@type":"WebPage","@id":"https:\/\/www.latilloleboienne.fr\/wordpress\/activites\/videos\/","url":"https:\/\/www.latilloleboienne.fr\/wordpress\/activites\/videos\/","name":"Vid\u00e9os - La Tillole Bo\u00efenne","isPartOf":{"@id":"https:\/\/www.latilloleboienne.fr\/wordpress\/#website"},"datePublished":"2017-06-03T08:02:23+00:00","dateModified":"2025-02-14T07:46:09+00:00","description":"Vid\u00e9os de contributeurs ou m\u00e9dia \u00e0 propos des activit\u00e9s nautiques autour de notre pinasse la Bo\u00efenne et des manifestations organis\u00e9es par l'association.","breadcrumb":{"@id":"https:\/\/www.latilloleboienne.fr\/wordpress\/activites\/videos\/#breadcrumb"},"inLanguage":"fr-FR","potentialAction":[{"@type":"ReadAction","target":["https:\/\/www.latilloleboienne.fr\/wordpress\/activites\/videos\/"]}]},{"@type":"BreadcrumbList","@id":"https:\/\/www.latilloleboienne.fr\/wordpress\/activites\/videos\/#breadcrumb","itemListElement":[{"@type":"ListItem","position":1,"name":"Accueil","item":"https:\/\/www.latilloleboienne.fr\/wordpress\/"},{"@type":"ListItem","position":2,"name":"Activit\u00e9s","item":"https:\/\/www.latilloleboienne.fr\/wordpress\/activites\/"},{"@type":"ListItem","position":3,"name":"Vid\u00e9os"}]},{"@type":"WebSite","@id":"https:\/\/www.latilloleboienne.fr\/wordpress\/#website","url":"https:\/\/www.latilloleboienne.fr\/wordpress\/","name":"La Tillole Bo\u00efenne","description":"La tradition nautique du Bassin d&#039;Arcachon","publisher":{"@id":"https:\/\/www.latilloleboienne.fr\/wordpress\/#organization"},"potentialAction":[{"@type":"SearchAction","target":{"@type":"EntryPoint","urlTemplate":"https:\/\/www.latilloleboienne.fr\/wordpress\/?s={search_term_string}"},"query-input":{"@type":"PropertyValueSpecification","valueRequired":true,"valueName":"search_term_string"}}],"inLanguage":"fr-FR"},{"@type":"Organization","@id":"https:\/\/www.latilloleboienne.fr\/wordpress\/#organization","name":"Association La Tillole Bo\u00efenne","url":"https:\/\/www.latilloleboienne.fr\/wordpress\/","logo":{"@type":"ImageObject","inLanguage":"fr-FR","@id":"https:\/\/www.latilloleboienne.fr\/wordpress\/#\/schema\/logo\/image\/","url":"https:\/\/www.latilloleboienne.fr\/wordpress\/wp-content\/uploads\/2022\/05\/Logo-Rond-La-Tillole-Boienne.png","contentUrl":"https:\/\/www.latilloleboienne.fr\/wordpress\/wp-content\/uploads\/2022\/05\/Logo-Rond-La-Tillole-Boienne.png","width":162,"height":160,"caption":"Association La Tillole Bo\u00efenne"},"image":{"@id":"https:\/\/www.latilloleboienne.fr\/wordpress\/#\/schema\/logo\/image\/"}}]}},"_links":{"self":[{"href":"https:\/\/www.latilloleboienne.fr\/wordpress\/wp-json\/wp\/v2\/pages\/1428","targetHints":{"allow":["GET"]}}],"collection":[{"href":"https:\/\/www.latilloleboienne.fr\/wordpress\/wp-json\/wp\/v2\/pages"}],"about":[{"href":"https:\/\/www.latilloleboienne.fr\/wordpress\/wp-json\/wp\/v2\/types\/page"}],"author":[{"embeddable":true,"href":"https:\/\/www.latilloleboienne.fr\/wordpress\/wp-json\/wp\/v2\/users\/1"}],"replies":[{"embeddable":true,"href":"https:\/\/www.latilloleboienne.fr\/wordpress\/wp-json\/wp\/v2\/comments?post=1428"}],"version-history":[{"count":5,"href":"https:\/\/www.latilloleboienne.fr\/wordpress\/wp-json\/wp\/v2\/pages\/1428\/revisions"}],"predecessor-version":[{"id":3252,"href":"https:\/\/www.latilloleboienne.fr\/wordpress\/wp-json\/wp\/v2\/pages\/1428\/revisions\/3252"}],"up":[{"embeddable":true,"href":"https:\/\/www.latilloleboienne.fr\/wordpress\/wp-json\/wp\/v2\/pages\/2405"}],"wp:attachment":[{"href":"https:\/\/www.latilloleboienne.fr\/wordpress\/wp-json\/wp\/v2\/media?parent=1428"}],"curies":[{"name":"wp","href":"https:\/\/api.w.org\/{rel}","templated":true}]}}