{"id":128,"date":"2017-05-19T07:50:32","date_gmt":"2017-05-19T05:50:32","guid":{"rendered":"http:\/\/www.latilloleboienne.fr\/wordpress\/?page_id=128"},"modified":"2022-06-02T00:14:20","modified_gmt":"2022-06-01T22:14:20","slug":"fonctionnement","status":"publish","type":"page","link":"https:\/\/www.latilloleboienne.fr\/wordpress\/association\/fonctionnement\/","title":{"rendered":"Fonctionnement"},"content":{"rendered":"\n<p>Le fonctionnement de l&rsquo;association la Tillole Bo\u00efenne est enti\u00e8rement r\u00e9git par ses statuts.<br>Voici la derni\u00e8re r\u00e9vision : <a href=\"\/wordpress\/wp-content\/uploads\/2017\/05\/StatutsLaTilloleBoienne.pdf\">Statuts La Tillole Bo\u00efenne (2016)<\/a><\/p>\n\n\n<a href=\"https:\/\/www.latilloleboienne.fr\/wordpress\/wp-content\/uploads\/2017\/05\/StatutsLaTilloleBoienne.pdf\" class=\"pdfemb-viewer\" style=\"\" data-width=\"max\" data-height=\"max\" data-toolbar=\"bottom\" data-toolbar-fixed=\"off\">StatutsLaTilloleBoienne<\/a>\n<p class=\"wp-block-pdfemb-pdf-embedder-viewer\"><\/p>\n","protected":false},"excerpt":{"rendered":"<p>Le fonctionnement de l&rsquo;association la Tillole Bo\u00efenne est enti\u00e8rement r\u00e9git par ses statuts.Voici la derni\u00e8re r\u00e9vision : Statuts La Tillole Bo\u00efenne (2016)<\/p>\n","protected":false},"author":1,"featured_media":0,"parent":2835,"menu_order":1,"comment_status":"closed","ping_status":"closed","template":"","meta":{"footnotes":""},"class_list":["post-128","page","type-page","status-publish","hentry"],"yoast_head":"<!-- This site is optimized with the Yoast SEO plugin v27.5 - https:\/\/yoast.com\/product\/yoast-seo-wordpress\/ -->\n<title>Fonctionnement - La Tillole Bo\u00efenne<\/title>\n<meta name=\"description\" content=\"Le fonctionnement de l&#039;association la Tillole Bo\u00efenne est bas\u00e9 sur un recueil de statuts. La derni\u00e8re version est disponible ici.\" \/>\n<meta name=\"robots\" content=\"index, follow, max-snippet:-1, max-image-preview:large, max-video-preview:-1\" \/>\n<link rel=\"canonical\" href=\"https:\/\/www.latilloleboienne.fr\/wordpress\/association\/fonctionnement\/\" \/>\n<meta property=\"og:locale\" content=\"fr_FR\" \/>\n<meta property=\"og:type\" content=\"article\" \/>\n<meta property=\"og:title\" content=\"Fonctionnement - La Tillole Bo\u00efenne\" \/>\n<meta property=\"og:description\" content=\"Le fonctionnement de l&#039;association la Tillole Bo\u00efenne est bas\u00e9 sur un recueil de statuts. La derni\u00e8re version est disponible ici.\" \/>\n<meta property=\"og:url\" content=\"https:\/\/www.latilloleboienne.fr\/wordpress\/association\/fonctionnement\/\" \/>\n<meta property=\"og:site_name\" content=\"La Tillole Bo\u00efenne\" \/>\n<meta property=\"article:modified_time\" content=\"2022-06-01T22:14:20+00:00\" \/>\n<meta name=\"twitter:card\" content=\"summary_large_image\" \/>\n<meta name=\"twitter:label1\" content=\"Dur\u00e9e de lecture estim\u00e9e\" \/>\n\t<meta name=\"twitter:data1\" content=\"1 minute\" \/>\n<script type=\"application\/ld+json\" class=\"yoast-schema-graph\">{\"@context\":\"https:\\\/\\\/schema.org\",\"@graph\":[{\"@type\":\"WebPage\",\"@id\":\"https:\\\/\\\/www.latilloleboienne.fr\\\/wordpress\\\/association\\\/fonctionnement\\\/\",\"url\":\"https:\\\/\\\/www.latilloleboienne.fr\\\/wordpress\\\/association\\\/fonctionnement\\\/\",\"name\":\"Fonctionnement - La Tillole Bo\u00efenne\",\"isPartOf\":{\"@id\":\"https:\\\/\\\/www.latilloleboienne.fr\\\/wordpress\\\/#website\"},\"datePublished\":\"2017-05-19T05:50:32+00:00\",\"dateModified\":\"2022-06-01T22:14:20+00:00\",\"description\":\"Le fonctionnement de l'association la Tillole Bo\u00efenne est bas\u00e9 sur un recueil de statuts. La derni\u00e8re version est disponible ici.\",\"breadcrumb\":{\"@id\":\"https:\\\/\\\/www.latilloleboienne.fr\\\/wordpress\\\/association\\\/fonctionnement\\\/#breadcrumb\"},\"inLanguage\":\"fr-FR\",\"potentialAction\":[{\"@type\":\"ReadAction\",\"target\":[\"https:\\\/\\\/www.latilloleboienne.fr\\\/wordpress\\\/association\\\/fonctionnement\\\/\"]}]},{\"@type\":\"BreadcrumbList\",\"@id\":\"https:\\\/\\\/www.latilloleboienne.fr\\\/wordpress\\\/association\\\/fonctionnement\\\/#breadcrumb\",\"itemListElement\":[{\"@type\":\"ListItem\",\"position\":1,\"name\":\"Accueil\",\"item\":\"https:\\\/\\\/www.latilloleboienne.fr\\\/wordpress\\\/\"},{\"@type\":\"ListItem\",\"position\":2,\"name\":\"L&rsquo;association\",\"item\":\"https:\\\/\\\/www.latilloleboienne.fr\\\/wordpress\\\/association\\\/\"},{\"@type\":\"ListItem\",\"position\":3,\"name\":\"Fonctionnement\"}]},{\"@type\":\"WebSite\",\"@id\":\"https:\\\/\\\/www.latilloleboienne.fr\\\/wordpress\\\/#website\",\"url\":\"https:\\\/\\\/www.latilloleboienne.fr\\\/wordpress\\\/\",\"name\":\"La Tillole Bo\u00efenne\",\"description\":\"La tradition nautique du Bassin d&#039;Arcachon\",\"publisher\":{\"@id\":\"https:\\\/\\\/www.latilloleboienne.fr\\\/wordpress\\\/#organization\"},\"potentialAction\":[{\"@type\":\"SearchAction\",\"target\":{\"@type\":\"EntryPoint\",\"urlTemplate\":\"https:\\\/\\\/www.latilloleboienne.fr\\\/wordpress\\\/?s={search_term_string}\"},\"query-input\":{\"@type\":\"PropertyValueSpecification\",\"valueRequired\":true,\"valueName\":\"search_term_string\"}}],\"inLanguage\":\"fr-FR\"},{\"@type\":\"Organization\",\"@id\":\"https:\\\/\\\/www.latilloleboienne.fr\\\/wordpress\\\/#organization\",\"name\":\"Association La Tillole Bo\u00efenne\",\"url\":\"https:\\\/\\\/www.latilloleboienne.fr\\\/wordpress\\\/\",\"logo\":{\"@type\":\"ImageObject\",\"inLanguage\":\"fr-FR\",\"@id\":\"https:\\\/\\\/www.latilloleboienne.fr\\\/wordpress\\\/#\\\/schema\\\/logo\\\/image\\\/\",\"url\":\"https:\\\/\\\/www.latilloleboienne.fr\\\/wordpress\\\/wp-content\\\/uploads\\\/2022\\\/05\\\/Logo-Rond-La-Tillole-Boienne.png\",\"contentUrl\":\"https:\\\/\\\/www.latilloleboienne.fr\\\/wordpress\\\/wp-content\\\/uploads\\\/2022\\\/05\\\/Logo-Rond-La-Tillole-Boienne.png\",\"width\":162,\"height\":160,\"caption\":\"Association La Tillole Bo\u00efenne\"},\"image\":{\"@id\":\"https:\\\/\\\/www.latilloleboienne.fr\\\/wordpress\\\/#\\\/schema\\\/logo\\\/image\\\/\"}}]}<\/script>\n<!-- \/ Yoast SEO plugin. -->","yoast_head_json":{"title":"Fonctionnement - La Tillole Bo\u00efenne","description":"Le fonctionnement de l'association la Tillole Bo\u00efenne est bas\u00e9 sur un recueil de statuts. La derni\u00e8re version est disponible ici.","robots":{"index":"index","follow":"follow","max-snippet":"max-snippet:-1","max-image-preview":"max-image-preview:large","max-video-preview":"max-video-preview:-1"},"canonical":"https:\/\/www.latilloleboienne.fr\/wordpress\/association\/fonctionnement\/","og_locale":"fr_FR","og_type":"article","og_title":"Fonctionnement - La Tillole Bo\u00efenne","og_description":"Le fonctionnement de l'association la Tillole Bo\u00efenne est bas\u00e9 sur un recueil de statuts. La derni\u00e8re version est disponible ici.","og_url":"https:\/\/www.latilloleboienne.fr\/wordpress\/association\/fonctionnement\/","og_site_name":"La Tillole Bo\u00efenne","article_modified_time":"2022-06-01T22:14:20+00:00","twitter_card":"summary_large_image","twitter_misc":{"Dur\u00e9e de lecture estim\u00e9e":"1 minute"},"schema":{"@context":"https:\/\/schema.org","@graph":[{"@type":"WebPage","@id":"https:\/\/www.latilloleboienne.fr\/wordpress\/association\/fonctionnement\/","url":"https:\/\/www.latilloleboienne.fr\/wordpress\/association\/fonctionnement\/","name":"Fonctionnement - La Tillole Bo\u00efenne","isPartOf":{"@id":"https:\/\/www.latilloleboienne.fr\/wordpress\/#website"},"datePublished":"2017-05-19T05:50:32+00:00","dateModified":"2022-06-01T22:14:20+00:00","description":"Le fonctionnement de l'association la Tillole Bo\u00efenne est bas\u00e9 sur un recueil de statuts. La derni\u00e8re version est disponible ici.","breadcrumb":{"@id":"https:\/\/www.latilloleboienne.fr\/wordpress\/association\/fonctionnement\/#breadcrumb"},"inLanguage":"fr-FR","potentialAction":[{"@type":"ReadAction","target":["https:\/\/www.latilloleboienne.fr\/wordpress\/association\/fonctionnement\/"]}]},{"@type":"BreadcrumbList","@id":"https:\/\/www.latilloleboienne.fr\/wordpress\/association\/fonctionnement\/#breadcrumb","itemListElement":[{"@type":"ListItem","position":1,"name":"Accueil","item":"https:\/\/www.latilloleboienne.fr\/wordpress\/"},{"@type":"ListItem","position":2,"name":"L&rsquo;association","item":"https:\/\/www.latilloleboienne.fr\/wordpress\/association\/"},{"@type":"ListItem","position":3,"name":"Fonctionnement"}]},{"@type":"WebSite","@id":"https:\/\/www.latilloleboienne.fr\/wordpress\/#website","url":"https:\/\/www.latilloleboienne.fr\/wordpress\/","name":"La Tillole Bo\u00efenne","description":"La tradition nautique du Bassin d&#039;Arcachon","publisher":{"@id":"https:\/\/www.latilloleboienne.fr\/wordpress\/#organization"},"potentialAction":[{"@type":"SearchAction","target":{"@type":"EntryPoint","urlTemplate":"https:\/\/www.latilloleboienne.fr\/wordpress\/?s={search_term_string}"},"query-input":{"@type":"PropertyValueSpecification","valueRequired":true,"valueName":"search_term_string"}}],"inLanguage":"fr-FR"},{"@type":"Organization","@id":"https:\/\/www.latilloleboienne.fr\/wordpress\/#organization","name":"Association La Tillole Bo\u00efenne","url":"https:\/\/www.latilloleboienne.fr\/wordpress\/","logo":{"@type":"ImageObject","inLanguage":"fr-FR","@id":"https:\/\/www.latilloleboienne.fr\/wordpress\/#\/schema\/logo\/image\/","url":"https:\/\/www.latilloleboienne.fr\/wordpress\/wp-content\/uploads\/2022\/05\/Logo-Rond-La-Tillole-Boienne.png","contentUrl":"https:\/\/www.latilloleboienne.fr\/wordpress\/wp-content\/uploads\/2022\/05\/Logo-Rond-La-Tillole-Boienne.png","width":162,"height":160,"caption":"Association La Tillole Bo\u00efenne"},"image":{"@id":"https:\/\/www.latilloleboienne.fr\/wordpress\/#\/schema\/logo\/image\/"}}]}},"_links":{"self":[{"href":"https:\/\/www.latilloleboienne.fr\/wordpress\/wp-json\/wp\/v2\/pages\/128","targetHints":{"allow":["GET"]}}],"collection":[{"href":"https:\/\/www.latilloleboienne.fr\/wordpress\/wp-json\/wp\/v2\/pages"}],"about":[{"href":"https:\/\/www.latilloleboienne.fr\/wordpress\/wp-json\/wp\/v2\/types\/page"}],"author":[{"embeddable":true,"href":"https:\/\/www.latilloleboienne.fr\/wordpress\/wp-json\/wp\/v2\/users\/1"}],"replies":[{"embeddable":true,"href":"https:\/\/www.latilloleboienne.fr\/wordpress\/wp-json\/wp\/v2\/comments?post=128"}],"version-history":[{"count":9,"href":"https:\/\/www.latilloleboienne.fr\/wordpress\/wp-json\/wp\/v2\/pages\/128\/revisions"}],"predecessor-version":[{"id":3142,"href":"https:\/\/www.latilloleboienne.fr\/wordpress\/wp-json\/wp\/v2\/pages\/128\/revisions\/3142"}],"up":[{"embeddable":true,"href":"https:\/\/www.latilloleboienne.fr\/wordpress\/wp-json\/wp\/v2\/pages\/2835"}],"wp:attachment":[{"href":"https:\/\/www.latilloleboienne.fr\/wordpress\/wp-json\/wp\/v2\/media?parent=128"}],"curies":[{"name":"wp","href":"https:\/\/api.w.org\/{rel}","templated":true}]}}