{"id":116,"date":"2017-05-19T07:38:11","date_gmt":"2017-05-19T07:38:11","guid":{"rendered":"http:\/\/www.latilloleboienne.fr\/wordpress\/?page_id=116"},"modified":"2022-06-09T17:52:24","modified_gmt":"2022-06-09T15:52:24","slug":"notre-histoire","status":"publish","type":"page","link":"https:\/\/www.latilloleboienne.fr\/wordpress\/notre-histoire\/","title":{"rendered":"Notre histoire"},"content":{"rendered":"<p><strong>Naissance de l&rsquo;association \u00ab\u00a0La Tillole Bo\u00efenne\u00a0\u00bb<\/strong><\/p>\n<p>En 2009 la majorit\u00e9 du conseil d&rsquo;administration de l\u2019association des ports ne souhaite plus avoir la responsabilit\u00e9 de la pinasse \u00e0 voile \u00ab La Bo\u00efenne \u00bb. L\u2019\u00e9quipe de Pinasseyres dite \u00ab Commodore dream team \u00bb se lance alors dans la cr\u00e9ation d\u2019une association pour pouvoir continuer l\u2019aventure. Son nom est trouv\u00e9 lors de l\u2019assembl\u00e9e de cr\u00e9ation, \u00e0 l\u2019issue d\u2019un tour de table ou chacun exprime ses id\u00e9es. Un nom attire l\u2019attention, la Tillole, ancien nom donn\u00e9 \u00e0 la pinasse.<\/p>\n<p>Que les vents du bassin soient favorables \u00e0 la Tillole.<\/p>\n","protected":false},"excerpt":{"rendered":"<p>Naissance de l&rsquo;association \u00ab\u00a0La Tillole Bo\u00efenne\u00a0\u00bb En 2009 la majorit\u00e9 du conseil d&rsquo;administration de l\u2019association des ports ne souhaite plus avoir la responsabilit\u00e9 de la pinasse \u00e0 voile \u00ab La Bo\u00efenne \u00bb. L\u2019\u00e9quipe de Pinasseyres dite \u00ab Commodore dream team &hellip; <a href=\"https:\/\/www.latilloleboienne.fr\/wordpress\/notre-histoire\/\">Continuer la lecture <span class=\"meta-nav\">&rarr;<\/span><\/a><\/p>\n","protected":false},"author":1,"featured_media":0,"parent":0,"menu_order":3,"comment_status":"closed","ping_status":"closed","template":"","meta":{"footnotes":""},"class_list":["post-116","page","type-page","status-publish","hentry"],"yoast_head":"<!-- This site is optimized with the Yoast SEO plugin v27.5 - https:\/\/yoast.com\/product\/yoast-seo-wordpress\/ -->\n<title>Notre histoire - La Tillole Bo\u00efenne<\/title>\n<meta name=\"description\" content=\"Rejet\u00e9e par l\u2019association des ports, l&#039;\u00e9quipe de Pinasseyres d\u00e9cide de prendre la responsabilit\u00e9 de la pinasse \u00e0 voile \u00ab La Bo\u00efenne \u00bb en se lan\u00e7ant dans la cr\u00e9ation de l&#039;association pour continuer l\u2019aventure.\" \/>\n<meta name=\"robots\" content=\"index, follow, max-snippet:-1, max-image-preview:large, max-video-preview:-1\" \/>\n<link rel=\"canonical\" href=\"https:\/\/www.latilloleboienne.fr\/wordpress\/notre-histoire\/\" \/>\n<meta property=\"og:locale\" content=\"fr_FR\" \/>\n<meta property=\"og:type\" content=\"article\" \/>\n<meta property=\"og:title\" content=\"Notre histoire - La Tillole Bo\u00efenne\" \/>\n<meta property=\"og:description\" content=\"Rejet\u00e9e par l\u2019association des ports, l&#039;\u00e9quipe de Pinasseyres d\u00e9cide de prendre la responsabilit\u00e9 de la pinasse \u00e0 voile \u00ab La Bo\u00efenne \u00bb en se lan\u00e7ant dans la cr\u00e9ation de l&#039;association pour continuer l\u2019aventure.\" \/>\n<meta property=\"og:url\" content=\"https:\/\/www.latilloleboienne.fr\/wordpress\/notre-histoire\/\" \/>\n<meta property=\"og:site_name\" content=\"La Tillole Bo\u00efenne\" \/>\n<meta property=\"article:modified_time\" content=\"2022-06-09T15:52:24+00:00\" \/>\n<meta name=\"twitter:card\" content=\"summary_large_image\" \/>\n<meta name=\"twitter:label1\" content=\"Dur\u00e9e de lecture estim\u00e9e\" \/>\n\t<meta name=\"twitter:data1\" content=\"1 minute\" \/>\n<script type=\"application\/ld+json\" class=\"yoast-schema-graph\">{\"@context\":\"https:\\\/\\\/schema.org\",\"@graph\":[{\"@type\":\"WebPage\",\"@id\":\"https:\\\/\\\/www.latilloleboienne.fr\\\/wordpress\\\/notre-histoire\\\/\",\"url\":\"https:\\\/\\\/www.latilloleboienne.fr\\\/wordpress\\\/notre-histoire\\\/\",\"name\":\"Notre histoire - La Tillole Bo\u00efenne\",\"isPartOf\":{\"@id\":\"https:\\\/\\\/www.latilloleboienne.fr\\\/wordpress\\\/#website\"},\"datePublished\":\"2017-05-19T07:38:11+00:00\",\"dateModified\":\"2022-06-09T15:52:24+00:00\",\"description\":\"Rejet\u00e9e par l\u2019association des ports, l'\u00e9quipe de Pinasseyres d\u00e9cide de prendre la responsabilit\u00e9 de la pinasse \u00e0 voile \u00ab La Bo\u00efenne \u00bb en se lan\u00e7ant dans la cr\u00e9ation de l'association pour continuer l\u2019aventure.\",\"breadcrumb\":{\"@id\":\"https:\\\/\\\/www.latilloleboienne.fr\\\/wordpress\\\/notre-histoire\\\/#breadcrumb\"},\"inLanguage\":\"fr-FR\",\"potentialAction\":[{\"@type\":\"ReadAction\",\"target\":[\"https:\\\/\\\/www.latilloleboienne.fr\\\/wordpress\\\/notre-histoire\\\/\"]}]},{\"@type\":\"BreadcrumbList\",\"@id\":\"https:\\\/\\\/www.latilloleboienne.fr\\\/wordpress\\\/notre-histoire\\\/#breadcrumb\",\"itemListElement\":[{\"@type\":\"ListItem\",\"position\":1,\"name\":\"Accueil\",\"item\":\"https:\\\/\\\/www.latilloleboienne.fr\\\/wordpress\\\/\"},{\"@type\":\"ListItem\",\"position\":2,\"name\":\"Notre histoire\"}]},{\"@type\":\"WebSite\",\"@id\":\"https:\\\/\\\/www.latilloleboienne.fr\\\/wordpress\\\/#website\",\"url\":\"https:\\\/\\\/www.latilloleboienne.fr\\\/wordpress\\\/\",\"name\":\"La Tillole Bo\u00efenne\",\"description\":\"La tradition nautique du Bassin d&#039;Arcachon\",\"publisher\":{\"@id\":\"https:\\\/\\\/www.latilloleboienne.fr\\\/wordpress\\\/#organization\"},\"potentialAction\":[{\"@type\":\"SearchAction\",\"target\":{\"@type\":\"EntryPoint\",\"urlTemplate\":\"https:\\\/\\\/www.latilloleboienne.fr\\\/wordpress\\\/?s={search_term_string}\"},\"query-input\":{\"@type\":\"PropertyValueSpecification\",\"valueRequired\":true,\"valueName\":\"search_term_string\"}}],\"inLanguage\":\"fr-FR\"},{\"@type\":\"Organization\",\"@id\":\"https:\\\/\\\/www.latilloleboienne.fr\\\/wordpress\\\/#organization\",\"name\":\"Association La Tillole Bo\u00efenne\",\"url\":\"https:\\\/\\\/www.latilloleboienne.fr\\\/wordpress\\\/\",\"logo\":{\"@type\":\"ImageObject\",\"inLanguage\":\"fr-FR\",\"@id\":\"https:\\\/\\\/www.latilloleboienne.fr\\\/wordpress\\\/#\\\/schema\\\/logo\\\/image\\\/\",\"url\":\"https:\\\/\\\/www.latilloleboienne.fr\\\/wordpress\\\/wp-content\\\/uploads\\\/2022\\\/05\\\/Logo-Rond-La-Tillole-Boienne.png\",\"contentUrl\":\"https:\\\/\\\/www.latilloleboienne.fr\\\/wordpress\\\/wp-content\\\/uploads\\\/2022\\\/05\\\/Logo-Rond-La-Tillole-Boienne.png\",\"width\":162,\"height\":160,\"caption\":\"Association La Tillole Bo\u00efenne\"},\"image\":{\"@id\":\"https:\\\/\\\/www.latilloleboienne.fr\\\/wordpress\\\/#\\\/schema\\\/logo\\\/image\\\/\"}}]}<\/script>\n<!-- \/ Yoast SEO plugin. -->","yoast_head_json":{"title":"Notre histoire - La Tillole Bo\u00efenne","description":"Rejet\u00e9e par l\u2019association des ports, l'\u00e9quipe de Pinasseyres d\u00e9cide de prendre la responsabilit\u00e9 de la pinasse \u00e0 voile \u00ab La Bo\u00efenne \u00bb en se lan\u00e7ant dans la cr\u00e9ation de l'association pour continuer l\u2019aventure.","robots":{"index":"index","follow":"follow","max-snippet":"max-snippet:-1","max-image-preview":"max-image-preview:large","max-video-preview":"max-video-preview:-1"},"canonical":"https:\/\/www.latilloleboienne.fr\/wordpress\/notre-histoire\/","og_locale":"fr_FR","og_type":"article","og_title":"Notre histoire - La Tillole Bo\u00efenne","og_description":"Rejet\u00e9e par l\u2019association des ports, l'\u00e9quipe de Pinasseyres d\u00e9cide de prendre la responsabilit\u00e9 de la pinasse \u00e0 voile \u00ab La Bo\u00efenne \u00bb en se lan\u00e7ant dans la cr\u00e9ation de l'association pour continuer l\u2019aventure.","og_url":"https:\/\/www.latilloleboienne.fr\/wordpress\/notre-histoire\/","og_site_name":"La Tillole Bo\u00efenne","article_modified_time":"2022-06-09T15:52:24+00:00","twitter_card":"summary_large_image","twitter_misc":{"Dur\u00e9e de lecture estim\u00e9e":"1 minute"},"schema":{"@context":"https:\/\/schema.org","@graph":[{"@type":"WebPage","@id":"https:\/\/www.latilloleboienne.fr\/wordpress\/notre-histoire\/","url":"https:\/\/www.latilloleboienne.fr\/wordpress\/notre-histoire\/","name":"Notre histoire - La Tillole Bo\u00efenne","isPartOf":{"@id":"https:\/\/www.latilloleboienne.fr\/wordpress\/#website"},"datePublished":"2017-05-19T07:38:11+00:00","dateModified":"2022-06-09T15:52:24+00:00","description":"Rejet\u00e9e par l\u2019association des ports, l'\u00e9quipe de Pinasseyres d\u00e9cide de prendre la responsabilit\u00e9 de la pinasse \u00e0 voile \u00ab La Bo\u00efenne \u00bb en se lan\u00e7ant dans la cr\u00e9ation de l'association pour continuer l\u2019aventure.","breadcrumb":{"@id":"https:\/\/www.latilloleboienne.fr\/wordpress\/notre-histoire\/#breadcrumb"},"inLanguage":"fr-FR","potentialAction":[{"@type":"ReadAction","target":["https:\/\/www.latilloleboienne.fr\/wordpress\/notre-histoire\/"]}]},{"@type":"BreadcrumbList","@id":"https:\/\/www.latilloleboienne.fr\/wordpress\/notre-histoire\/#breadcrumb","itemListElement":[{"@type":"ListItem","position":1,"name":"Accueil","item":"https:\/\/www.latilloleboienne.fr\/wordpress\/"},{"@type":"ListItem","position":2,"name":"Notre histoire"}]},{"@type":"WebSite","@id":"https:\/\/www.latilloleboienne.fr\/wordpress\/#website","url":"https:\/\/www.latilloleboienne.fr\/wordpress\/","name":"La Tillole Bo\u00efenne","description":"La tradition nautique du Bassin d&#039;Arcachon","publisher":{"@id":"https:\/\/www.latilloleboienne.fr\/wordpress\/#organization"},"potentialAction":[{"@type":"SearchAction","target":{"@type":"EntryPoint","urlTemplate":"https:\/\/www.latilloleboienne.fr\/wordpress\/?s={search_term_string}"},"query-input":{"@type":"PropertyValueSpecification","valueRequired":true,"valueName":"search_term_string"}}],"inLanguage":"fr-FR"},{"@type":"Organization","@id":"https:\/\/www.latilloleboienne.fr\/wordpress\/#organization","name":"Association La Tillole Bo\u00efenne","url":"https:\/\/www.latilloleboienne.fr\/wordpress\/","logo":{"@type":"ImageObject","inLanguage":"fr-FR","@id":"https:\/\/www.latilloleboienne.fr\/wordpress\/#\/schema\/logo\/image\/","url":"https:\/\/www.latilloleboienne.fr\/wordpress\/wp-content\/uploads\/2022\/05\/Logo-Rond-La-Tillole-Boienne.png","contentUrl":"https:\/\/www.latilloleboienne.fr\/wordpress\/wp-content\/uploads\/2022\/05\/Logo-Rond-La-Tillole-Boienne.png","width":162,"height":160,"caption":"Association La Tillole Bo\u00efenne"},"image":{"@id":"https:\/\/www.latilloleboienne.fr\/wordpress\/#\/schema\/logo\/image\/"}}]}},"_links":{"self":[{"href":"https:\/\/www.latilloleboienne.fr\/wordpress\/wp-json\/wp\/v2\/pages\/116","targetHints":{"allow":["GET"]}}],"collection":[{"href":"https:\/\/www.latilloleboienne.fr\/wordpress\/wp-json\/wp\/v2\/pages"}],"about":[{"href":"https:\/\/www.latilloleboienne.fr\/wordpress\/wp-json\/wp\/v2\/types\/page"}],"author":[{"embeddable":true,"href":"https:\/\/www.latilloleboienne.fr\/wordpress\/wp-json\/wp\/v2\/users\/1"}],"replies":[{"embeddable":true,"href":"https:\/\/www.latilloleboienne.fr\/wordpress\/wp-json\/wp\/v2\/comments?post=116"}],"version-history":[{"count":3,"href":"https:\/\/www.latilloleboienne.fr\/wordpress\/wp-json\/wp\/v2\/pages\/116\/revisions"}],"predecessor-version":[{"id":207,"href":"https:\/\/www.latilloleboienne.fr\/wordpress\/wp-json\/wp\/v2\/pages\/116\/revisions\/207"}],"wp:attachment":[{"href":"https:\/\/www.latilloleboienne.fr\/wordpress\/wp-json\/wp\/v2\/media?parent=116"}],"curies":[{"name":"wp","href":"https:\/\/api.w.org\/{rel}","templated":true}]}}