{"id":107,"date":"2017-05-18T17:46:43","date_gmt":"2017-05-18T15:46:43","guid":{"rendered":"http:\/\/www.latilloleboienne.fr\/wordpress\/?page_id=107"},"modified":"2026-02-26T15:43:16","modified_gmt":"2026-02-26T13:43:16","slug":"photos","status":"publish","type":"page","link":"https:\/\/www.latilloleboienne.fr\/wordpress\/activites\/photos\/","title":{"rendered":"Photos"},"content":{"rendered":"<p>Un merci particulier au <strong>photo club<\/strong> pour la couverture de la r\u00e9gate des Maires 2008.<\/p>\n<p>Un grand merci \u00e0 <strong>H\u00e9l\u00e8ne<\/strong> de toutes les sorties sans oublier <strong>Jean-Pierre<\/strong> pour tous ces souvenirs&#8230;<\/p>\n<p>Merci \u00e0 cet audengeois passionn\u00e9 de photographie qui couvre la plupart des r\u00e9gates de pinasse \u00e0 voile, <strong>G\u00e9rard Thiry<\/strong>, qui partagent ses clich\u00e9s apr\u00e8s chaque \u00e9v\u00e9nement.<\/p>\n<h1>Photos par ann\u00e9e :<\/h1>\n<ul>\n<li><a href=\"https:\/\/www.latilloleboienne.fr\/wordpress\/2026-2\/\">2026<\/a><\/li>\n<li><a href=\"https:\/\/www.latilloleboienne.fr\/wordpress\/activites\/photos\/2025-2\/\">2025<\/a><\/li>\n<li><a href=\"https:\/\/www.latilloleboienne.fr\/wordpress\/activites\/photos\/2024-2\/\">2024<\/a><\/li>\n<li><a href=\"https:\/\/www.latilloleboienne.fr\/wordpress\/activites\/photos\/2023-2\/\">2023<\/a><\/li>\n<li><a href=\"https:\/\/www.latilloleboienne.fr\/wordpress\/activites\/photos\/2022-2\/\">2022<\/a><\/li>\n<li><a href=\"https:\/\/www.latilloleboienne.fr\/wordpress\/activites\/photos\/2021-2\/\">2021<\/a><\/li>\n<li><a href=\"https:\/\/www.latilloleboienne.fr\/wordpress\/activites\/photos\/2019-2\/\">2019<\/a><\/li>\n<li><a href=\"https:\/\/www.latilloleboienne.fr\/wordpress\/activites\/photos\/2018-2\/\">2018<\/a><\/li>\n<li><a href=\"https:\/\/www.latilloleboienne.fr\/wordpress\/activites\/photos\/2017-2\/\">2017<\/a><\/li>\n<li><a href=\"https:\/\/www.latilloleboienne.fr\/wordpress\/activites\/photos\/2016-2\/\">2016<\/a><\/li>\n<li><a href=\"https:\/\/www.latilloleboienne.fr\/wordpress\/activites\/photos\/2015-2\/\">2015<\/a><\/li>\n<li><a href=\"https:\/\/www.latilloleboienne.fr\/wordpress\/activites\/photos\/2014-2\/\">2014<\/a><\/li>\n<li><a href=\"https:\/\/www.latilloleboienne.fr\/wordpress\/activites\/photos\/2013-2\/\">2013<\/a><\/li>\n<li><a href=\"https:\/\/www.latilloleboienne.fr\/wordpress\/activites\/photos\/2012-2\/\">2012<\/a><\/li>\n<li><a href=\"https:\/\/www.latilloleboienne.fr\/wordpress\/activites\/photos\/2011-2\/\">2011<\/a><\/li>\n<li><a href=\"https:\/\/www.latilloleboienne.fr\/wordpress\/activites\/photos\/2010-2\/\">2010<\/a><\/li>\n<li><a href=\"https:\/\/www.latilloleboienne.fr\/wordpress\/activites\/photos\/2009-2\/\">2009<\/a><\/li>\n<li><a href=\"https:\/\/www.latilloleboienne.fr\/wordpress\/activites\/photos\/regate-des-maires\/\">2008<\/a><\/li>\n<li><a href=\"https:\/\/www.latilloleboienne.fr\/wordpress\/activites\/photos\/2007-2\/\">2007<\/a><\/li>\n<li><a href=\"https:\/\/www.latilloleboienne.fr\/wordpress\/activites\/photos\/2006-2\/\">2006<\/a><\/li>\n<\/ul>\n\n\n<p><\/p>\n","protected":false},"excerpt":{"rendered":"<p>Un merci particulier au photo club pour la couverture de la r\u00e9gate des Maires 2008. Un grand merci \u00e0 H\u00e9l\u00e8ne de toutes les sorties sans oublier Jean-Pierre pour tous ces souvenirs&#8230; Merci \u00e0 cet audengeois passionn\u00e9 de photographie qui couvre &hellip; <a href=\"https:\/\/www.latilloleboienne.fr\/wordpress\/activites\/photos\/\">Continuer la lecture <span class=\"meta-nav\">&rarr;<\/span><\/a><\/p>\n","protected":false},"author":1,"featured_media":270,"parent":2405,"menu_order":20,"comment_status":"closed","ping_status":"closed","template":"","meta":{"footnotes":""},"class_list":["post-107","page","type-page","status-publish","has-post-thumbnail","hentry"],"yoast_head":"<!-- This site is optimized with the Yoast SEO plugin v27.4 - https:\/\/yoast.com\/product\/yoast-seo-wordpress\/ -->\n<title>Photos - La Tillole Bo\u00efenne<\/title>\n<meta name=\"description\" content=\"Remerciements pour les g\u00e9n\u00e9reux photographes contributeurs qui nous ont offert leurs meilleurs clich\u00e9s sur terre et mer.\" \/>\n<meta name=\"robots\" content=\"index, follow, max-snippet:-1, max-image-preview:large, max-video-preview:-1\" \/>\n<link rel=\"canonical\" href=\"https:\/\/www.latilloleboienne.fr\/wordpress\/activites\/photos\/\" \/>\n<meta property=\"og:locale\" content=\"fr_FR\" \/>\n<meta property=\"og:type\" content=\"article\" \/>\n<meta property=\"og:title\" content=\"Photos - La Tillole Bo\u00efenne\" \/>\n<meta property=\"og:description\" content=\"Remerciements pour les g\u00e9n\u00e9reux photographes contributeurs qui nous ont offert leurs meilleurs clich\u00e9s sur terre et mer.\" \/>\n<meta property=\"og:url\" content=\"https:\/\/www.latilloleboienne.fr\/wordpress\/activites\/photos\/\" \/>\n<meta property=\"og:site_name\" content=\"La Tillole Bo\u00efenne\" \/>\n<meta property=\"article:modified_time\" content=\"2026-02-26T13:43:16+00:00\" \/>\n<meta property=\"og:image\" content=\"https:\/\/www.latilloleboienne.fr\/wordpress\/wp-content\/uploads\/2017\/05\/Photo1-e1495219388386.jpg\" \/>\n\t<meta property=\"og:image:width\" content=\"1920\" \/>\n\t<meta property=\"og:image:height\" content=\"537\" \/>\n\t<meta property=\"og:image:type\" content=\"image\/jpeg\" \/>\n<meta name=\"twitter:card\" content=\"summary_large_image\" \/>\n<meta name=\"twitter:label1\" content=\"Dur\u00e9e de lecture estim\u00e9e\" \/>\n\t<meta name=\"twitter:data1\" content=\"1 minute\" \/>\n<script type=\"application\/ld+json\" class=\"yoast-schema-graph\">{\"@context\":\"https:\\\/\\\/schema.org\",\"@graph\":[{\"@type\":\"WebPage\",\"@id\":\"https:\\\/\\\/www.latilloleboienne.fr\\\/wordpress\\\/activites\\\/photos\\\/\",\"url\":\"https:\\\/\\\/www.latilloleboienne.fr\\\/wordpress\\\/activites\\\/photos\\\/\",\"name\":\"Photos - La Tillole Bo\u00efenne\",\"isPartOf\":{\"@id\":\"https:\\\/\\\/www.latilloleboienne.fr\\\/wordpress\\\/#website\"},\"primaryImageOfPage\":{\"@id\":\"https:\\\/\\\/www.latilloleboienne.fr\\\/wordpress\\\/activites\\\/photos\\\/#primaryimage\"},\"image\":{\"@id\":\"https:\\\/\\\/www.latilloleboienne.fr\\\/wordpress\\\/activites\\\/photos\\\/#primaryimage\"},\"thumbnailUrl\":\"https:\\\/\\\/www.latilloleboienne.fr\\\/wordpress\\\/wp-content\\\/uploads\\\/2017\\\/05\\\/Photo1-e1495219388386.jpg\",\"datePublished\":\"2017-05-18T15:46:43+00:00\",\"dateModified\":\"2026-02-26T13:43:16+00:00\",\"description\":\"Remerciements pour les g\u00e9n\u00e9reux photographes contributeurs qui nous ont offert leurs meilleurs clich\u00e9s sur terre et mer.\",\"breadcrumb\":{\"@id\":\"https:\\\/\\\/www.latilloleboienne.fr\\\/wordpress\\\/activites\\\/photos\\\/#breadcrumb\"},\"inLanguage\":\"fr-FR\",\"potentialAction\":[{\"@type\":\"ReadAction\",\"target\":[\"https:\\\/\\\/www.latilloleboienne.fr\\\/wordpress\\\/activites\\\/photos\\\/\"]}]},{\"@type\":\"ImageObject\",\"inLanguage\":\"fr-FR\",\"@id\":\"https:\\\/\\\/www.latilloleboienne.fr\\\/wordpress\\\/activites\\\/photos\\\/#primaryimage\",\"url\":\"https:\\\/\\\/www.latilloleboienne.fr\\\/wordpress\\\/wp-content\\\/uploads\\\/2017\\\/05\\\/Photo1-e1495219388386.jpg\",\"contentUrl\":\"https:\\\/\\\/www.latilloleboienne.fr\\\/wordpress\\\/wp-content\\\/uploads\\\/2017\\\/05\\\/Photo1-e1495219388386.jpg\",\"width\":1920,\"height\":537},{\"@type\":\"BreadcrumbList\",\"@id\":\"https:\\\/\\\/www.latilloleboienne.fr\\\/wordpress\\\/activites\\\/photos\\\/#breadcrumb\",\"itemListElement\":[{\"@type\":\"ListItem\",\"position\":1,\"name\":\"Accueil\",\"item\":\"https:\\\/\\\/www.latilloleboienne.fr\\\/wordpress\\\/\"},{\"@type\":\"ListItem\",\"position\":2,\"name\":\"Activit\u00e9s\",\"item\":\"https:\\\/\\\/www.latilloleboienne.fr\\\/wordpress\\\/activites\\\/\"},{\"@type\":\"ListItem\",\"position\":3,\"name\":\"Photos\"}]},{\"@type\":\"WebSite\",\"@id\":\"https:\\\/\\\/www.latilloleboienne.fr\\\/wordpress\\\/#website\",\"url\":\"https:\\\/\\\/www.latilloleboienne.fr\\\/wordpress\\\/\",\"name\":\"La Tillole Bo\u00efenne\",\"description\":\"La tradition nautique du Bassin d&#039;Arcachon\",\"publisher\":{\"@id\":\"https:\\\/\\\/www.latilloleboienne.fr\\\/wordpress\\\/#organization\"},\"potentialAction\":[{\"@type\":\"SearchAction\",\"target\":{\"@type\":\"EntryPoint\",\"urlTemplate\":\"https:\\\/\\\/www.latilloleboienne.fr\\\/wordpress\\\/?s={search_term_string}\"},\"query-input\":{\"@type\":\"PropertyValueSpecification\",\"valueRequired\":true,\"valueName\":\"search_term_string\"}}],\"inLanguage\":\"fr-FR\"},{\"@type\":\"Organization\",\"@id\":\"https:\\\/\\\/www.latilloleboienne.fr\\\/wordpress\\\/#organization\",\"name\":\"Association La Tillole Bo\u00efenne\",\"url\":\"https:\\\/\\\/www.latilloleboienne.fr\\\/wordpress\\\/\",\"logo\":{\"@type\":\"ImageObject\",\"inLanguage\":\"fr-FR\",\"@id\":\"https:\\\/\\\/www.latilloleboienne.fr\\\/wordpress\\\/#\\\/schema\\\/logo\\\/image\\\/\",\"url\":\"https:\\\/\\\/www.latilloleboienne.fr\\\/wordpress\\\/wp-content\\\/uploads\\\/2022\\\/05\\\/Logo-Rond-La-Tillole-Boienne.png\",\"contentUrl\":\"https:\\\/\\\/www.latilloleboienne.fr\\\/wordpress\\\/wp-content\\\/uploads\\\/2022\\\/05\\\/Logo-Rond-La-Tillole-Boienne.png\",\"width\":162,\"height\":160,\"caption\":\"Association La Tillole Bo\u00efenne\"},\"image\":{\"@id\":\"https:\\\/\\\/www.latilloleboienne.fr\\\/wordpress\\\/#\\\/schema\\\/logo\\\/image\\\/\"}}]}<\/script>\n<!-- \/ Yoast SEO plugin. -->","yoast_head_json":{"title":"Photos - La Tillole Bo\u00efenne","description":"Remerciements pour les g\u00e9n\u00e9reux photographes contributeurs qui nous ont offert leurs meilleurs clich\u00e9s sur terre et mer.","robots":{"index":"index","follow":"follow","max-snippet":"max-snippet:-1","max-image-preview":"max-image-preview:large","max-video-preview":"max-video-preview:-1"},"canonical":"https:\/\/www.latilloleboienne.fr\/wordpress\/activites\/photos\/","og_locale":"fr_FR","og_type":"article","og_title":"Photos - La Tillole Bo\u00efenne","og_description":"Remerciements pour les g\u00e9n\u00e9reux photographes contributeurs qui nous ont offert leurs meilleurs clich\u00e9s sur terre et mer.","og_url":"https:\/\/www.latilloleboienne.fr\/wordpress\/activites\/photos\/","og_site_name":"La Tillole Bo\u00efenne","article_modified_time":"2026-02-26T13:43:16+00:00","og_image":[{"width":1920,"height":537,"url":"https:\/\/www.latilloleboienne.fr\/wordpress\/wp-content\/uploads\/2017\/05\/Photo1-e1495219388386.jpg","type":"image\/jpeg"}],"twitter_card":"summary_large_image","twitter_misc":{"Dur\u00e9e de lecture estim\u00e9e":"1 minute"},"schema":{"@context":"https:\/\/schema.org","@graph":[{"@type":"WebPage","@id":"https:\/\/www.latilloleboienne.fr\/wordpress\/activites\/photos\/","url":"https:\/\/www.latilloleboienne.fr\/wordpress\/activites\/photos\/","name":"Photos - La Tillole Bo\u00efenne","isPartOf":{"@id":"https:\/\/www.latilloleboienne.fr\/wordpress\/#website"},"primaryImageOfPage":{"@id":"https:\/\/www.latilloleboienne.fr\/wordpress\/activites\/photos\/#primaryimage"},"image":{"@id":"https:\/\/www.latilloleboienne.fr\/wordpress\/activites\/photos\/#primaryimage"},"thumbnailUrl":"https:\/\/www.latilloleboienne.fr\/wordpress\/wp-content\/uploads\/2017\/05\/Photo1-e1495219388386.jpg","datePublished":"2017-05-18T15:46:43+00:00","dateModified":"2026-02-26T13:43:16+00:00","description":"Remerciements pour les g\u00e9n\u00e9reux photographes contributeurs qui nous ont offert leurs meilleurs clich\u00e9s sur terre et mer.","breadcrumb":{"@id":"https:\/\/www.latilloleboienne.fr\/wordpress\/activites\/photos\/#breadcrumb"},"inLanguage":"fr-FR","potentialAction":[{"@type":"ReadAction","target":["https:\/\/www.latilloleboienne.fr\/wordpress\/activites\/photos\/"]}]},{"@type":"ImageObject","inLanguage":"fr-FR","@id":"https:\/\/www.latilloleboienne.fr\/wordpress\/activites\/photos\/#primaryimage","url":"https:\/\/www.latilloleboienne.fr\/wordpress\/wp-content\/uploads\/2017\/05\/Photo1-e1495219388386.jpg","contentUrl":"https:\/\/www.latilloleboienne.fr\/wordpress\/wp-content\/uploads\/2017\/05\/Photo1-e1495219388386.jpg","width":1920,"height":537},{"@type":"BreadcrumbList","@id":"https:\/\/www.latilloleboienne.fr\/wordpress\/activites\/photos\/#breadcrumb","itemListElement":[{"@type":"ListItem","position":1,"name":"Accueil","item":"https:\/\/www.latilloleboienne.fr\/wordpress\/"},{"@type":"ListItem","position":2,"name":"Activit\u00e9s","item":"https:\/\/www.latilloleboienne.fr\/wordpress\/activites\/"},{"@type":"ListItem","position":3,"name":"Photos"}]},{"@type":"WebSite","@id":"https:\/\/www.latilloleboienne.fr\/wordpress\/#website","url":"https:\/\/www.latilloleboienne.fr\/wordpress\/","name":"La Tillole Bo\u00efenne","description":"La tradition nautique du Bassin d&#039;Arcachon","publisher":{"@id":"https:\/\/www.latilloleboienne.fr\/wordpress\/#organization"},"potentialAction":[{"@type":"SearchAction","target":{"@type":"EntryPoint","urlTemplate":"https:\/\/www.latilloleboienne.fr\/wordpress\/?s={search_term_string}"},"query-input":{"@type":"PropertyValueSpecification","valueRequired":true,"valueName":"search_term_string"}}],"inLanguage":"fr-FR"},{"@type":"Organization","@id":"https:\/\/www.latilloleboienne.fr\/wordpress\/#organization","name":"Association La Tillole Bo\u00efenne","url":"https:\/\/www.latilloleboienne.fr\/wordpress\/","logo":{"@type":"ImageObject","inLanguage":"fr-FR","@id":"https:\/\/www.latilloleboienne.fr\/wordpress\/#\/schema\/logo\/image\/","url":"https:\/\/www.latilloleboienne.fr\/wordpress\/wp-content\/uploads\/2022\/05\/Logo-Rond-La-Tillole-Boienne.png","contentUrl":"https:\/\/www.latilloleboienne.fr\/wordpress\/wp-content\/uploads\/2022\/05\/Logo-Rond-La-Tillole-Boienne.png","width":162,"height":160,"caption":"Association La Tillole Bo\u00efenne"},"image":{"@id":"https:\/\/www.latilloleboienne.fr\/wordpress\/#\/schema\/logo\/image\/"}}]}},"_links":{"self":[{"href":"https:\/\/www.latilloleboienne.fr\/wordpress\/wp-json\/wp\/v2\/pages\/107","targetHints":{"allow":["GET"]}}],"collection":[{"href":"https:\/\/www.latilloleboienne.fr\/wordpress\/wp-json\/wp\/v2\/pages"}],"about":[{"href":"https:\/\/www.latilloleboienne.fr\/wordpress\/wp-json\/wp\/v2\/types\/page"}],"author":[{"embeddable":true,"href":"https:\/\/www.latilloleboienne.fr\/wordpress\/wp-json\/wp\/v2\/users\/1"}],"replies":[{"embeddable":true,"href":"https:\/\/www.latilloleboienne.fr\/wordpress\/wp-json\/wp\/v2\/comments?post=107"}],"version-history":[{"count":12,"href":"https:\/\/www.latilloleboienne.fr\/wordpress\/wp-json\/wp\/v2\/pages\/107\/revisions"}],"predecessor-version":[{"id":5502,"href":"https:\/\/www.latilloleboienne.fr\/wordpress\/wp-json\/wp\/v2\/pages\/107\/revisions\/5502"}],"up":[{"embeddable":true,"href":"https:\/\/www.latilloleboienne.fr\/wordpress\/wp-json\/wp\/v2\/pages\/2405"}],"wp:featuredmedia":[{"embeddable":true,"href":"https:\/\/www.latilloleboienne.fr\/wordpress\/wp-json\/wp\/v2\/media\/270"}],"wp:attachment":[{"href":"https:\/\/www.latilloleboienne.fr\/wordpress\/wp-json\/wp\/v2\/media?parent=107"}],"curies":[{"name":"wp","href":"https:\/\/api.w.org\/{rel}","templated":true}]}}